{"id":36735,"date":"2019-06-21T00:00:00","date_gmt":"2019-06-20T23:00:00","guid":{"rendered":"https:\/\/www.grappa.no\/no\/albums\/ukategorisert\/dalen\/"},"modified":"2019-08-02T15:00:08","modified_gmt":"2019-08-02T14:00:08","slug":"dalen","status":"publish","type":"product","link":"https:\/\/grappa.no\/no\/albums\/heilo\/dalen\/","title":{"rendered":"Dalen"},"content":{"rendered":"<p><\/p>\n<p>Eit etterlengta prosjekt fr\u00e5 meritert folkesongar<\/p>\n<p>Mari Midtli reknas i en alder av 22 \u00e5r som ein av dei fremste ut\u00f8varane av vokal folkemusikk i Noreg. Hennar framifr\u00e5 formidling og n\u00e6rvere framkallar fort frysningar og har gjort sitt til at ho har vunne Landskappleiken (vokal klasse B) to gonger og hausta ei rekkje prisar. No kjem hennar f\u00f8rste soloplate p\u00e5 Heilo. \u201dDalen\u201d best\u00e5r av Mari Midtlis favorittsongar fr\u00e5 n\u00e6re kjelder i Gudbrandsdalen.<br \/>\nPlata lanserast p\u00e5 heimebane med konsert heime p\u00e5 L\u00e5ven p\u00e5 Sel 22. juni, og med ein eigen konsert under Landskappleiken i V\u00e5g\u00e5, 28 juni.<\/p>\n<p><!--more--><\/p>\n<p>Mari Midtli reknas i en alder av 22 \u00e5r som ein av dei fremste ut\u00f8varane av vokal folkemusikk i Noreg. Hennar framifr\u00e5 formidling og n\u00e6rvere framkallar fort frysningar og har gjort sitt til at ho har vunne Landskappleiken (vokal klasse B) to gonger og hausta ei rekkje prisar. No kjem hennar f\u00f8rste soloplate p\u00e5 Heilo. \u201dDalen\u201d best\u00e5r av Mari Midtlis favorittsongar fr\u00e5 n\u00e6re kjelder i Gudbrandsdalen.<\/p>\n<h4>Vokalmusikk fr\u00e5 Gudbrandsdalen<\/h4>\n<p>Vokalmusikken i Gudbrandsdalen har vore ein g\u00f8ymd skatt i mange \u00e5r. Nesten ingen har brukt den. Mari har derfor dei siste \u00e5ra jobba med \u00e5 finne fram gamalt vokalmateriale, og har etter kvart opparbeidd seg eit breitt repertoar. Ho har g\u00e5tt i l\u00e6re hj\u00e5 Camilla Granlien, ein av dei f\u00e5 andre vokalut\u00f8varane som ut\u00f8ver tradisjonen fr\u00e5 Gudbrandsdalen, og hatt mange m\u00f8ter med den store kjelda Jarnfrid Kj\u00f8k. \u201dDalen\u201d best\u00e5r av repertoar som ho har etter desse toneangivande l\u00e6rarane, og songar og sl\u00e5ttar som Mari har gravd fram fr\u00e5 arkivopptak og nedskrivingar. <\/p>\n<p>Sj\u00f8lv om materialet botnar i meir eller mindre gamle kjelder, er Maris formidling alt anna enn gammalmodig. Songen er det b\u00e6rande p\u00e5 albumet og hennar klokkeklare stemme og friske arrangement spelt av Andreas Bj\u00f8rk\u00e5s (feler) og Vegard Moshagen (tr\u00f8orgel), gjer dette til ei plate til \u00e5 bli r\u00f8yrt og glad av.  Plata er kalla opp etter Maris favoritt-felesl\u00e5tt \u201dDalen\u201d, som p\u00e5 plata blir framf\u00f8rd med sl\u00e5ttetralling. Den er ei hylling til tradisjonsmusikken fr\u00e5 Gudbrandsdalen og dei som har f\u00f8rd den vidare, der ho f\u00f8yer seg inn som ein verdig arvtakar.<\/p>\n<h4>Om Mari Midtli<\/h4>\n<p>Mari Midtli byrja \u00e5 spele fele som 6-\u00e5ring, og etter kvart voks \u00f2g interessa for folkesong. Ho har vore solist med TrondheimSolistene og KORK ved fleire h\u00f8ve, i tillegg har ho blant anna samarbeidt med Aslak Brimi, Mads Erik Odde og Bj\u00f8rn K\u00e5re Odde. Ho er utdanna ved Ole Bull Akademiet p\u00e5 Voss. Mari har vunne ei rekkje prisa, forutan ein dr\u00f8ss topplasseringer p\u00e5 Landskappleiken kan nemnast Toneprisen i 2015, Peer-Gynts Talentpris, DNB\u2019s Talentstipend, Fureprisen og Furestipendet 3 \u00e5r p\u00e5 rad.<\/p>\n<h4><\/h4>\n<\/p>\n<p><\/p>","protected":false},"excerpt":{"rendered":"<p>Soloplate fr\u00e5 ein av dei fremste ut\u00f8varane av vokal folkemusikk i Noreg<\/p>\n","protected":false},"featured_media":36737,"comment_status":"closed","ping_status":"open","template":"","meta":[],"product_brand":[],"product_cat":[35],"product_tag":[],"class_list":{"0":"post-36735","1":"product","2":"type-product","3":"status-publish","4":"has-post-thumbnail","6":"product_cat-heilo","7":"product_shipping_class-cddvd-shipping","8":"uni_artist_tag-andreas-bjorkas","9":"uni_artist_tag-berit-opheim","10":"uni_artist_tag-mari-midtli","11":"uni_artist_tag-trad-norwegian","12":"uni_artist_tag-vegard-moshagen","13":"uni_main_artist_tag-mari-midtli","14":"uni_artist_genre-folk-music","15":"uni_artist_genre-traditional","16":"uni_artist_genre-world-music","18":"first","19":"instock","20":"taxable","21":"shipping-taxable","22":"purchasable","23":"product-type-simple"},"_links":{"self":[{"href":"https:\/\/grappa.no\/no\/wp-json\/wp\/v2\/product\/36735","targetHints":{"allow":["GET"]}}],"collection":[{"href":"https:\/\/grappa.no\/no\/wp-json\/wp\/v2\/product"}],"about":[{"href":"https:\/\/grappa.no\/no\/wp-json\/wp\/v2\/types\/product"}],"replies":[{"embeddable":true,"href":"https:\/\/grappa.no\/no\/wp-json\/wp\/v2\/comments?post=36735"}],"wp:featuredmedia":[{"embeddable":true,"href":"https:\/\/grappa.no\/no\/wp-json\/wp\/v2\/media\/36737"}],"wp:attachment":[{"href":"https:\/\/grappa.no\/no\/wp-json\/wp\/v2\/media?parent=36735"}],"wp:term":[{"taxonomy":"product_brand","embeddable":true,"href":"https:\/\/grappa.no\/no\/wp-json\/wp\/v2\/product_brand?post=36735"},{"taxonomy":"product_cat","embeddable":true,"href":"https:\/\/grappa.no\/no\/wp-json\/wp\/v2\/product_cat?post=36735"},{"taxonomy":"product_tag","embeddable":true,"href":"https:\/\/grappa.no\/no\/wp-json\/wp\/v2\/product_tag?post=36735"}],"curies":[{"name":"wp","href":"https:\/\/api.w.org\/{rel}","templated":true}]}}