{"id":36734,"date":"2019-06-21T00:00:00","date_gmt":"2019-06-20T23:00:00","guid":{"rendered":"https:\/\/www.grappa.no\/no\/albums\/ukategorisert\/lystrup-pa-trekkspill\/"},"modified":"2019-09-11T12:41:51","modified_gmt":"2019-09-11T11:41:51","slug":"lystrup-pa-trekkspill","status":"publish","type":"product","link":"https:\/\/grappa.no\/no\/albums\/heilo\/lystrup-pa-trekkspill\/","title":{"rendered":"Lystrup p\u00e5 trekkspill"},"content":{"rendered":"<p><\/p>\n<p>Trekkspillmusikk i original innpaking<\/p>\n<p>Etter \u00e5 ha medvirket p\u00e5 rundt 70 album kommer den allsidige trekkspilleren Geir Otn\u00e6s n\u00e5 ut med sitt f\u00f8rste soloalbum \u00abLystrup p\u00e5 trekkspill\u00bb, som er dedikert til melodier skrevet av Geirr Lystrup. I forbindelse med plateslippet spiller Geir Otn\u00e6s konsert p\u00e5 Hamar kulturhus 24. juni, der Geirr Lystrup vil \u00e5pne med et par l\u00e5ter.<\/p>\n<p>Geir Otn\u00e6s har plukket ut sine favorittmelodier av Lystrup til dette albumet. Selv om melodimaterialet er rene og \u00abenkle\u00bb melodier, legger Otn\u00e6s\u2019 allsidige sjangerinnflytelse et sterkt preg p\u00e5 musikken. Som trekkspiller og sanger har Geir Otn\u00e6s v\u00e6rt innom mange forskjellige sjangere: Blues, rock, gammeldans, pop, diverse dansemusikk, folkemusikk, folk-rock, irsk, shanties, tex-mex, og ikke minst cajun- og zydeco-musikk fra Louisiana (to plater med Bygg Band).<\/p>\n<p><!--more--><\/p>\n<p>Etter \u00e5 ha medvirket p\u00e5 rundt 70 album kommer den allsidige trekkspilleren Geir Otn\u00e6s n\u00e5 ut med sitt f\u00f8rste soloalbum \u00abLystrup p\u00e5 trekkspill\u00bb, som er dedikert til melodier skrevet av Geirr Lystrup. I forbindelse med plateslippet spiller Geir Otn\u00e6s konsert p\u00e5 Hamar kulturhus 24. juni, der Geirr Lystrup vil \u00e5pne med et par l\u00e5ter.<\/p>\n<h4><\/h4>\n<p>Geir Otn\u00e6s har plukket ut sine favorittmelodier av Lystrup til dette albumet. Selv om melodimaterialet er rene og \u00abenkle\u00bb melodier, legger Otn\u00e6s\u2019 allsidige sjangerinnflytelse et sterkt preg p\u00e5 musikken. Som trekkspiller og sanger har Geir Otn\u00e6s v\u00e6rt innom mange forskjellige sjangere: Blues, rock, gammeldans, pop, diverse dansemusikk, folkemusikk, folk-rock, irsk, shanties, tex-mex, og ikke minst cajun- og zydeco-musikk fra Louisiana (to plater med Bygg Band).<\/p>\n<h4><\/h4>\n<h4><\/h4>\n<p><\/p>","protected":false},"excerpt":{"rendered":"<p>Sjangeroverskridende trekkspillmusikk<\/p>\n","protected":false},"featured_media":36746,"comment_status":"closed","ping_status":"closed","template":"","meta":[],"product_brand":[],"product_cat":[35],"product_tag":[],"class_list":{"0":"post-36734","1":"product","2":"type-product","3":"status-publish","4":"has-post-thumbnail","6":"product_cat-heilo","7":"product_shipping_class-cddvd-shipping","8":"uni_artist_tag-asmund-snortheim","9":"uni_artist_tag-borre-flyen","10":"uni_artist_tag-geir-otnaes","11":"uni_artist_tag-geirr-lystrup","12":"uni_artist_tag-hege-rimestad","13":"uni_artist_tag-marianne-tomasgard","14":"uni_artist_tag-ornulv-snortheim","15":"uni_artist_tag-siri-snortheim","16":"uni_main_artist_tag-geir-otnaes","17":"uni_artist_genre-folk-music","18":"uni_artist_genre-instrumental","19":"uni_artist_genre-traditional","21":"first","22":"instock","23":"taxable","24":"shipping-taxable","25":"purchasable","26":"product-type-simple"},"_links":{"self":[{"href":"https:\/\/grappa.no\/no\/wp-json\/wp\/v2\/product\/36734","targetHints":{"allow":["GET"]}}],"collection":[{"href":"https:\/\/grappa.no\/no\/wp-json\/wp\/v2\/product"}],"about":[{"href":"https:\/\/grappa.no\/no\/wp-json\/wp\/v2\/types\/product"}],"replies":[{"embeddable":true,"href":"https:\/\/grappa.no\/no\/wp-json\/wp\/v2\/comments?post=36734"}],"wp:featuredmedia":[{"embeddable":true,"href":"https:\/\/grappa.no\/no\/wp-json\/wp\/v2\/media\/36746"}],"wp:attachment":[{"href":"https:\/\/grappa.no\/no\/wp-json\/wp\/v2\/media?parent=36734"}],"wp:term":[{"taxonomy":"product_brand","embeddable":true,"href":"https:\/\/grappa.no\/no\/wp-json\/wp\/v2\/product_brand?post=36734"},{"taxonomy":"product_cat","embeddable":true,"href":"https:\/\/grappa.no\/no\/wp-json\/wp\/v2\/product_cat?post=36734"},{"taxonomy":"product_tag","embeddable":true,"href":"https:\/\/grappa.no\/no\/wp-json\/wp\/v2\/product_tag?post=36734"}],"curies":[{"name":"wp","href":"https:\/\/api.w.org\/{rel}","templated":true}]}}