{"id":36728,"date":"2019-06-07T00:00:00","date_gmt":"2019-06-06T23:00:00","guid":{"rendered":"https:\/\/www.grappa.no\/no\/albums\/ukategorisert\/hustle-flow\/"},"modified":"2020-08-21T08:56:17","modified_gmt":"2020-08-21T07:56:17","slug":"hustle-flow","status":"publish","type":"product","link":"https:\/\/grappa.no\/no\/albums\/blue-mood-records\/hustle-flow\/","title":{"rendered":"Hustle &amp; Flow"},"content":{"rendered":"<p><\/p>\n<p>Hustle &amp; Flow  Etter 10 \u00e5r med n\u00e5del\u00f8s turnering p\u00e5 st\u00f8vete landeveier, b\u00e5de nasjonalt og internasjonalt, er tiden endelig moden for et album med Back Porch Republic: Busk \u00b7 Eriksen \u00b7 Sj\u00f8str\u00f8m slipper Hustle &amp; Flow. Dette er blitt en deilig plate med l\u00e5ter om Stevie Ray Vaughan, svensk New Orleans-disco, hill country-ballader, kj\u00e6rlighet til brylkrem, morderiske tog, vrengtrommer, dype bukk til Snooks Eaglin, hvalsang, Santo &amp; Johnny bak rattet p\u00e5 vei s\u00f8rover, og kubansk tragedie. Vidar Busk, Daniel Eriksen og Stig Sj\u00f8str\u00f8m er Norges kanskje t\u00f8ffeste blues-combo. Vi snakker to av landets ledende bluesgitarister med trommer i ryggen som serverer hemningsl\u00f8s boogie, vintage rock &#8216;n&#8217; roll og dampende blues med mye tr\u00f8kk og humor.<\/p>\n<p><!--more--><\/p>\n<p>Etter 10 \u00e5r med n\u00e5del\u00f8s turnering p\u00e5 st\u00f8vete landeveier, b\u00e5de nasjonalt og internasjonalt, er tiden endelig moden for et album med Back Porch Republic: Busk \u00b7 Eriksen \u00b7 Sj\u00f8str\u00f8m slipper Hustle &amp; Flow.<\/p>\n<h4>Bluestradisjoner<\/h4>\n<p>\u2013 Dette er blitt en deilig plate med l\u00e5ter om Stevie Ray Vaughan, svensk New Orleans-disco, hill country-ballader, kj\u00e6rlighet til brylkrem, morderiske tog, vrengtrommer, dype bukk til Snooks Eaglin, hvalsang, Santo &amp; Johnny bak rattet p\u00e5 vei s\u00f8rover, og kubansk tragedie, forteller Daniel Eriksen om Hustle &amp; Flow.   Vidar Busk, Daniel Eriksen og Stig Sj\u00f8str\u00f8m er Norges kanskje t\u00f8ffeste blues-combo. Vi snakker to av landets ledende bluesgitarister med trommer i ryggen som serverer hemningsl\u00f8s boogie, vintage rock &#8216;n&#8217; roll og dampende blues med mye tr\u00f8kk og humor.  Trioen har spilt p\u00e5 kneiper og festivaler fra New Orleans, via Mississippi og til Memphis mange ganger, og musikken deres er dypt forankret i omr\u00e5dets bluestradisjoner, ispedd rock &#8216;n&#8217; roll og mardi gras-rytmer.<\/p>\n<h4><\/h4>\n<p><h4><\/h4>\n<\/p>\n<p><\/p>","protected":false},"excerpt":{"rendered":"<p>Etter 10 \u00e5r med n\u00e5del\u00f8s turnering p\u00e5 st\u00f8vete landeveier, b\u00e5de nasjonalt og internasjonalt, er tiden endelig moden for et album med Back Porch Republic: Busk \u00b7 Eriksen \u00b7 Sj\u00f8str\u00f8m<\/p>\n","protected":false},"featured_media":36731,"comment_status":"closed","ping_status":"open","template":"","meta":[],"product_brand":[],"product_cat":[51],"product_tag":[],"class_list":{"0":"post-36728","1":"product","2":"type-product","3":"status-publish","4":"has-post-thumbnail","6":"product_cat-blue-mood-records","7":"product_shipping_class-cddvd-shipping","8":"uni_artist_tag-anders-osborne","9":"uni_artist_tag-aron-neville","10":"uni_artist_tag-asie-payton","11":"uni_artist_tag-blair","12":"uni_artist_tag-charmaine-neville","13":"uni_artist_tag-daniel-eriksen","14":"uni_artist_tag-eric-kolb","15":"uni_artist_tag-hilde-marstrander","16":"uni_artist_tag-jimmie-vaughan","17":"uni_artist_tag-john-mooney","18":"uni_artist_tag-kelsey-smith","19":"uni_artist_tag-kyrre-fritzner","20":"uni_artist_tag-maria-moe","21":"uni_artist_tag-r-l-burnside","22":"uni_artist_tag-stig-sjostrom","23":"uni_artist_tag-trad","24":"uni_artist_tag-vidar-busk","25":"uni_main_artist_tag-vidar-busk","26":"uni_artist_genre-blues","27":"uni_artist_genre-rock","29":"first","30":"instock","31":"taxable","32":"shipping-taxable","33":"purchasable","34":"product-type-variable","35":"has-default-attributes"},"_links":{"self":[{"href":"https:\/\/grappa.no\/no\/wp-json\/wp\/v2\/product\/36728","targetHints":{"allow":["GET"]}}],"collection":[{"href":"https:\/\/grappa.no\/no\/wp-json\/wp\/v2\/product"}],"about":[{"href":"https:\/\/grappa.no\/no\/wp-json\/wp\/v2\/types\/product"}],"replies":[{"embeddable":true,"href":"https:\/\/grappa.no\/no\/wp-json\/wp\/v2\/comments?post=36728"}],"wp:featuredmedia":[{"embeddable":true,"href":"https:\/\/grappa.no\/no\/wp-json\/wp\/v2\/media\/36731"}],"wp:attachment":[{"href":"https:\/\/grappa.no\/no\/wp-json\/wp\/v2\/media?parent=36728"}],"wp:term":[{"taxonomy":"product_brand","embeddable":true,"href":"https:\/\/grappa.no\/no\/wp-json\/wp\/v2\/product_brand?post=36728"},{"taxonomy":"product_cat","embeddable":true,"href":"https:\/\/grappa.no\/no\/wp-json\/wp\/v2\/product_cat?post=36728"},{"taxonomy":"product_tag","embeddable":true,"href":"https:\/\/grappa.no\/no\/wp-json\/wp\/v2\/product_tag?post=36728"}],"curies":[{"name":"wp","href":"https:\/\/api.w.org\/{rel}","templated":true}]}}