{"id":36727,"date":"2019-05-31T00:00:00","date_gmt":"2019-05-30T23:00:00","guid":{"rendered":"https:\/\/www.grappa.no\/no\/albums\/ukategorisert\/sanger-om-kjaerlighet\/"},"modified":"2019-06-28T11:02:21","modified_gmt":"2019-06-28T10:02:21","slug":"sanger-om-kjaerlighet","status":"publish","type":"product","link":"https:\/\/grappa.no\/no\/albums\/grappa\/sanger-om-kjaerlighet\/","title":{"rendered":"Sanger om kj\u00e6rlighet"},"content":{"rendered":"<p><\/p>\n<p>Sanger om kj\u00e6rlighet<\/p>\n<p>Bj\u00f8lsen Valsem\u00f8lle slipper sitt niende studioalbum; en plate fullspekket av vakre melodier og politisk brodd. Det er snart 45 \u00e5r siden Trond Ingebretsen etablerte Bj\u00f8lsen Valsem\u00f8lle, og har i sin tid band preget norsk musikkhistorie med perler som \u00abV\u00e5lrenga Kjerke\u00bb, \u00abVaterlands Bru\u00bb og \u00abSoria Moria\u00bb. Bj\u00f8lsen Valsem\u00f8lle er p\u00e5 sitt nye album, som alltid, et band som opererer innenfor den politiske musikktradisjonen, men dette er ogs\u00e5 et album med sanger om kj\u00e6rlighet.P\u00e5 \u00abHorseid\u00bb, synger Ingebretsen om varig vern av Lofoten, Vester\u00e5len og Senja. \u00abLand snakker til himmelen\u00bb handler om stengte landegrenser. \u00abSkinnende elva\u00bb er en positiv hilsen og hyllest til hva Oslo har blitt, blant annet takket v\u00e6re ordf\u00f8rer Marianne Borgen og bystyreleder Raymond Johansen. \u00abRen fremmed\u00bb er en sang til de vanlige menneskene langs veiene i Amerika som inspirerte Trond da han var p\u00e5 sykkeltur der, og tittelsporet har en solidaritetstanke i b\u00e5nn. Der forteller Bj\u00f8lsen om en fyr som bare nekter \u00e5 gi opp. N\u00e5 er Ingebretsen, sammen med Leif Ottesen Lars Aas Hansen, Endre Christiansen og Even Finsrud klare med det splitter nye albumet Sanger om kj\u00e6rlighet.<\/p>\n<p><!--more--><\/p>\n<p>Bj\u00f8lsen Valsem\u00f8lle slipper sitt niende studioalbum; en plate fullspekket av vakre melodier og politisk brodd.<\/p>\n<h4>Politisk musikktradisjonen<\/h4>\n<p>Bj\u00f8lsen Valsem\u00f8lle er her, som alltid, et band som opererer innenfor den politiske musikktradisjonen. P\u00e5 \u00abHorseid\u00bb synger Ingebretsen om varig vern av Lofoten, Vester\u00e5len og Senja. \u00abDer land snakker til himmel\u2019n\u00bb handler om stengte landegrenser, og sender sammen med \u00abKjenne p\u00e5 hat\u00bb et par stikk mot Sylvi Listhaug. Men dette er ogs\u00e5 et album med sanger om kj\u00e6rlighet.<\/p>\n<p>\u2013 \u00abSkinnende elva\u00bb er en positiv hilsen og hyllest til hva Oslo har blitt, blant annet takket v\u00e6re bystyreleder Raymond Johansen og ordf\u00f8rer Marianne Borgen . \u00abEn fremmed\u00bb er en sang til de vanlige menneskene langs veiene i Amerika som inspirerte meg da jeg var p\u00e5 sykkeltur der, og tittelsporet har en solidaritetstanke i b\u00e5nn. Der forteller jeg om en fyr som holder fast p\u00e5 trua, og bare nekter \u00e5 gi opp, forteller Ingebretsen.<\/p>\n<p>Bakgrunnen for albumets tittel stammer fra en A-magasinet-forside Ingebretsen s\u00e5 i 2015, med et bilde av da 18 \u00e5r gamle Ronahi Avsin som var med p\u00e5 \u00e5 kaste ut IS av Kobani i Syria. Artikkelen handler om at likestilling og krig er like viktig for Avsin som er soldat i YPJ.<\/p>\n<p>\u2013 Jeg syntes det var s\u00e5 sterkt \u00e5 lese om henne. Det er noe med det bildet, og at hun holder den blomsten samtidig som hun har et gev\u00e6r p\u00e5 ryggen. N\u00e5r jeg tenker p\u00e5 Sanger om kj\u00e6rlighet f\u00f8lte jeg at hun i det bildet traff en nerve.<\/p>\n<p>Albumet har f\u00e5tt en nydelig produksjon av Lasse Hafreager.<\/p>\n<h4><\/h4>\n<p><h4><\/h4>\n<\/p>\n<p><\/p>","protected":false},"excerpt":{"rendered":"<p>Bj\u00f8lsen Valsem\u00f8lle er p\u00e5 sitt nye album, som alltid, et band som opererer innenfor den politiske musikktradisjonen, men dette er ogs\u00e5 et album med sanger om kj\u00e6rlighet.<\/p>\n","protected":false},"featured_media":36733,"comment_status":"closed","ping_status":"open","template":"","meta":[],"product_brand":[],"product_cat":[6],"product_tag":[],"class_list":{"0":"post-36727","1":"product","2":"type-product","3":"status-publish","4":"has-post-thumbnail","6":"product_cat-grappa","7":"product_shipping_class-cddvd-shipping","8":"uni_artist_tag-bjolsen-valsemolle","9":"uni_artist_tag-lasse-hafreager","10":"uni_artist_tag-trond-ingebretsen","11":"uni_main_artist_tag-bjolsen-valsemolle","12":"uni_artist_genre-norwegian-lyrics","13":"uni_artist_genre-pop","14":"uni_artist_genre-rock","15":"uni_artist_genre-singersongwriter","17":"first","18":"instock","19":"taxable","20":"shipping-taxable","21":"purchasable","22":"product-type-simple"},"_links":{"self":[{"href":"https:\/\/grappa.no\/no\/wp-json\/wp\/v2\/product\/36727","targetHints":{"allow":["GET"]}}],"collection":[{"href":"https:\/\/grappa.no\/no\/wp-json\/wp\/v2\/product"}],"about":[{"href":"https:\/\/grappa.no\/no\/wp-json\/wp\/v2\/types\/product"}],"replies":[{"embeddable":true,"href":"https:\/\/grappa.no\/no\/wp-json\/wp\/v2\/comments?post=36727"}],"wp:featuredmedia":[{"embeddable":true,"href":"https:\/\/grappa.no\/no\/wp-json\/wp\/v2\/media\/36733"}],"wp:attachment":[{"href":"https:\/\/grappa.no\/no\/wp-json\/wp\/v2\/media?parent=36727"}],"wp:term":[{"taxonomy":"product_brand","embeddable":true,"href":"https:\/\/grappa.no\/no\/wp-json\/wp\/v2\/product_brand?post=36727"},{"taxonomy":"product_cat","embeddable":true,"href":"https:\/\/grappa.no\/no\/wp-json\/wp\/v2\/product_cat?post=36727"},{"taxonomy":"product_tag","embeddable":true,"href":"https:\/\/grappa.no\/no\/wp-json\/wp\/v2\/product_tag?post=36727"}],"curies":[{"name":"wp","href":"https:\/\/api.w.org\/{rel}","templated":true}]}}