{"id":36726,"date":"2019-06-21T00:00:00","date_gmt":"2019-06-20T23:00:00","guid":{"rendered":"https:\/\/www.grappa.no\/no\/albums\/ukategorisert\/niblock-lamb\/"},"modified":"2019-06-24T07:50:56","modified_gmt":"2019-06-24T06:50:56","slug":"niblock-lamb","status":"publish","type":"product","link":"https:\/\/grappa.no\/no\/albums\/hubro\/niblock-lamb\/","title":{"rendered":"Niblock \/ Lamb"},"content":{"rendered":"<p><\/p>\n<p>Niblock\/Lamb<\/p>\n<p>P\u00e5 sitt nye album har det Spellemann-vinnende samtidsensemblet Ensemble neoN valgt \u00e5 sette sammen to stykker av to komplement\u00e6re og distinkt forskjellige amerikanske dronekomponister. Den legendariske veterankomponisten, multikunstneren og filmskaperen Phill Niblock (f\u00f8dt 1933, USA) og den yngre, berlinbaserte komponisten \/ bratsjisten Catherine Lamb (f\u00f8dt 1982, USA). &#8211; Jo mer en lytter, jo mer nyanserte blir effekten av hvert stykke. N\u00e5r ens fantasi begynner \u00e5 fly, og den hallusinerende kraften til  lydene begynner \u00e5 jobb i hjernen og med sansene, gir hver ny lytting nye inntrykk. Albumet er mikset og produsert av Lasse Marhaug.<\/p>\n<p><!--more--><\/p>\n<p>P\u00e5 sitt nye album har det Spellemann-vinnende samtidsensemblet Ensemble neoN valgt \u00e5 sette sammen to stykker av to komplement\u00e6re og distinkt forskjellige amerikanske dronekomponister. Den legendariske veterankomponisten, multikunstneren og filmskaperen Phill Niblock (f\u00f8dt 1933, USA) og den yngre, berlinbaserte komponisten \/ bratsjisten Catherine Lamb (f\u00f8dt 1982, USA). &#8211; Jo mer en lytter, jo mer nyanserte blir effekten av hvert stykke. N\u00e5r ens fantasi begynner \u00e5 fly, og den hallusinerende kraften til  lydene begynner \u00e5 jobb i hjernen og med sansene, gir hver ny lytting nye inntrykk. Albumet er mikset og produsert av Lasse Marhaug.<\/p>\n<h4><\/h4>\n<\/p>\n<h4><\/h4>\n<p><h4><\/h4>\n<\/p>\n<p><\/p>","protected":false},"excerpt":{"rendered":"<p>N\u00e5r ens fantasi begynner \u00e5 fly, og den hallusinerende kraften til  lydene begynner \u00e5 jobb i hjernen og med sansene, gir hver ny lytting nye inntrykk.<\/p>\n","protected":false},"featured_media":36732,"comment_status":"closed","ping_status":"open","template":"","meta":[],"product_brand":[],"product_cat":[36],"product_tag":[],"class_list":{"0":"post-36726","1":"product","2":"type-product","3":"status-publish","4":"has-post-thumbnail","6":"product_cat-hubro","7":"product_shipping_class-cddvd-shipping","8":"uni_artist_tag-catherine-lamb","9":"uni_artist_tag-ensemble-neon","10":"uni_artist_tag-lasse-marhaug","11":"uni_artist_tag-phil-niblock","12":"uni_artist_tag-stine-janvin-motland","13":"uni_main_artist_tag-ensemble-neon","14":"uni_artist_genre-contemporary-music","16":"first","17":"instock","18":"taxable","19":"shipping-taxable","20":"purchasable","21":"product-type-simple"},"_links":{"self":[{"href":"https:\/\/grappa.no\/no\/wp-json\/wp\/v2\/product\/36726","targetHints":{"allow":["GET"]}}],"collection":[{"href":"https:\/\/grappa.no\/no\/wp-json\/wp\/v2\/product"}],"about":[{"href":"https:\/\/grappa.no\/no\/wp-json\/wp\/v2\/types\/product"}],"replies":[{"embeddable":true,"href":"https:\/\/grappa.no\/no\/wp-json\/wp\/v2\/comments?post=36726"}],"wp:featuredmedia":[{"embeddable":true,"href":"https:\/\/grappa.no\/no\/wp-json\/wp\/v2\/media\/36732"}],"wp:attachment":[{"href":"https:\/\/grappa.no\/no\/wp-json\/wp\/v2\/media?parent=36726"}],"wp:term":[{"taxonomy":"product_brand","embeddable":true,"href":"https:\/\/grappa.no\/no\/wp-json\/wp\/v2\/product_brand?post=36726"},{"taxonomy":"product_cat","embeddable":true,"href":"https:\/\/grappa.no\/no\/wp-json\/wp\/v2\/product_cat?post=36726"},{"taxonomy":"product_tag","embeddable":true,"href":"https:\/\/grappa.no\/no\/wp-json\/wp\/v2\/product_tag?post=36726"}],"curies":[{"name":"wp","href":"https:\/\/api.w.org\/{rel}","templated":true}]}}