{"id":367,"date":"1993-06-21T00:00:00","date_gmt":"1993-06-20T23:00:00","guid":{"rendered":"http:\/\/www.grappa.no\/albums\/uncategorized\/marin-marais-music-for-gamba\/"},"modified":"2019-02-22T15:36:12","modified_gmt":"2019-02-22T14:36:12","slug":"marin-marais-music-for-gamba","status":"publish","type":"product","link":"https:\/\/grappa.no\/no\/albums\/simax-classics\/marin-marais-music-for-gamba\/","title":{"rendered":"Marin Marais: Music for Gamba"},"content":{"rendered":"<p><\/p>\n<p>Marin Marais<\/p>\n<p>Komponisten, ut\u00f8veren og l\u00e6reren Marin Marais (1656-1728) var en mester p\u00e5 &#8216;Basse de viol&#8217;, og var p\u00e5 sin tid den ledende franske komponisten av musikk for dette instrumentet. Marais skrev fem b\u00f8ker for &#8216;basse de viol&#8217; og de tre verkene p\u00e5 denne innspillingen er alle funnet i Marais andre bok \u2013 en bok som inneholder noe av hans st\u00f8rste musikk. <\/p>\n<p>Samspillet mellom Laurence Dreyfus og Ketil Haugsand har ogs\u00e5 tidligere resultert i nydelige innspillinger av verker av Bach og Rameau for Simax. Denne plata er intet unntak  \u2013 atter en gang leverer disse to talentfulle musikerne kvalitet. Dreyfus spiller p\u00e5 en sjustrengers &#8216;viola da gamba&#8217; i fransk stil av Curtis Bryant p\u00e5 denne innspillingen. Ketil Haugsand spiller p\u00e5 en 1985 Martin Skowroneck cembalo.<\/p>\n<p><!--more--><\/p>\n<h4><\/h4>\n<\/p>\n<h4><\/h4>\n<p><h4><\/h4>\n<\/p>\n<p><\/p>","protected":false},"excerpt":{"rendered":"<p>\u2013 A very accomplished duo and a very fine disc. [Fanfare]<\/p>\n","protected":false},"featured_media":27554,"comment_status":"closed","ping_status":"open","template":"","meta":[],"product_brand":[],"product_cat":[180],"product_tag":[],"class_list":{"0":"post-367","1":"product","2":"type-product","3":"status-publish","4":"has-post-thumbnail","6":"product_cat-simax-classics","7":"product_shipping_class-cddvd-shipping","8":"uni_artist_tag-ketil-haugsand","9":"uni_artist_tag-laurence-dreyfus","10":"uni_artist_tag-marin-marais","11":"uni_main_artist_tag-ketil-haugsand","12":"uni_artist_genre-chamber-music","13":"uni_artist_genre-early-music","15":"first","16":"instock","17":"taxable","18":"shipping-taxable","19":"purchasable","20":"product-type-simple"},"_links":{"self":[{"href":"https:\/\/grappa.no\/no\/wp-json\/wp\/v2\/product\/367","targetHints":{"allow":["GET"]}}],"collection":[{"href":"https:\/\/grappa.no\/no\/wp-json\/wp\/v2\/product"}],"about":[{"href":"https:\/\/grappa.no\/no\/wp-json\/wp\/v2\/types\/product"}],"replies":[{"embeddable":true,"href":"https:\/\/grappa.no\/no\/wp-json\/wp\/v2\/comments?post=367"}],"wp:featuredmedia":[{"embeddable":true,"href":"https:\/\/grappa.no\/no\/wp-json\/wp\/v2\/media\/27554"}],"wp:attachment":[{"href":"https:\/\/grappa.no\/no\/wp-json\/wp\/v2\/media?parent=367"}],"wp:term":[{"taxonomy":"product_brand","embeddable":true,"href":"https:\/\/grappa.no\/no\/wp-json\/wp\/v2\/product_brand?post=367"},{"taxonomy":"product_cat","embeddable":true,"href":"https:\/\/grappa.no\/no\/wp-json\/wp\/v2\/product_cat?post=367"},{"taxonomy":"product_tag","embeddable":true,"href":"https:\/\/grappa.no\/no\/wp-json\/wp\/v2\/product_tag?post=367"}],"curies":[{"name":"wp","href":"https:\/\/api.w.org\/{rel}","templated":true}]}}