{"id":36692,"date":"2019-06-07T00:00:00","date_gmt":"2019-06-06T23:00:00","guid":{"rendered":"https:\/\/www.grappa.no\/no\/albums\/ukategorisert\/benedicte-maurseth\/"},"modified":"2020-04-03T19:34:08","modified_gmt":"2020-04-03T18:34:08","slug":"benedicte-maurseth","status":"publish","type":"product","link":"https:\/\/grappa.no\/no\/albums\/heilo\/benedicte-maurseth\/","title":{"rendered":"Benedicte Maurseth"},"content":{"rendered":"<p><\/p>\n<p>Hardingfele recital<\/p>\n<p>Benedicte Maurseth (Hardingfele) har det siste ti\u00e5ret sl\u00e5tt seg opp som en helt s\u00e6regen musikalsk stemme. Hun har samarbeidet med Nils \u00d8kland, Marilyn Crispell, og Rolf Lislevand og gitt ut en duoplate med \u00c5sne Valland Nordli p\u00e5 ECM. Hun har komponert musikk til flere Jon Fosse oppsetninger og gitt ut en flere kritikerroste og prisvinnende plater. Hennes nye soloalbum er bygget opp som en recital, og inneholder b\u00e5de personlige tolkninger av sl\u00e5tter som har v\u00e6rt med henne hele hele livet, improvisasjoner og egne komposisjoner.<\/p>\n<p><!--more--><\/p>\n<h4><\/h4>\n<\/p>\n<h4><\/h4>\n<p><h4><\/h4>\n<\/p>\n<p><\/p>","protected":false},"excerpt":{"rendered":"<p>Benedicte Maurseth (Hardingfele) har det siste ti\u00e5ret sl\u00e5tt seg opp som en helt s\u00e6regen musikalsk stemme.<\/p>\n","protected":false},"featured_media":36693,"comment_status":"closed","ping_status":"open","template":"","meta":[],"product_brand":[],"product_cat":[35],"product_tag":[],"class_list":{"0":"post-36692","1":"product","2":"type-product","3":"status-publish","4":"has-post-thumbnail","6":"product_cat-heilo","7":"product_shipping_class-cddvd-shipping","8":"uni_artist_tag-benedicte-maurseth","9":"uni_artist_tag-lars-skjervheim","10":"uni_artist_tag-trad-norwegian","11":"uni_main_artist_tag-benedicte-maurseth","12":"uni_artist_genre-folk-music","13":"uni_artist_genre-instrumental","14":"uni_artist_genre-solo","16":"first","17":"instock","18":"taxable","19":"shipping-taxable","20":"purchasable","21":"product-type-simple"},"_links":{"self":[{"href":"https:\/\/grappa.no\/no\/wp-json\/wp\/v2\/product\/36692","targetHints":{"allow":["GET"]}}],"collection":[{"href":"https:\/\/grappa.no\/no\/wp-json\/wp\/v2\/product"}],"about":[{"href":"https:\/\/grappa.no\/no\/wp-json\/wp\/v2\/types\/product"}],"replies":[{"embeddable":true,"href":"https:\/\/grappa.no\/no\/wp-json\/wp\/v2\/comments?post=36692"}],"wp:featuredmedia":[{"embeddable":true,"href":"https:\/\/grappa.no\/no\/wp-json\/wp\/v2\/media\/36693"}],"wp:attachment":[{"href":"https:\/\/grappa.no\/no\/wp-json\/wp\/v2\/media?parent=36692"}],"wp:term":[{"taxonomy":"product_brand","embeddable":true,"href":"https:\/\/grappa.no\/no\/wp-json\/wp\/v2\/product_brand?post=36692"},{"taxonomy":"product_cat","embeddable":true,"href":"https:\/\/grappa.no\/no\/wp-json\/wp\/v2\/product_cat?post=36692"},{"taxonomy":"product_tag","embeddable":true,"href":"https:\/\/grappa.no\/no\/wp-json\/wp\/v2\/product_tag?post=36692"}],"curies":[{"name":"wp","href":"https:\/\/api.w.org\/{rel}","templated":true}]}}