{"id":36682,"date":"2019-05-10T00:00:00","date_gmt":"2019-05-09T23:00:00","guid":{"rendered":"https:\/\/www.grappa.no\/no\/albums\/ukategorisert\/presang\/"},"modified":"2020-08-21T08:57:08","modified_gmt":"2020-08-21T07:57:08","slug":"presang","status":"publish","type":"product","link":"https:\/\/grappa.no\/no\/albums\/grappa\/presang\/","title":{"rendered":"Presang"},"content":{"rendered":"<p><\/p>\n<p>Klassiske viser i ny innpakning.  Viselegende Alf Cranner og Knut Reiersrud Band har spilt inn album. &#8216;Presang&#8217; inneholder 11 viser fra repertoaret til Cranner, som med st\u00f8dig hjelp fra Knut Reiersrud Band har f\u00e5tt et forfriskende og inspirerende l\u00f8ft. Resultatet er en utvidelse og videref\u00f8ring av visene i stedet for et vanlig akkompagnement. Cranner fremst\u00e5r ikke her som &#8216;vokalist med orkester&#8217;, men som en integrert del av bandet; et femte bandmedlem.<\/p>\n<p><!--more--><\/p>\n<p>Viselegende Alf Cranner og Knut Reiersrud Band har spilt inn albumet Presang \u2013 klassiske viser i ny innpakning.<\/p>\n<h4>Visekunst og formidlingsevne<\/h4>\n<p>\u2013 82 \u00e5r gamle Alf Cranner m\u00e5 v\u00e6re et av de sprekeste menneskene jeg kjenner, og det er en \u00e6re for meg og bandet \u00e5 jobbe med Alf. Hans visekunst, formidlingsevne og tanken p\u00e5 at han var midt i den norske kulturlivet allerede p\u00e5 femtitallet, gj\u00f8r ham litt guruaktig, forteller Knut Reiersrud.  \u2013 Man m\u00e5 lete med lys og lykte for \u00e5 finne tegn til stagnasjon hos mannen, legger han til.<\/p>\n<h4>&#8216;Mine 82 \u00e5r tenker jeg lite p\u00e5 n\u00e5r jeg synger med dem&#8217;<\/h4>\n<p>Albumet inneholder blant annet singelen \u00abSkj\u00e6rg\u00e5rdsvise 1977\u00bb, samt nyvinnende utgaver av \u00ab\u00c5, den som var en l\u00f8vetann\u00bb, \u00abBare skrap\u00bb og \u00abAdrians hus\u00bb. Cranner forteller at Presang er et tilbakeblikk p\u00e5 hans liv som visesanger; fra \u00abVuggevise\u00bb som han sang da han bare var ti \u00e5r gammel, til Inger Hagerups selvbiografiske tekst \u00abHun skrev sitt liv\u00bb som han tonesatte i fjor &#8211; en tekst som aldri har v\u00e6rt offentliggjort f\u00f8r n\u00e5.  \u2013 \u00c5 jobbe med Knut Reiersrud er et eventyr, sier Cranner.   \u2013 Den musikalske oppfinnsomheten hans, fantasien, det glitrende og samtidig varme gitarspillet hans opplever jeg som veldig inspirerende. Ogs\u00e5 musikerne han har med seg gir meg f\u00f8lelse av \u00e5 bli &quot;l\u00f8ftet&quot;. Mine 82 \u00e5r tenker jeg lite p\u00e5 n\u00e5r jeg synger med dem.<\/p>\n<h4><\/h4>\n<\/p>\n<p><\/p>","protected":false},"excerpt":{"rendered":"<p>Presang fra to musikalske legender<\/p>\n","protected":false},"featured_media":36652,"comment_status":"closed","ping_status":"open","template":"","meta":[],"product_brand":[],"product_cat":[6],"product_tag":[],"class_list":{"0":"post-36682","1":"product","2":"type-product","3":"status-publish","4":"has-post-thumbnail","6":"product_cat-grappa","7":"product_shipping_class-cddvd-shipping","8":"uni_artist_tag-alf-cranner","9":"uni_artist_tag-andreas-bye","10":"uni_artist_tag-david-wallumrod","11":"uni_artist_tag-jens-gunderssen","12":"uni_artist_tag-knut-reiersrud","13":"uni_artist_tag-nikolai-haengsle-eilertsen","14":"uni_artist_tag-trad","15":"uni_main_artist_tag-alf-cranner","16":"uni_artist_genre-pop","17":"uni_artist_genre-singersongwriter","19":"first","20":"instock","21":"taxable","22":"shipping-taxable","23":"purchasable","24":"product-type-variable","25":"has-default-attributes"},"_links":{"self":[{"href":"https:\/\/grappa.no\/no\/wp-json\/wp\/v2\/product\/36682","targetHints":{"allow":["GET"]}}],"collection":[{"href":"https:\/\/grappa.no\/no\/wp-json\/wp\/v2\/product"}],"about":[{"href":"https:\/\/grappa.no\/no\/wp-json\/wp\/v2\/types\/product"}],"replies":[{"embeddable":true,"href":"https:\/\/grappa.no\/no\/wp-json\/wp\/v2\/comments?post=36682"}],"wp:featuredmedia":[{"embeddable":true,"href":"https:\/\/grappa.no\/no\/wp-json\/wp\/v2\/media\/36652"}],"wp:attachment":[{"href":"https:\/\/grappa.no\/no\/wp-json\/wp\/v2\/media?parent=36682"}],"wp:term":[{"taxonomy":"product_brand","embeddable":true,"href":"https:\/\/grappa.no\/no\/wp-json\/wp\/v2\/product_brand?post=36682"},{"taxonomy":"product_cat","embeddable":true,"href":"https:\/\/grappa.no\/no\/wp-json\/wp\/v2\/product_cat?post=36682"},{"taxonomy":"product_tag","embeddable":true,"href":"https:\/\/grappa.no\/no\/wp-json\/wp\/v2\/product_tag?post=36682"}],"curies":[{"name":"wp","href":"https:\/\/api.w.org\/{rel}","templated":true}]}}