{"id":36662,"date":"2019-05-24T00:00:00","date_gmt":"2019-05-23T23:00:00","guid":{"rendered":"https:\/\/www.grappa.no\/no\/albums\/ukategorisert\/an-idea\/"},"modified":"2019-09-25T08:10:02","modified_gmt":"2019-09-25T07:10:02","slug":"an-idea","status":"publish","type":"product","link":"https:\/\/grappa.no\/no\/albums\/simax-classics\/an-idea\/","title":{"rendered":"An idea"},"content":{"rendered":"<p><\/p>\n<p>En str\u00e5lende debutant.<\/p>\n<p>Kristina V\u00e5rlid har et helt egenartet sting i sin musisering, st\u00f8ttet opp av suveren teknikk og musikalsk overblikk. 24 \u00e5r gammel er hun klar med sin debut-utgivelse \u2013 overstr\u00f8mmende og ekspansiv gitarmusikk fra de siste 100 \u00e5r.<\/p>\n<p>Kristina fascineres av de store klangvariasjonene man kan produsere p\u00e5 gitaren og liker \u00e5 utfordre instrumentets begrensninger i dynamikk og fargespekter. Som ut\u00f8ver ser hun uendelige muligheter innenfor alle former for musikk, og utvikler stadig nye ideer og tiln\u00e6rmingsm\u00e5ter til repertoaret for \u00e5 gj\u00f8re det til sitt eget. Platen er innspilt i den fantastiske akustikken og atmosf\u00e6ren i Utstein kloster, like utenfor Kristinas hjemby Stavanger. <\/p>\n<p>Kristina V\u00e5rlid (1994 Stavanger) er allerede en internasjonalt anerkjent klassisk gitarist etter \u00e5 ha vunnet flere konkurranser og priser \u2013 blant dem 1st Prize i Antwerpen International Guitar Competition 2017 og Koblenz International Guitar Academy Award 2018. Kristina har et lidenskapelig forhold til \u00e5 opptre og stortrives p\u00e5 scenen, i tett kontakt med publikum. Hun har spilt i en rekke store konsertsaler, deriblant The Royal Concertgebouw. Kristina har ogs\u00e5 v\u00e6rt solist med Bergen Filharmoniske Orkester og Litauen Nasjonale Symfoniorkester, i tillegg til opptredner p\u00e5 riksdekkende radio og TV i Nederland.<\/p>\n<p><!--more--><\/p>\n<p>Kristina V\u00e5rlid har et helt egenartet sting i sin musisering, st\u00f8ttet opp av suveren teknikk og musikalsk overblikk. 24 \u00e5r gammel er hun klar med sin debututgivelse \u2013 overstr\u00f8mmende og ekspansiv gitarmusikk fra de siste 100 \u00e5r. 22. mai har Kristina solokonsert i Universitetets Aula i Oslo.<\/p>\n<h4>Fremtredende gitarmusikk fra de siste 100 \u00e5r<\/h4>\n<p>Agustin Barrios Mangor\u00e9 (1885-1944) fra Paraguay hadde et eventyrlig liv som reisende gitarvirtuos. La Catedral skrev han etter et bes\u00f8k i San Jos\u00e9 katedralen i Montevideo \u2013 stykket ble f\u00f8rste gang fremf\u00f8rt i 1921. Antonio Jos\u00e9 (1902-1936) fra Spania var et str\u00e5lende komposisjonstalent \u2013 blant annet hyllet av Ravel \u2013 som ble henrettet under den spanske borgerkrig. Malcolm Arnold (1921-2006) skrev sin Fantasy for britenes store gitarist Julian Bream. Tittelstykket p\u00e5 Kristinas debut er skrevet av Leo Brouwer (1939), f\u00f8dt p\u00e5 Cuba og med en karriere som komponist, gitarist og dirigent. Den russiske komponisten Sergey Rudnev (1955) har skrevet en rekke gitarstykker hvor han pr\u00f8ver \u00e5 bevare og formidle tradisjonsmusikken fra sitt hjemland, og \u2019The Old Lime Tree\u2019 har sitt opphav i en folkesang.<\/p>\n<h4>Konserter rundt om i Europa<\/h4>\n<p>Kristina har et tett konsertprogram denne sommeren. Blant h\u00f8ydepunktene finner vi:<br \/>\n28. mai: Festival Chitarristico &quot;Mario Castelnuovo Tedesco&quot;, Treviso, Italia<br \/>\n7. juni: Konsert i Eelde, Nederland<br \/>\n8. juni: Konsert i Groningen, Nederland<br \/>\n11. juni: Konsert i Bergen<br \/>\n16. juni: Enkhuizen Gitaarfestival, Nederland<br \/>\nSiste del av juni: Festival de guitarra Joaqu\u00edn Rodrigo Quartell, Valencia, Spania<br \/>\nBegynnelsen av August: Grachtenfestival, Amsterdam, Nederland<\/p>\n<h4>Kristina V\u00e5rlid<\/h4>\n<p>Kristina V\u00e5rlid (1994 Stavanger) er allerede en internasjonalt anerkjent klassisk gitarist etter \u00e5 ha vunnet flere konkurranser og priser \u2013 blant dem 1st Prize i Antwerpen International Guitar Competition 2017 og Koblenz International Guitar Academy Award 2018. Da hun vant Grachtenfestival Conservatorium concours i 2017 ble hun utnevnt til \u00e5rets fremste musikkstudent i Nederland det \u00e5ret, og i 2018 ble hun inkludert i den prestisjetunge \u2018Walk of Fame\u2019 ved Hanze University i Groningen. Kristina har et lidenskapelig forhold til \u00e5 opptre og stortrives p\u00e5 scenen, i tett kontakt med publikum. Hun har spilt i en rekke store konsertsaler, deriblant The Royal Concertgebouw. Kristina har ogs\u00e5 v\u00e6rt solist med Bergen Filharmoniske Orkester og Litauen Nasjonale Symfoniorkester, i tillegg til opptredner p\u00e5 riksdekkende radio og TV i Nederland.<br \/>\nSeks \u00e5r gammel fikk Kristina sin f\u00f8rste gitar, og spilletimene startet som \u00e5tte\u00e5ring. I 2013 begynte hun ved The Royal Conservatoire of Scotland, \u00e5ret etter ved Prince Claus Conservatoire i Groningen, Nederland, med Sabrina Vlaskalic som l\u00e6rer. I 2017 fullf\u00f8rte hun bachelorgraden med h\u00f8yeste karakter cum laude. Kristina holder for tiden p\u00e5 med diplomstudium ved Norges musikkh\u00f8gskole med professorene Erik Stenstadvold og Otto Tolonen.<\/p>\n<p><\/p>","protected":false},"excerpt":{"rendered":"<p>Kristina ser uendelige muligheter innenfor alle former for musikk, og utvikler stadig nye ideer og tiln\u00e6rmingsm\u00e5ter til repertoaret for \u00e5 gj\u00f8re det til sitt eget.<\/p>\n","protected":false},"featured_media":36663,"comment_status":"closed","ping_status":"open","template":"","meta":[],"product_brand":[],"product_cat":[180],"product_tag":[],"class_list":{"0":"post-36662","1":"product","2":"type-product","3":"status-publish","4":"has-post-thumbnail","6":"product_cat-simax-classics","7":"product_shipping_class-cddvd-shipping","8":"uni_artist_tag-agustin-barrios-mangore","9":"uni_artist_tag-antonio-jose","10":"uni_artist_tag-jorn-pedersen","11":"uni_artist_tag-kristina-varlid","12":"uni_artist_tag-leo-brouwer","13":"uni_artist_tag-malcolm-arnold","14":"uni_artist_tag-sergey-rudnev","15":"uni_main_artist_tag-kristina-varlid","16":"uni_artist_genre-debut","17":"uni_artist_genre-solo","18":"uni_artist_genre-young-norwegian","20":"first","21":"instock","22":"taxable","23":"shipping-taxable","24":"purchasable","25":"product-type-simple"},"_links":{"self":[{"href":"https:\/\/grappa.no\/no\/wp-json\/wp\/v2\/product\/36662","targetHints":{"allow":["GET"]}}],"collection":[{"href":"https:\/\/grappa.no\/no\/wp-json\/wp\/v2\/product"}],"about":[{"href":"https:\/\/grappa.no\/no\/wp-json\/wp\/v2\/types\/product"}],"replies":[{"embeddable":true,"href":"https:\/\/grappa.no\/no\/wp-json\/wp\/v2\/comments?post=36662"}],"wp:featuredmedia":[{"embeddable":true,"href":"https:\/\/grappa.no\/no\/wp-json\/wp\/v2\/media\/36663"}],"wp:attachment":[{"href":"https:\/\/grappa.no\/no\/wp-json\/wp\/v2\/media?parent=36662"}],"wp:term":[{"taxonomy":"product_brand","embeddable":true,"href":"https:\/\/grappa.no\/no\/wp-json\/wp\/v2\/product_brand?post=36662"},{"taxonomy":"product_cat","embeddable":true,"href":"https:\/\/grappa.no\/no\/wp-json\/wp\/v2\/product_cat?post=36662"},{"taxonomy":"product_tag","embeddable":true,"href":"https:\/\/grappa.no\/no\/wp-json\/wp\/v2\/product_tag?post=36662"}],"curies":[{"name":"wp","href":"https:\/\/api.w.org\/{rel}","templated":true}]}}