{"id":36655,"date":"2019-03-29T00:00:00","date_gmt":"2019-03-28T23:00:00","guid":{"rendered":"https:\/\/www.grappa.no\/no\/albums\/ukategorisert\/the-haze-of-sleeplessness\/"},"modified":"2020-08-21T09:17:37","modified_gmt":"2020-08-21T08:17:37","slug":"the-haze-of-sleeplessness","status":"publish","type":"product","link":"https:\/\/grappa.no\/no\/albums\/hubro\/the-haze-of-sleeplessness\/","title":{"rendered":"The Haze Of Sleeplessness"},"content":{"rendered":"<p><\/p>\n<p>Solistisk filmmusikk fra St\u00e5le Storl\u00f8kken  Akkurat som radioteater sies \u00e5 gi de beste bildene, kan noe musikk skape den perfekte filmmusikk uten at en film trenger \u00e5 eksistere. \u201dThe Haze of Sleeplessness\u201d er et bevis p\u00e5 dette: n\u00e5r albumet starter blir lytterens fantasi satt i gang og gj\u00f8r resten, den skaper det n\u00f8dvendige plottet, karakterer og setting helt til et fullkomment plott viser seg for \u00f8ynene.  I sju l\u00e5ter blir et felles musikalsk materiale stadig resirkulert til nye former og lyder, samtidig som gjentakende ledemotiv skaper en sammenbindende tr\u00e5d av kontinuitet, \u201dThe Haze of Sleeplessness\u201d opererer p\u00e5 flere niv\u00e5 samtidig. Mest fremtredende likevel, s\u00e5 er det en kompromissl\u00f8s synth-fest; et kj\u00e6rlighetsdikt til old-school electronica og analog lyd. \u201dThe Haze of Sleeplessness\u201d er et sant soloalbum, keyboardist og komponist St\u00e5le Storl\u00f8kken gj\u00f8r alt selv, fra skriving og spilling til opptak og miks.<\/p>\n<p><!--more--><\/p>\n<p>Akkurat som radioteater sies \u00e5 gi de beste bildene, kan noe musikk skape den perfekte filmmusikk uten at en film trenger \u00e5 eksistere. \u201dThe Haze of Sleeplessness\u201d er et bevis p\u00e5 dette: n\u00e5r albumet starter blir lytterens fantasi satt i gang og gj\u00f8r resten, den skaper det n\u00f8dvendige plottet, karakterer og setting helt til et fullkomment plott viser seg for \u00f8ynene<\/p>\n<h4><\/h4>\n<\/p>\n<h4><\/h4>\n<p><h4><\/h4>\n<\/p>\n<p><\/p>","protected":false},"excerpt":{"rendered":"<p>Retrofuturistisk cinematisk synth-fest fra Supersilent- keyboardist og komponist.<\/p>\n","protected":false},"featured_media":36485,"comment_status":"closed","ping_status":"open","template":"","meta":[],"product_brand":[],"product_cat":[36],"product_tag":[],"class_list":{"0":"post-36655","1":"product","2":"type-product","3":"status-publish","4":"has-post-thumbnail","6":"product_cat-hubro","7":"product_shipping_class-cddvd-shipping","8":"uni_artist_tag-stale-storlokken","9":"uni_main_artist_tag-stale-storlokken","10":"uni_artist_genre-electronic","11":"uni_artist_genre-improvised-music","12":"uni_artist_genre-instrumental","14":"first","15":"instock","16":"taxable","17":"shipping-taxable","18":"purchasable","19":"product-type-variable","20":"has-default-attributes"},"_links":{"self":[{"href":"https:\/\/grappa.no\/no\/wp-json\/wp\/v2\/product\/36655","targetHints":{"allow":["GET"]}}],"collection":[{"href":"https:\/\/grappa.no\/no\/wp-json\/wp\/v2\/product"}],"about":[{"href":"https:\/\/grappa.no\/no\/wp-json\/wp\/v2\/types\/product"}],"replies":[{"embeddable":true,"href":"https:\/\/grappa.no\/no\/wp-json\/wp\/v2\/comments?post=36655"}],"wp:featuredmedia":[{"embeddable":true,"href":"https:\/\/grappa.no\/no\/wp-json\/wp\/v2\/media\/36485"}],"wp:attachment":[{"href":"https:\/\/grappa.no\/no\/wp-json\/wp\/v2\/media?parent=36655"}],"wp:term":[{"taxonomy":"product_brand","embeddable":true,"href":"https:\/\/grappa.no\/no\/wp-json\/wp\/v2\/product_brand?post=36655"},{"taxonomy":"product_cat","embeddable":true,"href":"https:\/\/grappa.no\/no\/wp-json\/wp\/v2\/product_cat?post=36655"},{"taxonomy":"product_tag","embeddable":true,"href":"https:\/\/grappa.no\/no\/wp-json\/wp\/v2\/product_tag?post=36655"}],"curies":[{"name":"wp","href":"https:\/\/api.w.org\/{rel}","templated":true}]}}