{"id":36635,"date":"2014-10-03T00:00:00","date_gmt":"2014-10-02T23:00:00","guid":{"rendered":"https:\/\/www.grappa.no\/no\/albums\/ukategorisert\/siri-nilsen-skyggebokser\/"},"modified":"2020-08-21T08:56:30","modified_gmt":"2020-08-21T07:56:30","slug":"siri-nilsen-skyggebokser","status":"publish","type":"product","link":"https:\/\/grappa.no\/no\/albums\/grappa\/siri-nilsen-skyggebokser\/","title":{"rendered":"Siri Nilsen: Skyggebokser"},"content":{"rendered":"<p><\/p>\n<p>Siri Nilsen f\u00f8lger opp suksessen  Tre \u00e5r etter gjennombruddet slipper Siri Nilsen n\u00e5 tredjeplata \u00abSkyggebokser\u00bb. Tittelen spiller p\u00e5 temaer hun stadig vender tilbake til; dobbeltheten i \u00e5 leve et liv man ikke f\u00f8ler seg til stede i, f\u00f8lelsen av \u00e5 m\u00e5tte sl\u00e5ss med ulike sider av seg selv, og av \u00e5 p\u00e5 samme tid dras mot det skj\u00f8re og det r\u00e5. 7. november er det konsert p\u00e5 Rockefeller, og allerede 2. oktober arrangerer Wimp lyttefest med forh\u00e5ndslytting, intervjuer og live-chat med Siri Nilsen.  2007 var \u00e5ret Siri Nilsen scenedebuterte. Bare et \u00e5r senere ble hun tildelt Grappas debutantpris, som f\u00f8rte til innspillingen av det tospr\u00e5klige debutalbumet \u00abVi som ser i m\u00f8rket\u00bb (2009). To \u00e5r etter kom oppf\u00f8lgeren \u00abAlle snakker sant\u00bb. Albumet havnet p\u00e5 flere \u00e5rsbestelister, l\u00e5 p\u00e5 VG-lista i tre m\u00e5neder og ga Siri en Spellemann-nominasjon for beste kvinnelige artist, i tillegg til Tekstforfatterfondets Lyspunktpris (2012), Oslo bys kunstnerpris (2013) og Pr\u00f8ysenprisen 2013. Det ble ogs\u00e5 sluppet i Storbritannia.  Som sist er albumet spilt inn med \u00d8yvind R\u00f8srud Gundersen og Jens Carelius som produsenter. Men selv om mannskapet er det samme, vil alle som har h\u00f8rt Nilsens tidligere plater merke at noe ogs\u00e5 er annerledes. Lydbildet er st\u00f8rre, fyldigere, bygget ut med trommer, bass, skarp elgitar og flere lag instrumenter. F\u00f8rstesingelen \u00abJeg lover\u00bb l\u00f8snet idet ideen om \u00e5 legge p\u00e5 programmerte beats dukket opp. P\u00e5 \u00abArbeid\u00bb har hun samplet to av farens l\u00e5ter fra 70-tallet. Ukulelen, som lenge har v\u00e6rt Siris varemerke, er nesten ikke \u00e5 h\u00f8re \u2013 selv om mange av l\u00e5tene er blitt til p\u00e5 den.  Noe av \u00e5rsaken er \u00e5 finne i selve l\u00e5tene, som Siri beskriver som voksnere, m\u00f8rkere, og ikke like egnet til den s\u00f8te lyden av det lille strengeinstrumentet. En annen grunn har v\u00e6rt innspillingsprosessen. Der \u00abAlle snakker sant\u00bb ble til etter grundige forberedelser og under streng kontroll av en hovedperson med ferdigutviklede ideer, stilte Siri n\u00e5 langt mindre beredt. Hun var mer \u00e5pen for innfall og innspill, nok til at hun for f\u00f8rste gang endte med \u00e5 skrive i samarbeid andre: Musikken til b\u00e5de \u00abPassasjer\u00bb, \u00abJeg lover\u00bb og \u00abDenne gangen\u00bb er helt eller delvis blitt til mellom de tre i studio.  Albumet slippes b\u00e5de p\u00e5 CD og i en 180g LP versjon.<\/p>\n<p><!--more--><\/p>\n<p>Tre \u00e5r etter gjennombruddet slipper Siri Nilsen n\u00e5 tredjeplata \u00abSkyggebokser\u00bb. Tittelen spiller p\u00e5 temaer hun stadig vender tilbake til; dobbeltheten i \u00e5 leve et liv man ikke f\u00f8ler seg til stede i, f\u00f8lelsen av \u00e5 m\u00e5tte sl\u00e5ss med ulike sider av seg selv, og av \u00e5 p\u00e5 samme tid dras mot det skj\u00f8re og det r\u00e5. 7. november er det konsert p\u00e5 Rockefeller, og allerede 2. oktober arrangerer Wimp lyttefest med forh\u00e5ndslytting, intervjuer og live-chat med Siri Nilsen.<\/p>\n<h4>Ingen selvf\u00f8lge<\/h4>\n<p>Det var ingen selvf\u00f8lge at det skulle komme noen ny plate. Rett etter utgivelsen av \u00abAlle snakker sant\u00bb ble Siri mamma, og hvordan hun skulle kombinere den nye tilv\u00e6relsen med artistlivet, klarte hun ikke se for seg. Men s\u00e5 lot ikke sangene seg stoppe. \u00abJeg klarte ikke helt \u00e5 slutte \u00e5 skrive. Jeg hadde s\u00e5 mye som bobla, som jeg hadde lyst til \u00e5 fortelle om. Livet var mer intenst enn noensinne, og jeg hadde veldig, veldig lyst til \u00e5 manifestere det i musikk. Det er jo s\u00e5nn jeg dealer med ting og uttrykker meg.\u00bb  Da plateselskapet lurte p\u00e5 om ikke hun hadde materiale til en ny plate, var derfor svaret \u00abja\u00bb. Problemet var bare at det ikke var helt sant. Ideene var der, men de var langt fra ferdige. For \u00e5 komme i havn dro Siri og familien utenlands, der far skulle ha permisjon og mor skrive l\u00e5ter. Det skjedde ikke. Vel hjemme i Norge, derimot, innhentet av hverdagen og med d\u00e5rlig tid til innspilling, kom sangene str\u00f8mmende.  Som sist er albumet spilt inn med \u00d8yvind R\u00f8srud Gundersen og Jens Carelius som produsenter. Men selv om mannskapet er det samme, vil alle som har h\u00f8rt Nilsens tidligere plater merke at noe ogs\u00e5 er annerledes. Lydbildet er st\u00f8rre, fyldigere, bygget ut med trommer, bass, skarp elgitar og flere lag instrumenter. F\u00f8rstesingelen \u00abJeg lover\u00bb l\u00f8snet idet ideen om \u00e5 legge p\u00e5 programmerte beats dukket opp. P\u00e5 \u00abArbeid\u00bb har hun samplet to av farens l\u00e5ter fra 70-tallet. Ukulelen, som lenge har v\u00e6rt Siris varemerke, er nesten ikke \u00e5 h\u00f8re \u2013 selv om mange av l\u00e5tene er blitt til p\u00e5 den.<\/p>\n<h4>M\u00f8rkere<\/h4>\n<p>Noe av \u00e5rsaken er \u00e5 finne i selve l\u00e5tene, som Siri beskriver som voksnere, m\u00f8rkere, og ikke like egnet til den s\u00f8te lyden av det lille strengeinstrumentet. En annen grunn har v\u00e6rt innspillingsprosessen. Der \u00abAlle snakker sant\u00bb ble til etter grundige forberedelser og under streng kontroll av en hovedperson med ferdigutviklede ideer, stilte Siri n\u00e5 langt mindre beredt. Hun var mer \u00e5pen for innfall og innspill, nok til at hun for f\u00f8rste gang endte med \u00e5 skrive i samarbeid andre: Musikken til b\u00e5de \u00abPassasjer\u00bb, \u00abJeg lover\u00bb og \u00abDenne gangen\u00bb er helt eller delvis blitt til mellom de tre i studio.<\/p>\n<h4>Om Siri Nilsen<\/h4>\n<p>Siri Nilsen (f. 1985) er en visepopmusiker, sanger og l\u00e5tskriver fra Oslo. Som datter av visesangerne Lillebj\u00f8rn og Shari Nilsen vokste hun opp omgitt av musikk; likevel var det ikke musiker, men ballettdanser hun skulle bli. Det var f\u00f8rst i 20-\u00e5rsalderen Siri inns\u00e5 at dansetalentet ikke strakk til for \u00e5 formidle historiene hun \u00f8nsket, og at l\u00f8sningen kanskje heller l\u00e5 i den enorme, hemmelige permen med komposisjoner hun hadde samlet seg siden tidlig i ten\u00e5rene. Den spede starten med opptredener p\u00e5 lokale cafeer \u00e5pnet \u00f8ynene for at det var mulig \u00e5 lage og fremf\u00f8re musikk uten noe stort, profesjonelt apparat. Og etter \u00e5 ha kjent p\u00e5 f\u00f8lelsen av \u00e5 dele sangene sine med verden, var det ingen vei tilbake.  Albumet slippes b\u00e5de p\u00e5 CD og i en 180g LP versjon.<\/p>\n<p><\/p>","protected":false},"excerpt":{"rendered":"<p>Tre \u00e5r etter gjennombruddet slipper Siri Nilsen n\u00e5 tredjeplata \u00abSkyggebokser\u00bb.<\/p>\n","protected":false},"featured_media":27118,"comment_status":"closed","ping_status":"open","template":"","meta":[],"product_brand":[],"product_cat":[6],"product_tag":[],"class_list":{"0":"post-36635","1":"product","2":"type-product","3":"status-publish","4":"has-post-thumbnail","6":"product_cat-grappa","7":"product_shipping_class-cddvd-shipping","8":"uni_artist_tag-andre-roligheten","9":"uni_artist_tag-erik-johannesen","10":"uni_artist_tag-hayden-powell","11":"uni_artist_tag-helge-nysted","12":"uni_artist_tag-jens-carelius","13":"uni_artist_tag-jens-carelius-krogsveen","14":"uni_artist_tag-kaja-fjellberg-pettersen","15":"uni_artist_tag-kristian-berg","16":"uni_artist_tag-marius-simonsen","17":"uni_artist_tag-oyvind-rosrud-gundersen","18":"uni_artist_tag-siri-nilsen","19":"uni_artist_tag-thomas-gallatin","20":"uni_main_artist_tag-siri-nilsen","21":"uni_artist_genre-pop","22":"uni_artist_genre-singersongwriter","24":"first","25":"instock","26":"taxable","27":"shipping-taxable","28":"purchasable","29":"product-type-variable","30":"has-default-attributes"},"_links":{"self":[{"href":"https:\/\/grappa.no\/no\/wp-json\/wp\/v2\/product\/36635","targetHints":{"allow":["GET"]}}],"collection":[{"href":"https:\/\/grappa.no\/no\/wp-json\/wp\/v2\/product"}],"about":[{"href":"https:\/\/grappa.no\/no\/wp-json\/wp\/v2\/types\/product"}],"replies":[{"embeddable":true,"href":"https:\/\/grappa.no\/no\/wp-json\/wp\/v2\/comments?post=36635"}],"wp:featuredmedia":[{"embeddable":true,"href":"https:\/\/grappa.no\/no\/wp-json\/wp\/v2\/media\/27118"}],"wp:attachment":[{"href":"https:\/\/grappa.no\/no\/wp-json\/wp\/v2\/media?parent=36635"}],"wp:term":[{"taxonomy":"product_brand","embeddable":true,"href":"https:\/\/grappa.no\/no\/wp-json\/wp\/v2\/product_brand?post=36635"},{"taxonomy":"product_cat","embeddable":true,"href":"https:\/\/grappa.no\/no\/wp-json\/wp\/v2\/product_cat?post=36635"},{"taxonomy":"product_tag","embeddable":true,"href":"https:\/\/grappa.no\/no\/wp-json\/wp\/v2\/product_tag?post=36635"}],"curies":[{"name":"wp","href":"https:\/\/api.w.org\/{rel}","templated":true}]}}