{"id":366,"date":"2003-10-20T00:00:00","date_gmt":"2003-10-19T23:00:00","guid":{"rendered":"http:\/\/www.grappa.no\/albums\/uncategorized\/revisited-dan-styffe\/"},"modified":"2020-02-24T16:54:07","modified_gmt":"2020-02-24T15:54:07","slug":"revisited-dan-styffe","status":"publish","type":"product","link":"https:\/\/grappa.no\/no\/albums\/simax-classics\/revisited-dan-styffe\/","title":{"rendered":"Revisited \u2013 Dan Styffe"},"content":{"rendered":"<p><\/p>\n<p>Kontrabass i kammermusikk<\/p>\n<p>Oslo Filharmoniske Orkesters solobassist Dan Styffe er n\u00e5 ute med sin andre solo-plate p\u00e5 f\u00e5 \u00e5r, en fullverdig oppf\u00f8lger til den f\u00f8rste kritikerroste utgivelsen. At Styffe er en musikant av det helt sjeldne slaget er det ingen tvil om, og han har da ogs\u00e5 inspirert flere komponister til \u00e5 skrive musikk spesielt for seg. B\u00e5de Gisle Kverndokk og John Persen har samarbeidet med Styffe omkring verkene p\u00e5 denne platen, og resultatet har blitt det ut\u00f8veren selv betegner som \u2018sangbar samtidsmusikk\u2019.<\/p>\n<p>Ogs\u00e5 Piazzolla er representert med en mediterende tango-etyde for solisten p\u00e5 denne platen, lekkert arrangert for kontrabass av Styffe selv. Scelsis Maknongan og Hauta-ahos Pieni Bassofantasia viser at instrumentet har et enormt utrykksregister og musikalsk potensiale i hendene p\u00e5 den rette ut\u00f8ver. Amerikaneren Paul Ramsier er tiltalt av kontrabassens melankolske og litt neddempede sider, og hans verk Eusebius Revisited er en form for parafrase over Robert Schumanns velkjente poetiske figur.<\/p>\n<p><!--more--><\/p>\n<h4><\/h4>\n<\/p>\n<h4><\/h4>\n<p><h4><\/h4>\n<\/p>\n<p><\/p>","protected":false},"excerpt":{"rendered":"<p>Styffe er en musikant av det helt sjeldne slaget , og han har da ogs\u00e5 inspirert flere komponister til \u00e5 skrive musikk spesielt for seg.<\/p>\n","protected":false},"featured_media":27639,"comment_status":"closed","ping_status":"open","template":"","meta":[],"product_brand":[],"product_cat":[180],"product_tag":[],"class_list":{"0":"post-366","1":"product","2":"type-product","3":"status-publish","4":"has-post-thumbnail","6":"product_cat-simax-classics","7":"product_shipping_class-cddvd-shipping","8":"uni_artist_tag-anne-hveding","9":"uni_artist_tag-astor-piazzolla","10":"uni_artist_tag-dan-styffe","11":"uni_artist_tag-erik-gard-amundsen","12":"uni_artist_tag-giacinto-scelsi","13":"uni_artist_tag-gisle-kverndokk","14":"uni_artist_tag-gonzalo-moreno","15":"uni_artist_tag-iannis-xenakis","16":"uni_artist_tag-john-persen","17":"uni_artist_tag-oystein-birkeland","18":"uni_artist_tag-paul-ramsier","19":"uni_artist_tag-teppo-hauta-aho","20":"uni_main_artist_tag-dan-styffe","21":"uni_artist_genre-contemporary-music","22":"uni_artist_genre-solo","23":"uni_artist_genre-strings","25":"first","26":"instock","27":"taxable","28":"shipping-taxable","29":"purchasable","30":"product-type-simple"},"_links":{"self":[{"href":"https:\/\/grappa.no\/no\/wp-json\/wp\/v2\/product\/366","targetHints":{"allow":["GET"]}}],"collection":[{"href":"https:\/\/grappa.no\/no\/wp-json\/wp\/v2\/product"}],"about":[{"href":"https:\/\/grappa.no\/no\/wp-json\/wp\/v2\/types\/product"}],"replies":[{"embeddable":true,"href":"https:\/\/grappa.no\/no\/wp-json\/wp\/v2\/comments?post=366"}],"wp:featuredmedia":[{"embeddable":true,"href":"https:\/\/grappa.no\/no\/wp-json\/wp\/v2\/media\/27639"}],"wp:attachment":[{"href":"https:\/\/grappa.no\/no\/wp-json\/wp\/v2\/media?parent=366"}],"wp:term":[{"taxonomy":"product_brand","embeddable":true,"href":"https:\/\/grappa.no\/no\/wp-json\/wp\/v2\/product_brand?post=366"},{"taxonomy":"product_cat","embeddable":true,"href":"https:\/\/grappa.no\/no\/wp-json\/wp\/v2\/product_cat?post=366"},{"taxonomy":"product_tag","embeddable":true,"href":"https:\/\/grappa.no\/no\/wp-json\/wp\/v2\/product_tag?post=366"}],"curies":[{"name":"wp","href":"https:\/\/api.w.org\/{rel}","templated":true}]}}