{"id":36565,"date":"2019-04-12T00:00:00","date_gmt":"2019-04-11T23:00:00","guid":{"rendered":"https:\/\/www.grappa.no\/no\/albums\/ukategorisert\/salika-molika\/"},"modified":"2019-05-30T09:49:30","modified_gmt":"2019-05-30T08:49:30","slug":"salika-molika","status":"publish","type":"product","link":"https:\/\/grappa.no\/no\/albums\/hubro\/salika-molika\/","title":{"rendered":"Salika, Molika"},"content":{"rendered":"<p><\/p>\n<p>Erlend Apneseth Trios tredje<\/p>\n<p> Det tredje albumet fra Erlend Apneseth trio &#8211; Norges nye stjerner i folkemusikk m\u00f8ter \u00e5pen klasse kategorien \u2013 er laget med skatter fra folkemusikkarkivene som utgangspunkt, og l\u00e5ter annerledes enn alt du har h\u00f8rt f\u00f8r. B\u00e5de debutalbumet &quot;Det Andre Rommet\u00bb og oppf\u00f8lgeren \u00ab\u00c5ra\u00bb ble nominert til Spellemannpriser og var et amalgam av gammelt og nytt. Musikken p\u00e5 det nye albumet ble opprinnelig bestilt av Bergen Kj\u00f8tt og er ogs\u00e5 delvis innspilt og mikset der. Albumet gjestes av akkordeonist og komponisten Frode Haltli \u2013 som ogs\u00e5 hadde med Apneseth i besetningen p\u00e5 sitt sitt mesterlige album &quot;Avant Folk\u201d fra 2018.<\/p>\n<p><!--more--><\/p>\n<p>Det tredje albumet fra Erlend Apneseth trio &#8211; Norges nye stjerner i folkemusikk m\u00f8ter \u00e5pen klasse kategorien \u2013 er laget med skatter fra folkemusikkarkivene som utgangspunkt, og l\u00e5ter annerledes enn alt du har h\u00f8rt f\u00f8r. B\u00e5de debutalbumet &quot;Det Andre Rommet\u00bb og oppf\u00f8lgeren \u00ab\u00c5ra\u00bb ble nominert til Spellemannpriser og var et amalgam av gammelt og nytt. Musikken p\u00e5 det nye albumet ble opprinnelig bestilt av Bergen Kj\u00f8tt og er ogs\u00e5 delvis innspilt og mikset der. Albumet gjestes av akkordeonist og komponisten Frode Haltli \u2013 som ogs\u00e5 hadde med Apneseth i besetningen p\u00e5 sitt sitt mesterlige album &quot;Avant Folk\u201d fra 2018.<\/p>\n<h4><\/h4>\n<\/p>\n<h4><\/h4>\n<p><h4><\/h4>\n<\/p>\n<p><\/p>","protected":false},"excerpt":{"rendered":"<p>L\u00e5ter annerledes enn alt du har h\u00f8rt tidligere.<\/p>\n","protected":false},"featured_media":36566,"comment_status":"closed","ping_status":"open","template":"","meta":[],"product_brand":[],"product_cat":[36],"product_tag":[],"class_list":{"0":"post-36565","1":"product","2":"type-product","3":"status-publish","4":"has-post-thumbnail","6":"product_cat-hubro","7":"product_shipping_class-cddvd-shipping","8":"uni_artist_tag-erlend-apneseth","9":"uni_artist_tag-erlend-apneseth-trio","10":"uni_artist_tag-frode-haltli","11":"uni_artist_tag-oyvind-hegg-lunde","12":"uni_artist_tag-stephan-meidell","13":"uni_main_artist_tag-erlend-apneseth-trio","14":"uni_artist_genre-folk-music","15":"uni_artist_genre-rock","17":"first","18":"instock","19":"taxable","20":"shipping-taxable","21":"purchasable","22":"product-type-simple"},"_links":{"self":[{"href":"https:\/\/grappa.no\/no\/wp-json\/wp\/v2\/product\/36565","targetHints":{"allow":["GET"]}}],"collection":[{"href":"https:\/\/grappa.no\/no\/wp-json\/wp\/v2\/product"}],"about":[{"href":"https:\/\/grappa.no\/no\/wp-json\/wp\/v2\/types\/product"}],"replies":[{"embeddable":true,"href":"https:\/\/grappa.no\/no\/wp-json\/wp\/v2\/comments?post=36565"}],"wp:featuredmedia":[{"embeddable":true,"href":"https:\/\/grappa.no\/no\/wp-json\/wp\/v2\/media\/36566"}],"wp:attachment":[{"href":"https:\/\/grappa.no\/no\/wp-json\/wp\/v2\/media?parent=36565"}],"wp:term":[{"taxonomy":"product_brand","embeddable":true,"href":"https:\/\/grappa.no\/no\/wp-json\/wp\/v2\/product_brand?post=36565"},{"taxonomy":"product_cat","embeddable":true,"href":"https:\/\/grappa.no\/no\/wp-json\/wp\/v2\/product_cat?post=36565"},{"taxonomy":"product_tag","embeddable":true,"href":"https:\/\/grappa.no\/no\/wp-json\/wp\/v2\/product_tag?post=36565"}],"curies":[{"name":"wp","href":"https:\/\/api.w.org\/{rel}","templated":true}]}}