{"id":36534,"date":"2019-05-31T00:00:00","date_gmt":"2019-05-30T23:00:00","guid":{"rendered":"https:\/\/www.grappa.no\/no\/albums\/ukategorisert\/vassvik-gakti\/"},"modified":"2019-06-24T14:19:31","modified_gmt":"2019-06-24T13:19:31","slug":"gakti","status":"publish","type":"product","link":"https:\/\/grappa.no\/no\/albums\/heilo\/gakti\/","title":{"rendered":"G\u00e1kti"},"content":{"rendered":"<p><\/p>\n<p>Vokal- og perkusjonsritualer oppdatert for det 21. \u00e5rhundre.<\/p>\n<p>Med utgangspunkt i Torgeir Vassviks kraftfulle joik utforsker VASSVIK spennet mellom improvisasjons- og tradisjonsmusikk. Med p\u00e5 laget er de meriterte br\u00f8drene Rasmus og Hans P. Kjorstad, og lydtekniker Audun Strype. Den s\u00e6regne blandingen av eksperimentelle strenger og joik skaper et lydlandskap som best kan beskrives som &quot;progressiv joik med moderne strykere; kraftfullt, sensuelt og meditativt.\u201d<\/p>\n<p><!--more--><\/p>\n<p>\u00abKjernen i den samiske kulturen er animismen: alt lever, alt henger sammen. G\u00e1kti er den ofte fargerike drakten som vi samer er s\u00e5 heldige \u00e5 ha. Den har en videre betydning enn som plagg alene og den drar oppmerksomhet mot v\u00e5r kultur og er med p\u00e5 \u00e5 holde v\u00e5r identitet i live. Den beskytter oss p\u00e5 en lignende m\u00e5te som isen som dekker viktige deler av jorden v\u00e5r. Min personlige G\u00e1kti er min musikk, den har dype r\u00f8tter i den tradisjonelle joiken og i samisk kultur. Samtidig har jeg en stor pasjon for \u00e5 skape nye m\u00f8nstre, utf\u00f8re lydeksperimenter og oppdatere den animistiske tradisjonen.\u00bb -Torgeir Vassvik<\/p>\n<h4>G\u00e1kti<\/h4>\n<p>Musikken er et s\u00f8ml\u00f8st forhold mellom joik, gitar- og fele-riff. Den er rytmisk suggererende, \u00e5pen, rik og nyansert, og ved \u00e5 kombinere en tydelig og overbevisende forankring i tradisjonsmusikk med viljen og evnen til \u00e5 utforske og eksperimentere, lykkes VASSVIK i \u00e5 skape et uttrykk som er meditativt, sensuelt og kraftfullt.<br \/>\n\u201dTorgeir Vassvik&#8217;s latest album G\u00e1kti is a compelling soundworld that blurs the line between music and nature itself. By fusing together Sami vocal art, electronic and avant folk textures and what can only be called &#8211; a deep shamanic blues \u2013 Vassvik has created something enlightening and transformative. It is a 21st century soul music, that mines the past while it searches for the future.\u201d -Chris Eckman, Glitterbeat<\/p>\n<h4>Konserter<\/h4>\n<p>Nordic Folk Alliance (SE) 10-12. April<br \/>\nCafeteatret, Oslo (NO) 07. Juni<br \/>\nOrigin Festival, Rich Mix, London (UK) 11. og 13. Juni<br \/>\nSommelo Festival (FI) 28. Juni<br \/>\nF\u00f8rdefestivalen (NO) 6. Juli<br \/>\nFan\u00f8 Free Folk Festival (DK) 26. Juli<br \/>\nHimmelstorm Festival (DK) 28. Juli<br \/>\nM\u00e9ra World Music Festival (RO) 4. August<br \/>\nAncient Trance, Taucha (DE) 9. August<\/p>\n<h4><\/h4>\n<\/p>\n<p><\/p>","protected":false},"excerpt":{"rendered":"<p>Avant-Garde Joik med moderne strykere; kraftfullt, sensuelt og meditativt.<\/p>\n","protected":false},"featured_media":36536,"comment_status":"closed","ping_status":"open","template":"","meta":[],"product_brand":[],"product_cat":[35],"product_tag":[],"class_list":{"0":"post-36534","1":"product","2":"type-product","3":"status-publish","4":"has-post-thumbnail","6":"product_cat-heilo","7":"product_shipping_class-cddvd-shipping","8":"uni_artist_tag-audun-strype","9":"uni_artist_tag-hans-p-kjorstad","10":"uni_artist_tag-rasmus-kjorstad","11":"uni_artist_tag-torgeir-vassvik","12":"uni_artist_tag-vassvik","13":"uni_main_artist_tag-vassvik","14":"uni_artist_genre-traditional","15":"uni_artist_genre-world-music","17":"first","18":"instock","19":"taxable","20":"shipping-taxable","21":"purchasable","22":"product-type-simple"},"_links":{"self":[{"href":"https:\/\/grappa.no\/no\/wp-json\/wp\/v2\/product\/36534","targetHints":{"allow":["GET"]}}],"collection":[{"href":"https:\/\/grappa.no\/no\/wp-json\/wp\/v2\/product"}],"about":[{"href":"https:\/\/grappa.no\/no\/wp-json\/wp\/v2\/types\/product"}],"replies":[{"embeddable":true,"href":"https:\/\/grappa.no\/no\/wp-json\/wp\/v2\/comments?post=36534"}],"wp:featuredmedia":[{"embeddable":true,"href":"https:\/\/grappa.no\/no\/wp-json\/wp\/v2\/media\/36536"}],"wp:attachment":[{"href":"https:\/\/grappa.no\/no\/wp-json\/wp\/v2\/media?parent=36534"}],"wp:term":[{"taxonomy":"product_brand","embeddable":true,"href":"https:\/\/grappa.no\/no\/wp-json\/wp\/v2\/product_brand?post=36534"},{"taxonomy":"product_cat","embeddable":true,"href":"https:\/\/grappa.no\/no\/wp-json\/wp\/v2\/product_cat?post=36534"},{"taxonomy":"product_tag","embeddable":true,"href":"https:\/\/grappa.no\/no\/wp-json\/wp\/v2\/product_tag?post=36534"}],"curies":[{"name":"wp","href":"https:\/\/api.w.org\/{rel}","templated":true}]}}