{"id":36515,"date":"2019-03-15T00:00:00","date_gmt":"2019-03-14T23:00:00","guid":{"rendered":"https:\/\/www.grappa.no\/no\/albums\/ukategorisert\/the-exotica-album\/"},"modified":"2021-04-30T19:49:11","modified_gmt":"2021-04-30T18:49:11","slug":"the-exotica-album","status":"publish","type":"product","link":"https:\/\/grappa.no\/no\/albums\/hubro\/the-exotica-album\/","title":{"rendered":"The Exotica Album"},"content":{"rendered":"<p><\/p>\n<p>Maksimal musikk tro til sine inspirasjonskilder.  P\u00e5 \u201dThe Exotica Album\u201d kombinerer komponist \u00d8yvind Torvund en rekke inspirasjonskilder, fra 50 og 60-tallets \u201dexotica\u201d eller \u201dlounge\u201d, til en rekke historiske referansepunkter som tidlig elektronisk musikk og tegneseriemusikk.   \u201dThe Exotica Album\u201d ble bestilt av Bit20 Ensemble og hadde premiere p\u00e5 Oslo Connect Festival i mai 2017. Med p\u00e5 laget er ensembleleder Trond Madsen og stjernegjester Kjetil M\u00f8ster p\u00e5 saxofon og J\u00f8rgen Tr\u00e6en p\u00e5 elektronikk.  Resultatet er alt annen enn en t\u00f8rr og akademisk tiln\u00e6rming til forhenv\u00e6rende kilder, men tilbyr en stadig avledende lytteopplevelse hvor forandringsfrekvensen aldri slutter. P\u00e5 tross av rikdommen av referanser og inspirasjon utvikler \u00d8yvind Torvund sitt eget musikalske spr\u00e5k, p\u00e5 samme m\u00e5te som The Exotica Album bevarer sin egen strukturelle integritet ved \u00e5 skape en tydelig overspennende form som st\u00f8tter opp myriaden av stadig utviklende musikalske deler. Tro til kjernen i sine kilder, enten exotica eller elektronisk modernisme, oppleves \u201dThe Exotica Album\u201d likevel imponerende nytt, ved \u00e5 gj\u00f8re \u00e6re p\u00e5 den store tradisjonen av lydmessig eksperimentering ved \u00e5 modig g\u00e5 s\u00e5 langt ut de kan.<\/p>\n<p><!--more--><\/p>\n<p>P\u00e5 \u201dThe Exotica Album\u201d kombinerer komponist \u00d8yvind Torvund en rekke inspirasjonskilder, fra 50 og 60-tallets \u201dexotica\u201d eller \u201dlounge\u201d, til en rekke historiske referansepunkter som tidlig elektronisk musikk og tegneseriemusikk.<\/p>\n<h4>Maksimal musikk tro til sine inspirasjonskilder<\/h4>\n<p>Resultatet er alt annen enn en t\u00f8rr og akademisk tiln\u00e6rming til forhenv\u00e6rende kilder, men tilbyr en stadig avledende lytteopplevelse hvor forandringsfrekvensen aldri slutter. P\u00e5 tross av rikdommen av referanser og inspirasjon utvikler \u00d8yvind Torvund sitt eget musikalske spr\u00e5k, p\u00e5 samme m\u00e5te som The Exotica Album bevarer sin egen strukturelle integritet ved \u00e5 skape en tydelig overspennende form som st\u00f8tter opp myriaden av stadig utviklende musikalske deler. Tro til kjernen i sine kilder, enten exotica eller elektronisk modernisme, oppleves \u201dThe Exotica Album\u201d likevel imponerende nytt, ved \u00e5 gj\u00f8re \u00e6re p\u00e5 den store tradisjonen av lydmessig eksperimentering ved \u00e5 modig g\u00e5 s\u00e5 langt ut de kan.<\/p>\n<h4><\/h4>\n<p><h4><\/h4>\n<\/p>\n<p><\/p>","protected":false},"excerpt":{"rendered":"<p>Tro til kjernen i sine kilder oppleves \u201dThe Exotica Album\u201d likevel som imponerende nytt.<\/p>\n","protected":false},"featured_media":36810,"comment_status":"closed","ping_status":"open","template":"","meta":[],"product_brand":[],"product_cat":[36],"product_tag":[],"class_list":{"0":"post-36515","1":"product","2":"type-product","3":"status-publish","4":"has-post-thumbnail","6":"product_cat-hubro","7":"product_shipping_class-cddvd-shipping","8":"uni_artist_tag-bit20-ensemble","9":"uni_artist_tag-jorgen-traeen","10":"uni_artist_tag-kjetil-traavik-moster","11":"uni_artist_tag-oyvind-torvund","12":"uni_artist_tag-trond-madsen","13":"uni_artist_genre-contemporary-music","15":"first","16":"instock","17":"taxable","18":"shipping-taxable","19":"purchasable","20":"product-type-variable","21":"has-default-attributes"},"_links":{"self":[{"href":"https:\/\/grappa.no\/no\/wp-json\/wp\/v2\/product\/36515","targetHints":{"allow":["GET"]}}],"collection":[{"href":"https:\/\/grappa.no\/no\/wp-json\/wp\/v2\/product"}],"about":[{"href":"https:\/\/grappa.no\/no\/wp-json\/wp\/v2\/types\/product"}],"replies":[{"embeddable":true,"href":"https:\/\/grappa.no\/no\/wp-json\/wp\/v2\/comments?post=36515"}],"wp:featuredmedia":[{"embeddable":true,"href":"https:\/\/grappa.no\/no\/wp-json\/wp\/v2\/media\/36810"}],"wp:attachment":[{"href":"https:\/\/grappa.no\/no\/wp-json\/wp\/v2\/media?parent=36515"}],"wp:term":[{"taxonomy":"product_brand","embeddable":true,"href":"https:\/\/grappa.no\/no\/wp-json\/wp\/v2\/product_brand?post=36515"},{"taxonomy":"product_cat","embeddable":true,"href":"https:\/\/grappa.no\/no\/wp-json\/wp\/v2\/product_cat?post=36515"},{"taxonomy":"product_tag","embeddable":true,"href":"https:\/\/grappa.no\/no\/wp-json\/wp\/v2\/product_tag?post=36515"}],"curies":[{"name":"wp","href":"https:\/\/api.w.org\/{rel}","templated":true}]}}