{"id":36512,"date":"2017-09-29T00:00:00","date_gmt":"2017-09-28T23:00:00","guid":{"rendered":"https:\/\/www.grappa.no\/no\/albums\/ukategorisert\/age-sten-nilsen-smooth-seas-dont-make-good-sailors\/"},"modified":"2020-08-21T08:56:56","modified_gmt":"2020-08-21T07:56:56","slug":"age-sten-nilsen-smooth-seas-dont-make-good-sailors","status":"publish","type":"product","link":"https:\/\/grappa.no\/no\/albums\/grappa\/age-sten-nilsen-smooth-seas-dont-make-good-sailors\/","title":{"rendered":"\u00c5ge Sten Nilsen: Smooth Seas (Don\u2019t Make Good Sailors)"},"content":{"rendered":"<p><\/p>\n<p>\u00c5ge Sten Nilsen &#8211; Smooth Seas (Don&#8217;t Make Good Sailors)  Smooth Seas (Don\u2019t Make Good Sailors) er et h\u00f8yst uventet og overraskende, helakustisk album fra en av Norges r\u00e5este og mest energiske rockeartister.   \u00c5ge Sten Nilsen er klar for \u00e5 vise frem en helt ny side av seg selv som l\u00e5tskriver og sanger. For f\u00f8rste gang kan \u00c5ge Sten Nilsens mykere stemmebruk nytes p\u00e5 album, slik n\u00e6rmere en halv million nordmenn har opplevd den folkekj\u00e6re artisten live gjennom sine Queen-tolkninger. Denne gangen oppleves det gjennom hans egen musikk og tekster, i ti sv\u00e6rt personlige og ettertenksomme komposisjoner.<\/p>\n<p><!--more--><\/p>\n<p>Nytt album fra \u00c5ge Sten Nilsen<\/p>\n<h4>Ny side<\/h4>\n<p>\u00c5ge Sten Nilsen er klar for \u00e5 vise frem en helt ny side av seg selv som l\u00e5tskriver og sanger. For f\u00f8rste gang kan \u00c5ge Sten Nilsens mykere stemmebruk nytes p\u00e5 album, slik n\u00e6rmere en halv million nordmenn har opplevd den folkekj\u00e6re artisten live gjennom sine Queen-tolkninger. Denne gangen oppleves det gjennom hans egen musikk og tekster, i ti sv\u00e6rt personlige og ettertenksomme komposisjoner.<\/p>\n<h4>Akustisk<\/h4>\n<p>En akustisk turn\u00e9 med amerikanske Dan Reed i 2016, med tittelen \u201dAcoustic Stories\u201d ga \u00c5ge Sten mersmak og lyst til \u00e5 ogs\u00e5 dele sine mer melankolske sider. I et sjangerfritt musikalsk landskap med elementer fra b\u00e5de roots, country, pop og rock, har han samarbeidet med produsent og strengemester Freddy Holm (El Corazon, Salmon Smokers, Henning Kvitnes m.fl). Med seg i bandet har han ogs\u00e5 Atle Rakv\u00e5g (bass), Magnus Buer Hansen (trommer) og Ola Aanje (piano). I tillegg bidrar Linda Kvam, som duettpartner p\u00e5 l\u00e5ten Mediterranean Sky.<\/p>\n<h4><\/h4>\n<\/p>\n<p><\/p>","protected":false},"excerpt":{"rendered":"<p>Smooth Seas (Don\u2019t Make Good Sailors) er et h\u00f8yst uventet og overraskende, helakustisk album fra en av Norges r\u00e5este og mest energiske rockeartister.<\/p>\n","protected":false},"featured_media":34256,"comment_status":"closed","ping_status":"open","template":"","meta":[],"product_brand":[],"product_cat":[6],"product_tag":[],"class_list":{"0":"post-36512","1":"product","2":"type-product","3":"status-publish","4":"has-post-thumbnail","6":"product_cat-grappa","7":"product_shipping_class-cddvd-shipping","8":"uni_artist_tag-age-sten-nilsen","9":"uni_artist_tag-atle-rakvag","10":"uni_artist_tag-freddy-holm","11":"uni_artist_tag-ola-aanje","12":"uni_artist_tag-tore-johannes-skauen","13":"uni_main_artist_tag-age-sten-nilsen","14":"uni_artist_genre-folk-music","15":"uni_artist_genre-rock","16":"uni_artist_genre-singersongwriter","18":"first","19":"instock","20":"taxable","21":"shipping-taxable","22":"purchasable","23":"product-type-variable","24":"has-default-attributes"},"_links":{"self":[{"href":"https:\/\/grappa.no\/no\/wp-json\/wp\/v2\/product\/36512","targetHints":{"allow":["GET"]}}],"collection":[{"href":"https:\/\/grappa.no\/no\/wp-json\/wp\/v2\/product"}],"about":[{"href":"https:\/\/grappa.no\/no\/wp-json\/wp\/v2\/types\/product"}],"replies":[{"embeddable":true,"href":"https:\/\/grappa.no\/no\/wp-json\/wp\/v2\/comments?post=36512"}],"wp:featuredmedia":[{"embeddable":true,"href":"https:\/\/grappa.no\/no\/wp-json\/wp\/v2\/media\/34256"}],"wp:attachment":[{"href":"https:\/\/grappa.no\/no\/wp-json\/wp\/v2\/media?parent=36512"}],"wp:term":[{"taxonomy":"product_brand","embeddable":true,"href":"https:\/\/grappa.no\/no\/wp-json\/wp\/v2\/product_brand?post=36512"},{"taxonomy":"product_cat","embeddable":true,"href":"https:\/\/grappa.no\/no\/wp-json\/wp\/v2\/product_cat?post=36512"},{"taxonomy":"product_tag","embeddable":true,"href":"https:\/\/grappa.no\/no\/wp-json\/wp\/v2\/product_tag?post=36512"}],"curies":[{"name":"wp","href":"https:\/\/api.w.org\/{rel}","templated":true}]}}