{"id":36503,"date":"2019-03-22T00:00:00","date_gmt":"2019-03-21T23:00:00","guid":{"rendered":"https:\/\/www.grappa.no\/no\/albums\/ukategorisert\/the-mechanical-fair-live\/"},"modified":"2019-04-01T05:50:05","modified_gmt":"2019-04-01T04:50:05","slug":"the-mechanical-fair-live","status":"publish","type":"product","link":"https:\/\/grappa.no\/no\/albums\/grappa\/the-mechanical-fair-live\/","title":{"rendered":"The Mechanical Fair &#8211; Live"},"content":{"rendered":"<p><\/p>\n<p>Den ultimate versjonen<\/p>\n<p>Ola Kvernbergs Steamdome var et av de mest oppsiktsvekkende albumet som kom v\u00e5r vei i 2017. Sjamanistisk oppslukende og omsluttende: dels fremtiden-jazz, dels EDM, en god dose avant-rock, en del moderne-klassisk, omsluttende sjamanistisk. Det var Kvernbergs oppf\u00f8lger til 2014 gjennombruddet \u00abThe Mechanical Fair\u00bb, som n\u00e5 utgis i en omkalibrert versjon innspilt live p\u00e5 Molde International Jazzfestival i 2016. Det er definitivt likheter mellom Steamdome og The Mechanical Fair Live, noe annet er ikke \u00e5 vente n\u00e5r begge verkene kommer fra samme penn. Men p\u00e5 overflaten kunne de to albumene nesten ikke v\u00e6re annerledes. Steamdome h\u00f8rtes ut som at alle involverte dundret avg\u00e5rde i en lastebil p\u00e5 3,4-metylendioxy-metamfetamin. Tenk de mest intense \u00f8yeblikkene i Stravinsky&#8217;s V\u00e5rofferet. I motsetning er The Mechanical Fair Live restorativ, lyrisk, balsam for sjelen, en slags yin til sett i forhold til forgjengerens beserker yang. Verket ble f\u00f8rst fremf\u00f8rt i 2013, gikk gjennom en kvintettversjon, en versjon med strykere f\u00f8r verket ble innspilt og utgitt i 2014. I 2016 relanserte Todd Terje albumet p\u00e5 LP sammen med en remix. Verket har fortsatt \u00e5 utvikle seg og for Kvernberg var det viktig \u00e5 f\u00e5 utgitt denne live-versjonen som n\u00e5 gj\u00f8res tilgjengelig som en limited edition 2LP. &quot;Molde f\u00f8ltes som f\u00f8rste gang vi klarte \u00e5 f\u00e5 ut potensialet i musikken i sin helhet,&quot; sier Kvernberg. &quot;Uten kompromisser som blir gjort av budsjettgrunner eller p\u00e5 grunn av for lite \u00f8vingstid. S\u00e5 kanskje den ultimate versjonen er den beste beskrivelsen. &quot;<\/p>\n<p><!--more--><\/p>\n<p>Ola Kvernbergs Steamdome var et av de mest oppsiktsvekkende albumet som kom v\u00e5r vei i 2017. Sjamanistisk oppslukende og omsluttende: dels fremtiden-jazz, dels EDM, en god dose avant-rock, en del moderne-klassisk, omsluttende sjamanistisk. Det var Kvernbergs oppf\u00f8lger til 2014 gjennombruddet \u00abThe Mechanical Fair\u00bb, som n\u00e5 utgis i en omkalibrert versjon innspilt live p\u00e5 Molde International Jazzfestival i 2016.<\/p>\n<h4><\/h4>\n<\/p>\n<h4><\/h4>\n<p><h4><\/h4>\n<\/p>\n<p><\/p>","protected":false},"excerpt":{"rendered":"<p>Molde f\u00f8ltes som f\u00f8rste gang vi klarte \u00e5 f\u00e5 ut potensialet i musikken i sin helhet,&quot; sier Kvernberg. &quot;Uten kompromisser som blir gjort av budsjettgrunner eller p\u00e5 grunn av for lite \u00f8vingstid. S\u00e5 kanskje den ultimate versjonen er den beste beskrivelsen. &quot;<\/p>\n","protected":false},"featured_media":36505,"comment_status":"closed","ping_status":"open","template":"","meta":[],"product_brand":[],"product_cat":[6],"product_tag":[],"class_list":{"0":"post-36503","1":"product","2":"type-product","3":"status-publish","4":"has-post-thumbnail","6":"product_cat-grappa","7":"product_shipping_class-vinyl-shipping","8":"uni_artist_tag-anja-lauvdal","9":"uni_artist_tag-eirik-hegdal","10":"uni_artist_tag-erik-nylander","11":"uni_artist_tag-even-helte-hermansen","12":"uni_artist_tag-kirsti-huke","13":"uni_artist_tag-kristoffer-lo","14":"uni_artist_tag-ola-kvernberg","15":"uni_artist_tag-ole-morten-vagan","16":"uni_artist_tag-petter-vagan","17":"uni_artist_tag-trondheimsolistene","18":"uni_main_artist_tag-ola-kvernberg","19":"uni_artist_genre-jazz","21":"first","22":"instock","23":"taxable","24":"shipping-taxable","25":"purchasable","26":"product-type-simple"},"_links":{"self":[{"href":"https:\/\/grappa.no\/no\/wp-json\/wp\/v2\/product\/36503","targetHints":{"allow":["GET"]}}],"collection":[{"href":"https:\/\/grappa.no\/no\/wp-json\/wp\/v2\/product"}],"about":[{"href":"https:\/\/grappa.no\/no\/wp-json\/wp\/v2\/types\/product"}],"replies":[{"embeddable":true,"href":"https:\/\/grappa.no\/no\/wp-json\/wp\/v2\/comments?post=36503"}],"wp:featuredmedia":[{"embeddable":true,"href":"https:\/\/grappa.no\/no\/wp-json\/wp\/v2\/media\/36505"}],"wp:attachment":[{"href":"https:\/\/grappa.no\/no\/wp-json\/wp\/v2\/media?parent=36503"}],"wp:term":[{"taxonomy":"product_brand","embeddable":true,"href":"https:\/\/grappa.no\/no\/wp-json\/wp\/v2\/product_brand?post=36503"},{"taxonomy":"product_cat","embeddable":true,"href":"https:\/\/grappa.no\/no\/wp-json\/wp\/v2\/product_cat?post=36503"},{"taxonomy":"product_tag","embeddable":true,"href":"https:\/\/grappa.no\/no\/wp-json\/wp\/v2\/product_tag?post=36503"}],"curies":[{"name":"wp","href":"https:\/\/api.w.org\/{rel}","templated":true}]}}