{"id":36502,"date":"2019-02-15T00:00:00","date_gmt":"2019-02-14T23:00:00","guid":{"rendered":"https:\/\/www.grappa.no\/no\/albums\/ukategorisert\/hver-gang-vi-motes\/"},"modified":"2019-05-14T10:32:52","modified_gmt":"2019-05-14T09:32:52","slug":"hver-gang-vi-motes","status":"publish","type":"product","link":"https:\/\/grappa.no\/no\/albums\/grappa\/hver-gang-vi-motes\/","title":{"rendered":"Hver gang vi m\u00f8tes"},"content":{"rendered":"<p><\/p>\n<p>Hver gang vi m\u00f8tes, sesong 8<\/p>\n<p>Den \u00e5ttende sesongen av \u00abHver gang vi m\u00f8tes\u00bb finner sted p\u00e5 Vestre Kj\u00e6rnes g\u00e5rd utenfor Moss, og i \u00e5r er det Elisabeth Andreassen, Trine Rein, Maria Haukaas Mittet, Sol Heilo, Tom Mathisen, Lars Bremnes og Petter \u00abKatastrofe\u00bb Kristiansen som byr seere og lyttere inn p\u00e5 uforglemmelige musikalske \u00f8yeblikk, historier, hygge og moro. <\/p>\n<p>Her finner du 24 minneverdige l\u00e5ter fra denne sesongen, inkluderer blant annet Bettans cover av \u00abWhen Heroes Are Made\u00bb, Sol Heilos versjon av \u00abHold On Be Strong\u00bb, og ikke minst Petter Katastrofes nytolkning av \u00abLa det swinge\u00bb.<\/p>\n<p><!--more--><\/p>\n<p>Den \u00e5ttende sesongen av \u00abHver gang vi m\u00f8tes\u00bb finner sted p\u00e5 Vestre Kj\u00e6rnes g\u00e5rd utenfor Moss, og i \u00e5r er det Elisabeth Andreassen, Trine Rein, Maria Haukaas Mittet, Sol Heilo, Tom Mathisen, Lars Bremnes og Petter \u00abKatastrofe\u00bb Kristiansen som byr seere og lyttere inn p\u00e5 uforglemmelige musikalske \u00f8yeblikk, historier, hygge og moro.<\/p>\n<h4><\/h4>\n<\/p>\n<h4><\/h4>\n<p><h4><\/h4>\n<\/p>\n<p><\/p>","protected":false},"excerpt":{"rendered":"<p>24 minneverdige l\u00e5ter fra denne sesongen<\/p>\n","protected":false},"featured_media":36504,"comment_status":"closed","ping_status":"open","template":"","meta":[],"product_brand":[],"product_cat":[6],"product_tag":[],"class_list":{"0":"post-36502","1":"product","2":"type-product","3":"status-publish","4":"has-post-thumbnail","6":"product_cat-grappa","7":"product_shipping_class-cddvd-shipping","8":"uni_artist_tag-alexander-rybak","9":"uni_artist_tag-anne-judith-wik","10":"uni_artist_tag-anne-marit-bergheim","11":"uni_artist_tag-britt-viberg","12":"uni_artist_tag-danielle-brisebois","13":"uni_artist_tag-david-malloy","14":"uni_artist_tag-david-paich","15":"uni_artist_tag-eddie-rabbit","16":"uni_artist_tag-elisabeth-andreassen","17":"uni_artist_tag-erik-smaaland","18":"uni_artist_tag-even-stevens","19":"uni_artist_tag-george-david-weiss","20":"uni_artist_tag-hallgeir-rustan","21":"uni_artist_tag-herodes-falsk","22":"uni_artist_tag-jahn-teigen","23":"uni_artist_tag-jerry-ragovoy","24":"uni_artist_tag-jesper-borgen","25":"uni_artist_tag-kari-bremnes","26":"uni_artist_tag-kenneth-gardestad","27":"uni_artist_tag-kristian-kvalvaag","28":"uni_artist_tag-kristoffer-tommerbakke","29":"uni_artist_tag-lars-bremnes","30":"uni_artist_tag-maria-haukaas-mittet","31":"uni_artist_tag-marianne-sveen","32":"uni_artist_tag-marie-klapbakken","33":"uni_artist_tag-mats-rybo","34":"uni_artist_tag-mira-craig","35":"uni_artist_tag-oystein-lund-olafsen","36":"uni_artist_tag-pernille-torp-holte","37":"uni_artist_tag-petter-bjorklund-kristiansen","38":"uni_artist_tag-petter-katastrofe","39":"uni_artist_tag-robert-ellis-orral","40":"uni_artist_tag-rolf-lovland","41":"uni_artist_tag-ronny-wikmark","42":"uni_artist_tag-scott-cutler","43":"uni_artist_tag-simon-walker","44":"uni_artist_tag-solveig-heilo","45":"uni_artist_tag-ted-gardestad","46":"uni_artist_tag-tom-mathisen","47":"uni_artist_tag-tor-egil-kreken","48":"uni_artist_tag-torjus-vierli","49":"uni_artist_tag-torstein-lofthus","50":"uni_artist_tag-tove-karoline-knutsen","51":"uni_artist_tag-trine-rein","52":"uni_artist_tag-truls-hval","53":"uni_artist_tag-ville-hukkinen","54":"uni_artist_tag-ville-puusa","56":"first","57":"instock","58":"taxable","59":"shipping-taxable","60":"purchasable","61":"product-type-simple"},"_links":{"self":[{"href":"https:\/\/grappa.no\/no\/wp-json\/wp\/v2\/product\/36502","targetHints":{"allow":["GET"]}}],"collection":[{"href":"https:\/\/grappa.no\/no\/wp-json\/wp\/v2\/product"}],"about":[{"href":"https:\/\/grappa.no\/no\/wp-json\/wp\/v2\/types\/product"}],"replies":[{"embeddable":true,"href":"https:\/\/grappa.no\/no\/wp-json\/wp\/v2\/comments?post=36502"}],"wp:featuredmedia":[{"embeddable":true,"href":"https:\/\/grappa.no\/no\/wp-json\/wp\/v2\/media\/36504"}],"wp:attachment":[{"href":"https:\/\/grappa.no\/no\/wp-json\/wp\/v2\/media?parent=36502"}],"wp:term":[{"taxonomy":"product_brand","embeddable":true,"href":"https:\/\/grappa.no\/no\/wp-json\/wp\/v2\/product_brand?post=36502"},{"taxonomy":"product_cat","embeddable":true,"href":"https:\/\/grappa.no\/no\/wp-json\/wp\/v2\/product_cat?post=36502"},{"taxonomy":"product_tag","embeddable":true,"href":"https:\/\/grappa.no\/no\/wp-json\/wp\/v2\/product_tag?post=36502"}],"curies":[{"name":"wp","href":"https:\/\/api.w.org\/{rel}","templated":true}]}}