{"id":36496,"date":"2018-11-16T00:00:00","date_gmt":"2018-11-15T23:00:00","guid":{"rendered":"https:\/\/www.grappa.no\/no\/albums\/ukategorisert\/et-stille-sted\/"},"modified":"2020-08-21T08:57:09","modified_gmt":"2020-08-21T07:57:09","slug":"et-stille-sted","status":"publish","type":"product","link":"https:\/\/grappa.no\/no\/albums\/grappa\/et-stille-sted\/","title":{"rendered":"Et stille sted"},"content":{"rendered":"<p><\/p>\n<p>Maj Britt synger Lars Saabye Christensen  Maj Britt Andersen har sunget seg inn i den norske folkesjelen med sine mange plater for barn og unge. N\u00e5 er hun klar med et album for voksne, med tekster av Lars Saabye Christensen.  Albumet, som har f\u00e5tt tittelen \u00abEt stille sted\u00bb, er spilt inn i Store Studio p\u00e5 NRK, sammen med Kringkastingsorkestret og Truls M\u00f8rk. Stjerneskuddet Daniela Reyes Holmsen, som ogs\u00e5 er Maj Britts datter, bidrar p\u00e5 albumet, sammen med pianist Ivar Anton Waagaard. Som tidligere er det Andersens mann og musikalske samarbeidspartner gjennom mange \u00e5r, Geir Holmsen, som st\u00e5r for melodiene og arrangementene.  Resultatet er vakkert og spenner fra det helt nedstrippet enkle til noe av det mest storslagne vi har h\u00f8rt fra Maj Britt noensinne.<\/p>\n<p><!--more--><\/p>\n<p>Maj Britt Andersen slipper nytt album med tekster av Lars Saabye Christensen, spilt inn med Kringkastningsorkesteret.<\/p>\n<h4><\/h4>\n<p>Albumet er spilt inn i Store Studio p\u00e5 NRK, sammen med KORK og Truls M\u00f8rk. Stjerneskuddet Daniela Reyes Holmsen, som ogs\u00e5 er Maj Britts datter, bidrar p\u00e5 albumet, sammen med pianist Ivar Anton Waagaard. Som tidligere er det Andersens mann og musikalske samarbeidspartner gjennom mange \u00e5r, Geir Holmsen, som st\u00e5r for melodiene og arrangementene.<\/p>\n<h4><\/h4>\n<p>Resultatet er vakkert, og spenner fra det helt nedstrippet enkle til noe av det mest storslagne vi har h\u00f8rt fra Maj Britt noensinne.  B\u00e5de Maj Britt, Geir, Lars og Truls som alle var tilstede under innspillingen i Store Studio, opplevde de to innspillingsdagene der som magiske.<\/p>\n<h4><\/h4>\n<p>16. november slippes albumet \u00abEt stille sted\u00bb p\u00e5 Grappa Musikkforlag. 23. oktober spiller Maj Britt, KORK og hele ensemblet en eksklusiv slippkonsert i Store Studio p\u00e5 NRK.<\/p>\n<p><\/p>","protected":false},"excerpt":{"rendered":"<p>Et spenn fra det helt nedstrippet enkle til noe av det mest storslagne vi har h\u00f8rt fra Maj Britt noensinne.<\/p>\n","protected":false},"featured_media":36207,"comment_status":"closed","ping_status":"open","template":"","meta":[],"product_brand":[],"product_cat":[6],"product_tag":[],"class_list":{"0":"post-36496","1":"product","2":"type-product","3":"status-publish","4":"has-post-thumbnail","6":"product_cat-grappa","7":"product_shipping_class-cddvd-shipping","8":"uni_artist_tag-daniela-reyes-holmsen","9":"uni_artist_tag-geir-holmsen","10":"uni_artist_tag-ivar-anton-waagaard","11":"uni_artist_tag-kringkastingsorkestret","12":"uni_artist_tag-maj-britt-andersen","13":"uni_artist_tag-peter-szilvay","14":"uni_artist_tag-truls-mork","15":"uni_main_artist_tag-maj-britt-andersen","17":"first","18":"instock","19":"taxable","20":"shipping-taxable","21":"purchasable","22":"product-type-variable","23":"has-default-attributes"},"_links":{"self":[{"href":"https:\/\/grappa.no\/no\/wp-json\/wp\/v2\/product\/36496","targetHints":{"allow":["GET"]}}],"collection":[{"href":"https:\/\/grappa.no\/no\/wp-json\/wp\/v2\/product"}],"about":[{"href":"https:\/\/grappa.no\/no\/wp-json\/wp\/v2\/types\/product"}],"replies":[{"embeddable":true,"href":"https:\/\/grappa.no\/no\/wp-json\/wp\/v2\/comments?post=36496"}],"wp:featuredmedia":[{"embeddable":true,"href":"https:\/\/grappa.no\/no\/wp-json\/wp\/v2\/media\/36207"}],"wp:attachment":[{"href":"https:\/\/grappa.no\/no\/wp-json\/wp\/v2\/media?parent=36496"}],"wp:term":[{"taxonomy":"product_brand","embeddable":true,"href":"https:\/\/grappa.no\/no\/wp-json\/wp\/v2\/product_brand?post=36496"},{"taxonomy":"product_cat","embeddable":true,"href":"https:\/\/grappa.no\/no\/wp-json\/wp\/v2\/product_cat?post=36496"},{"taxonomy":"product_tag","embeddable":true,"href":"https:\/\/grappa.no\/no\/wp-json\/wp\/v2\/product_tag?post=36496"}],"curies":[{"name":"wp","href":"https:\/\/api.w.org\/{rel}","templated":true}]}}