{"id":36462,"date":"2019-03-29T00:00:00","date_gmt":"2019-03-28T23:00:00","guid":{"rendered":"https:\/\/www.grappa.no\/no\/albums\/ukategorisert\/oriental-winds-of-the-baroque\/"},"modified":"2020-05-06T08:14:10","modified_gmt":"2020-05-06T07:14:10","slug":"oriental-winds-of-the-baroque","status":"publish","type":"product","link":"https:\/\/grappa.no\/no\/albums\/simax-classics\/oriental-winds-of-the-baroque\/","title":{"rendered":"Oriental Winds of the Baroque"},"content":{"rendered":"<p><\/p>\n<p>Klangen av det multikulturelle Europa i barokken<\/p>\n<p>Gener\u00f8s og ustoppelig musikalitet er signaturen til den profilerte saxofonisten Rolf-Erik Nystr\u00f8m, kjent fra POING og en lang rekke rock, world, impro, og klassiske sammenhenger. Det \u00e5penbarer seg ogs\u00e5 p\u00e5 hans nye album. P\u00e5 en helt annerledes m\u00e5te, viser denne utgivelsen barokkmusikkens b\u00e5nd til orienten, det afrikanske kontinentet, S\u00f8r-Amerika og til Norden. Vi snakker om et helt usannsynlig svingende og bemerkelsesverdig album som fyller deg med glede! Barokkmusikken oppstod ikke i en magisk kilde i Sentral-Europa p\u00e5 1600-tallet. Tvert i mot ble den til gjennom innvandring, erobring, assimilering, \u00e5penhet og nysgjerrighet. Dette albumet griper tak i de klingende resultatene av det multikulturelle Europa i barokken, i tillegg til inspirasjonskildene som ligger bak. S\u00e5 her er det alts\u00e5 ikke et-og-et stykke, men sidestillinger og sammensmeltninger av hjertens lyst.<\/p>\n<p><!--more--><\/p>\n<p>Gener\u00f8s og ustoppelig musikalitet er signaturen til den profilerte saxofonisten Rolf-Erik Nystr\u00f8m, kjent fra POING og en lang rekke rock, world, impro, og klassiske sammenhenger. Han st\u00e5r i bresjen for Oriental Winds of the Baroque \u2013 et band som viser at en passacaglia er like universell som bluesen.<\/p>\n<h4>De reisende<\/h4>\n<p>P\u00e5 denne utgivelsen tar Nystr\u00f8m utgangspunkt i de siste \u00e5rs tiltagende nasjonalisme i Europa, og han initierte Oriental Winds of the Baroque for \u00e5 vise det historiske, \u00e5pne Europa. Som musiker reiser Rolf-Erik gjerne rundt 200 d\u00f8gn i \u00e5ret, i likhet med sine kolleger. M\u00f8tene og samspillene er mange, og musikantenes verdensomspennende nettverk er gammelt. De omreisende kunstnerne og historiefortellerne i tidligere tider brakte nyheter, musikk og poesi med seg, og l\u00e6rte av hverandre.<\/p>\n<h4>\u00abSlik de gjorde p\u00e5 Jesu tid\u00bb<\/h4>\n<p>Hvert enkelt spor p\u00e5 albumet er en fortelling: \u2019Blomstene kommer tilbake hvert \u00e5r, men ikke min datter\u2019 er teksten p\u00e5 balladen fra Lorestan. Merulas vuggesang, der Maria synger for sitt lille barn \u2019sov n\u00e5, mitt barn, snart vil smerten ta s\u00f8vnen fra deg\u2019. Folkesangeren Ragnar Vigdal hevdet \u00e5 synge slik de gjorde p\u00e5 Jesu tid, og Nils \u00d8kland har plukket opp en folketone etter ham. Den nedadg\u00e5ende bassfiguren i en passacaglia er mer universell enn bluesen \u2013 over hele verden danner den grunnlag for musikk. Her f\u00f8lger vi den hos Gaultier via improvisasjon, til Monteverdi.<\/p>\n<h4>Det multikulturelle Europa<\/h4>\n<p>Barokkmusikken oppstod ikke i en magisk kilde i Sentral-Europa p\u00e5 1600-tallet. Tvert i mot ble den til gjennom innvandring, erobring, assimilering, \u00e5penhet og nysgjerrighet. Dette albumet griper tak i de klingende resultatene av det multikulturelle Europa i barokken, i tillegg til inspirasjonskildene som ligger bak. S\u00e5 her er det alts\u00e5 ikke et-og-et stykke, men sidestillinger og sammensmeltninger av hjertens lyst.<\/p>\n<p><\/p>","protected":false},"excerpt":{"rendered":"<p>\u2013 Konseptet er glimrende, musikerne fabelaktige, eller til og med utrolige, og samspillet sitter som et skudd. Det svinger, musikerne er klangkunstnere som viser kjente og ukjente lyder, og de kan meditere og spille vakkert. [Magnus Andersson \/ Ballade]<\/p>\n","protected":false},"featured_media":36463,"comment_status":"closed","ping_status":"open","template":"","meta":[],"product_brand":[],"product_cat":[180],"product_tag":[],"class_list":{"0":"post-36462","1":"product","2":"type-product","3":"status-publish","4":"has-post-thumbnail","6":"product_cat-simax-classics","7":"product_shipping_class-cddvd-shipping","8":"uni_artist_tag-andrea-falconieri","9":"uni_artist_tag-claudio-monteverdi","10":"uni_artist_tag-diego-ortiz","11":"uni_artist_tag-elisabeth-holmertz","12":"uni_artist_tag-ennemond-gaultier","13":"uni_artist_tag-erik-gard-amundsen","14":"uni_artist_tag-francois-couperin","15":"uni_artist_tag-franz-ignaz-heinz-maria-von-biber","16":"uni_artist_tag-jesus-fernandez-baena","17":"uni_artist_tag-kouame-gerard-sereba","18":"uni_artist_tag-kouame-sereba","19":"uni_artist_tag-luyz-de-narvaez","20":"uni_artist_tag-nelson-da-rabeca","21":"uni_artist_tag-nils-okland","22":"uni_artist_tag-oriental-winds-of-the-baroque","23":"uni_artist_tag-rolf-erik-nystrom","24":"uni_artist_tag-tarquinio-merula","25":"uni_artist_tag-trad","26":"uni_artist_genre-crossover","27":"uni_artist_genre-early-music","28":"uni_artist_genre-world-music","30":"first","31":"instock","32":"taxable","33":"shipping-taxable","34":"purchasable","35":"product-type-simple"},"_links":{"self":[{"href":"https:\/\/grappa.no\/no\/wp-json\/wp\/v2\/product\/36462","targetHints":{"allow":["GET"]}}],"collection":[{"href":"https:\/\/grappa.no\/no\/wp-json\/wp\/v2\/product"}],"about":[{"href":"https:\/\/grappa.no\/no\/wp-json\/wp\/v2\/types\/product"}],"replies":[{"embeddable":true,"href":"https:\/\/grappa.no\/no\/wp-json\/wp\/v2\/comments?post=36462"}],"wp:featuredmedia":[{"embeddable":true,"href":"https:\/\/grappa.no\/no\/wp-json\/wp\/v2\/media\/36463"}],"wp:attachment":[{"href":"https:\/\/grappa.no\/no\/wp-json\/wp\/v2\/media?parent=36462"}],"wp:term":[{"taxonomy":"product_brand","embeddable":true,"href":"https:\/\/grappa.no\/no\/wp-json\/wp\/v2\/product_brand?post=36462"},{"taxonomy":"product_cat","embeddable":true,"href":"https:\/\/grappa.no\/no\/wp-json\/wp\/v2\/product_cat?post=36462"},{"taxonomy":"product_tag","embeddable":true,"href":"https:\/\/grappa.no\/no\/wp-json\/wp\/v2\/product_tag?post=36462"}],"curies":[{"name":"wp","href":"https:\/\/api.w.org\/{rel}","templated":true}]}}