{"id":36429,"date":"2019-03-01T00:00:00","date_gmt":"2019-02-28T23:00:00","guid":{"rendered":"https:\/\/www.grappa.no\/no\/albums\/ukategorisert\/paris-recital\/"},"modified":"2019-07-05T12:35:35","modified_gmt":"2019-07-05T11:35:35","slug":"paris-recital","status":"publish","type":"product","link":"https:\/\/grappa.no\/no\/albums\/simax-classics\/paris-recital\/","title":{"rendered":"Paris Recital"},"content":{"rendered":"<p><\/p>\n<p>Musikken Presti og Lagoya bestilte<\/p>\n<p>Duoen Ida Presti og Alexandre Lagoya var selve sentrum for gitarmusikk i Paris p\u00e5 1950 og 60-tallet. Energien i dette samarbeidet str\u00e5lte ut i musikkmilj\u00f8et og resulterte i masse nyskapende musikk for gitarduo. Stein-Erik Olsen og Egil Haugland er fremragende fortolkere av musikken fra gitarens gullalder. I 2009 gjorde Stein-Erik Olsen f\u00f8rstegangsinnspilling av musikk for gitarduo skrevet av Ida Presti, til stor begeistring hos kritikerne. Innspillingen gav inspirasjon til \u00e5 dykke dypere ned i musikken som ble skapt rundt samarbeidet mellom Presti og ektemann og duopartner Lagoya. Det er to meget erfarne gitarister som har funnet sammen igjen her; f\u00f8rste gang de spilte duo var s\u00e5 tidlig som midten av 1980-tallet. Den musikalske dialogen er preget av en intuitiv og kreativ musisering basert p\u00e5 respekt og \u00e5penhet for hverandres kunstneriske ideer. Olsen har en lang rekke kritikerroste utgivelser bak seg, bl.a sammen med Academy of St Martin in the Fields og Det Norske Kammerorkester. Haugland er ogs\u00e5 en internasjonalt anerkjent gitarbygger, og har publisert flere innspillinger som solist og kammermusiker.<\/p>\n<p><!--more--><\/p>\n<p>Duoen Ida Presti og Alexandre Lagoya var selve sentrum for gitarmusikk i Paris p\u00e5 1950 og 60-tallet. Energien i dette samarbeidet str\u00e5lte ut i musikkmilj\u00f8et og resulterte i masse nyskapende musikk for gitarduo. Stein-Erik Olsen og Egil Haugland er fremragende fortolkere av musikken fra gitarens gullalder.<\/p>\n<h4>Blant det beste som er skrevet for gitarduo<\/h4>\n<p>Stein-Erik Olsen er klar p\u00e5 at kvalitetene ved denne musikken er helt spesiell: \u00abDet er rett og slett mesterverker alt sammen, selvsagt blant det beste som er komponert for gitarduo. Alle verkene er skrevet i l\u00f8pet av seks \u00e5r av komponister med sv\u00e6rt individuell stil og musikalsk vokabular. Man h\u00f8rer umiddelbart at verkene er skrevet for to likeverdige gitarister med h\u00f8yt oppdrevet tekniske- og musikalske ferdigheter.\u00bb<\/p>\n<h4>Stein-Erik Olsen og Egil Haugland<\/h4>\n<p>Det er to meget erfarne gitarister som har funnet sammen igjen her; f\u00f8rste gang de spilte duo var s\u00e5 tidlig som midten av 1980-tallet. Den musikalske dialogen er preget av en intuitiv og kreativ musisering basert p\u00e5 respekt og \u00e5penhet for hverandres kunstneriske ideer. Olsen har en lang rekke kritikerroste utgivelser bak seg, bl.a sammen med Academy of St Martin in the Fields og Det Norske Kammerorkester. Haugland er ogs\u00e5 en internasjonalt anerkjent gitarbygger, og har publisert flere innspillinger som solist og kammermusiker.<\/p>\n<h4><\/h4>\n<\/p>\n<p><\/p>","protected":false},"excerpt":{"rendered":"<p>\u2013 Haugland og Olsen setter oss i Paris-stemning. [Klassekampen]<\/p>\n","protected":false},"featured_media":36430,"comment_status":"closed","ping_status":"open","template":"","meta":[],"product_brand":[],"product_cat":[180],"product_tag":[],"class_list":{"0":"post-36429","1":"product","2":"type-product","3":"status-publish","4":"has-post-thumbnail","6":"product_cat-simax-classics","7":"product_shipping_class-cddvd-shipping","8":"uni_artist_tag-andre-jolivet","9":"uni_artist_tag-egil-haugland","10":"uni_artist_tag-joaquin-rodrigo","11":"uni_artist_tag-mario-castelnuovo-tedesco","12":"uni_artist_tag-pierre-petit","13":"uni_artist_tag-simon-kiln","14":"uni_artist_tag-stein-erik-olsen","15":"uni_main_artist_tag-stein-erik-olsen","16":"uni_artist_genre-chamber-music","18":"first","19":"instock","20":"taxable","21":"shipping-taxable","22":"purchasable","23":"product-type-simple"},"_links":{"self":[{"href":"https:\/\/grappa.no\/no\/wp-json\/wp\/v2\/product\/36429","targetHints":{"allow":["GET"]}}],"collection":[{"href":"https:\/\/grappa.no\/no\/wp-json\/wp\/v2\/product"}],"about":[{"href":"https:\/\/grappa.no\/no\/wp-json\/wp\/v2\/types\/product"}],"replies":[{"embeddable":true,"href":"https:\/\/grappa.no\/no\/wp-json\/wp\/v2\/comments?post=36429"}],"wp:featuredmedia":[{"embeddable":true,"href":"https:\/\/grappa.no\/no\/wp-json\/wp\/v2\/media\/36430"}],"wp:attachment":[{"href":"https:\/\/grappa.no\/no\/wp-json\/wp\/v2\/media?parent=36429"}],"wp:term":[{"taxonomy":"product_brand","embeddable":true,"href":"https:\/\/grappa.no\/no\/wp-json\/wp\/v2\/product_brand?post=36429"},{"taxonomy":"product_cat","embeddable":true,"href":"https:\/\/grappa.no\/no\/wp-json\/wp\/v2\/product_cat?post=36429"},{"taxonomy":"product_tag","embeddable":true,"href":"https:\/\/grappa.no\/no\/wp-json\/wp\/v2\/product_tag?post=36429"}],"curies":[{"name":"wp","href":"https:\/\/api.w.org\/{rel}","templated":true}]}}