{"id":36415,"date":"2019-02-08T00:00:00","date_gmt":"2019-02-07T23:00:00","guid":{"rendered":"https:\/\/www.grappa.no\/no\/albums\/ukategorisert\/ore\/"},"modified":"2019-04-07T21:18:58","modified_gmt":"2019-04-07T20:18:58","slug":"ore","status":"publish","type":"product","link":"https:\/\/grappa.no\/no\/albums\/heilo\/ore\/","title":{"rendered":"\u00d8RE"},"content":{"rendered":"<p><\/p>\n<p>En hyllest til alle musikeres viktigste organ: \u00f8ret<\/p>\n<p>\u00d8RE er Hans Fredrik Jacobsens hyllest til alle musikeres viktigste organ. \u00c5 lytte, b\u00e5de til seg selv og andre, er det en musiker gj\u00f8r aller mest. Gjennom solospill og samspill med seg selv og medmusikere, samt en horde av instrumenter, viser han veien i sitt lyttende musikklandskap.<br \/>\n\u00d8RE er et genreoverskridende album, med elementer av mye av det musikeren har arbeidet med i sin mange\u00e5rige karriere. Her finner vi elementer av tidligmusikk, improvisert musikk, folkemusikk, viser, popul\u00e6rmusikk og s\u00e5kalt verdensmusikk. Denne miksen gir et fascinerende og h\u00f8yst personlig kunstnerisk uttrykk, der den r\u00f8de tr\u00e5den er variasjon og lek med kontraster, det \u00e5 la musikken, i utgangspunktet, str\u00f8mme uten tanke p\u00e5 om det passer sammen. Det har likevel blitt et helhetlig album, som viser hvorfor Hans Fredrik Jacobsen regnes for \u00e5 v\u00e6re en av Norges mest allsidige multiinstrumentalister.<\/p>\n<p><!--more--><\/p>\n<p>\u00d8RE er Hans Fredrik Jacobsens hyllest til alle musikeres viktigste organ. Gjennom solospill og samspill med seg selv og andre, samt en horde av instrumenter, viser han veien i sitt genreoverskridende musikklandskap.<\/p>\n<h4>Solo og samspill<\/h4>\n<p>Musikken p\u00e5 dette albumet veksler mellom solospill, samspill, og l\u00e5ter der Hans Fredrik Jacobsen leker seg i studio med \u00abtrick-innspillinger\u00bb, som det het i gamle dager, der han spiller alle instrumentene selv. Han har laget det meste av musikken, men det er ogs\u00e5 med noen tradl\u00e5ter, som til gjengjeld er ganske bearbeidet. Hans Fredrik Jacobsen forklarer vekslingen mellom samspillformer slik:<br \/>\n\u201d\u00c5 spille solo er en annen m\u00e5te \u00e5 lytte p\u00e5. Man lytter mer innover i seg selv. Etter \u00e5 ha arbeidet alene i studio en stund var det fint \u00e5 f\u00e5 med meg de som ellers er med her. Det er spennende med solospill, men i samspill skjer det ofte de mest fantastiske ting. Musikk er et spr\u00e5k. \u00c5 improvisere er som \u00e5 ha en samtale du aldri har hatt f\u00f8r. \u00d8ret tar deg med p\u00e5 ukjente reiser, og av og til kan en oppleve \u00e5 gj\u00f8re ting intuitivt uten \u00e5 kunne redegj\u00f8re helt for hva som skjedde etterp\u00e5. Det er evig fascinerende.\u201d<\/p>\n<h4>Genreoverskridende multiinstrumentalist<\/h4>\n<p>\u00d8RE er et genreoverskridende album, med elementer av mye av det musikeren har arbeidet med i sin mange\u00e5rige karriere. Her finner vi elementer av tidligmusikk, improvisert musikk, folkemusikk, viser, popul\u00e6rmusikk og s\u00e5kalt verdensmusikk. Denne miksen gir et fascinerende og h\u00f8yst personlig kunstnerisk uttrykk, der den r\u00f8de tr\u00e5den er variasjon og lek med kontraster, det \u00e5 la musikken, i utgangspunktet, str\u00f8mme uten tanke p\u00e5 om det passer sammen. Det har likevel blitt et helhetlig album, som viser hvorfor Hans Fredrik Jacobsen regnes for \u00e5 v\u00e6re en av Norges mest allsidige multiinstrumentalister.<\/p>\n<p>\u00d8RE er Hans Fredriks 4. soloplate. De tre f\u00f8rste var J\u00f3L (Via music 1998), Vind (Heilo 2004) og Tr\u00e5 dansen (Heilo 2013). I tillegg har han gitt ut Langt nord i skogen (KKV 1987) sammen med Tone Hulb\u00e6kmo, Himalaya Blues (Heilo 2004 sammen med Knut Reiersrud og den nepalske gruppen Varja), Seljefl\u00f8yta (Heilo 1997) med Steinar Ofsdal og Hallgrim Berg, og 3 album sammen med middelaldergruppa Kalenda Maya: Renaissance and medieval music (Simax 1985), Norse ballads (KKV 1989) og Pilegrimsreiser (KKV 1997). Hans Fredrik har medvirket p\u00e5 ca 100 album som studiomusiker, og har, ved siden av sitt lange samarbeid med Tone Hulb\u00e6kmo, ogs\u00e5 samarbeidet med blant annet Erik Bye, Sondre Bratland, Secret Garden, Sissel Kyrkjeb\u00f8, Annbj\u00f8rg Lien og poeter som Halldis Moren Vesaas, Ove R\u00f8sbak og Ola Jonsmoen.<\/p>\n<h4>Konserter<\/h4>\n<p>L\u00f8rdag 16 februar: Galleri T\u00f8ysentralen, Tolga<br \/>\nS\u00f8ndag 17. februar: Den gamle Presteg\u00e5rden, Alvdal<br \/>\nOnsdag 20. februar: Josefine viseklubb, Oslo<br \/>\nTorsdag 21. februar: Tante Gerda scene, Hamar<br \/>\nL\u00f8rdag 23. februar: Det lille hotell, Ris\u00f8r<\/p>\n<p><\/p>","protected":false},"excerpt":{"rendered":"<p>Genreoverskridende fra en sann multiinstrumentalist.<\/p>\n","protected":false},"featured_media":36416,"comment_status":"closed","ping_status":"open","template":"","meta":[],"product_brand":[],"product_cat":[35],"product_tag":[],"class_list":{"0":"post-36415","1":"product","2":"type-product","3":"status-publish","4":"has-post-thumbnail","6":"product_cat-heilo","7":"product_shipping_class-cddvd-shipping","8":"uni_artist_tag-alf-hulbaekmo","9":"uni_artist_tag-andre-roligheten","10":"uni_artist_tag-gjermund-silset","11":"uni_artist_tag-hans-fredrik-jacobsen","12":"uni_artist_tag-hans-hulbaekmo","13":"uni_artist_tag-karl-hjalmar-nyberg","14":"uni_artist_tag-tone-hulbaekmo","15":"uni_main_artist_tag-hans-fredrik-jacobsen","16":"uni_artist_genre-folk-music","17":"uni_artist_genre-traditional","19":"first","20":"instock","21":"taxable","22":"shipping-taxable","23":"purchasable","24":"product-type-simple"},"_links":{"self":[{"href":"https:\/\/grappa.no\/no\/wp-json\/wp\/v2\/product\/36415","targetHints":{"allow":["GET"]}}],"collection":[{"href":"https:\/\/grappa.no\/no\/wp-json\/wp\/v2\/product"}],"about":[{"href":"https:\/\/grappa.no\/no\/wp-json\/wp\/v2\/types\/product"}],"replies":[{"embeddable":true,"href":"https:\/\/grappa.no\/no\/wp-json\/wp\/v2\/comments?post=36415"}],"wp:featuredmedia":[{"embeddable":true,"href":"https:\/\/grappa.no\/no\/wp-json\/wp\/v2\/media\/36416"}],"wp:attachment":[{"href":"https:\/\/grappa.no\/no\/wp-json\/wp\/v2\/media?parent=36415"}],"wp:term":[{"taxonomy":"product_brand","embeddable":true,"href":"https:\/\/grappa.no\/no\/wp-json\/wp\/v2\/product_brand?post=36415"},{"taxonomy":"product_cat","embeddable":true,"href":"https:\/\/grappa.no\/no\/wp-json\/wp\/v2\/product_cat?post=36415"},{"taxonomy":"product_tag","embeddable":true,"href":"https:\/\/grappa.no\/no\/wp-json\/wp\/v2\/product_tag?post=36415"}],"curies":[{"name":"wp","href":"https:\/\/api.w.org\/{rel}","templated":true}]}}