{"id":36406,"date":"2019-02-01T00:00:00","date_gmt":"2019-01-31T23:00:00","guid":{"rendered":"https:\/\/www.grappa.no\/no\/albums\/ukategorisert\/who-else\/"},"modified":"2019-04-01T05:49:48","modified_gmt":"2019-04-01T04:49:48","slug":"who-else","status":"publish","type":"product","link":"https:\/\/grappa.no\/no\/albums\/blue-mood-records\/who-else\/","title":{"rendered":"Who else?"},"content":{"rendered":"<p><\/p>\n<p>Bj\u00f8rn Berge slipper sitt nye album &quot;Who else?&quot;<\/p>\n<p>Endelig er det et nytt album p\u00e5 vei fra \u00e9n av Europas aller beste blues-musikere.<br \/>\nBj\u00f8rn Berge b\u00f8r v\u00e6re et velkjent navn for de fleste etter nesten 20 \u00e5r som soloartist. Han har gjort utallige albuminnnspillinger, mottatt to Spellemannpriser for sine utgivelser, reist omkring i store deler av Europa de siste 12 \u00e5rene. Han har bes\u00f8kt et utall gitar-\/jazz-\/rockefestivaler og klubber rundt omkring i land som Belgia, Canada, Danmark, England, Frankrike, Nederland, Russland, Sveits, Tyskland, Ukraina og USA.<br \/>\n1. februar er det duket for et splitter nytt album fra Bj\u00f8rn Berge. Who else? inneholder ni nye l\u00e5ter, og materialet er i hovedsak egenkomponert i trioformatet. Dette har f\u00f8rt til at musikken er proppet full av energi og dynamikk, og attp\u00e5til tatt i en ny, spennende retning. De som liker Bj\u00f8rn Berges musikk og gitarspill fra tidligere vil definitivt ikke bli skuffet. Her snakker vi drivende tette blues- og rockel\u00e5ter ispedd pustepauser underveis.<\/p>\n<p><!--more--><\/p>\n<p>Bj\u00f8rn Berge slipper sitt nye album Who else?<\/p>\n<h4>Who else?<\/h4>\n<p>Bj\u00f8rn Berge b\u00f8r v\u00e6re et velkjent navn for de fleste etter nesten 20 \u00e5r som soloartist. Han har gjort utallige albuminnnspillinger, mottatt to Spellemannpriser for sine utgivelser, reist omkring i store deler av Europa de siste 12 \u00e5rene. Han har bes\u00f8kt et utall gitar-\/jazz-\/rockefestivaler og klubber rundt omkring i land som Belgia, Canada, Danmark, England, Frankrike, Nederland, Russland, Sveits, Tyskland, Ukraina og USA. <\/p>\n<p>Et splitter nytt album fra Bj\u00f8rn Berge. Who else? inneholder ni nye l\u00e5ter, og materialet er i hovedsak egenkomponert i trioformatet. Dette har f\u00f8rt til at musikken er proppet full av energi og dynamikk, og attp\u00e5til tatt i en ny, spennende retning. De som liker Bj\u00f8rn Berges musikk og gitarspill fra tidligere vil definitivt ikke bli skuffet. Her snakker vi drivende tette blues- og rockel\u00e5ter ispedd pustepauser underveis. <\/p>\n<p>Med en stemme som grus og knust glass, og evnen til \u00e5 blande en myriade ulike musikkstiler med blues og r\u00e5 rock, har virtuosen Bj\u00f8rn Berge lagd et album hvor musikken hans er fri.<\/p>\n<h4><\/h4>\n<p><h4><\/h4>\n<\/p>\n<p><\/p>","protected":false},"excerpt":{"rendered":"<p>Endelig er det et nytt album p\u00e5 vei fra \u00e9n av Europas aller beste blues-musikere.<\/p>\n","protected":false},"featured_media":36407,"comment_status":"closed","ping_status":"open","template":"","meta":[],"product_brand":[],"product_cat":[51],"product_tag":[],"class_list":{"0":"post-36406","1":"product","2":"type-product","3":"status-publish","4":"has-post-thumbnail","6":"product_cat-blue-mood-records","7":"product_shipping_class-cddvd-shipping","8":"uni_artist_tag-bjorn-berge","9":"uni_artist_tag-dagny-christophersen","10":"uni_artist_tag-ellis-del-sol","11":"uni_artist_tag-kim-christer-hylland","12":"uni_artist_tag-kjetil-ulland","13":"uni_artist_tag-odin-staveland","14":"uni_artist_tag-vidar-stoyva","15":"uni_main_artist_tag-bjorn-berge","16":"uni_artist_genre-blues","17":"uni_artist_genre-rock","19":"first","20":"instock","21":"taxable","22":"shipping-taxable","23":"purchasable","24":"product-type-simple"},"_links":{"self":[{"href":"https:\/\/grappa.no\/no\/wp-json\/wp\/v2\/product\/36406","targetHints":{"allow":["GET"]}}],"collection":[{"href":"https:\/\/grappa.no\/no\/wp-json\/wp\/v2\/product"}],"about":[{"href":"https:\/\/grappa.no\/no\/wp-json\/wp\/v2\/types\/product"}],"replies":[{"embeddable":true,"href":"https:\/\/grappa.no\/no\/wp-json\/wp\/v2\/comments?post=36406"}],"wp:featuredmedia":[{"embeddable":true,"href":"https:\/\/grappa.no\/no\/wp-json\/wp\/v2\/media\/36407"}],"wp:attachment":[{"href":"https:\/\/grappa.no\/no\/wp-json\/wp\/v2\/media?parent=36406"}],"wp:term":[{"taxonomy":"product_brand","embeddable":true,"href":"https:\/\/grappa.no\/no\/wp-json\/wp\/v2\/product_brand?post=36406"},{"taxonomy":"product_cat","embeddable":true,"href":"https:\/\/grappa.no\/no\/wp-json\/wp\/v2\/product_cat?post=36406"},{"taxonomy":"product_tag","embeddable":true,"href":"https:\/\/grappa.no\/no\/wp-json\/wp\/v2\/product_tag?post=36406"}],"curies":[{"name":"wp","href":"https:\/\/api.w.org\/{rel}","templated":true}]}}