{"id":36402,"date":"2019-02-01T00:00:00","date_gmt":"2019-01-31T23:00:00","guid":{"rendered":"https:\/\/www.grappa.no\/no\/albums\/ukategorisert\/abazar-hamid-we-need-peace\/"},"modified":"2019-06-13T10:18:24","modified_gmt":"2019-06-13T09:18:24","slug":"abazar-hamid-we-need-peace","status":"publish","type":"product","link":"https:\/\/grappa.no\/no\/albums\/uncategorized\/abazar-hamid-we-need-peace\/","title":{"rendered":"Abazar Hamid: We Need Peace"},"content":{"rendered":"<p><\/p>\n<p>Sanger om fred<\/p>\n<p>1. februar slipper den sudanske musikeren Abazar Hamid \u00abWe Need Peace\u00bb &#8211; f\u00f8rste utgivelse etter at han flyttet til Norge. Han har sl\u00e5tt seg sammen med den renommerte gitaristen Knut Reiersrud, som b\u00e5de produserer og spiller p\u00e5 plata.<br \/>\nHamid kom som fribymusiker til Harstad i 2014 \u2013 den aller f\u00f8rste musikeren i en rekke av flere som byen huser. N\u00e5r han n\u00e5 gir ut en samling sanger som handler om fred og frihet \u2013 er det de samme sangene som tvang han p\u00e5 flukt fra sitt eget land. Flere av dem ble skrevet i l\u00f8pet av hans siste dager i Sudan. Hamid kaller disse sangene et siste fors\u00f8k p\u00e5 \u00e5 f\u00e5 Sudan til \u00e5 samles om en felles fred.<br \/>\nResultatet er en unik form for moderne sudansk blues, preget av Hamids varme klang og Reiersruds eksepsjonelle gitar.<\/p>\n<p><!--more--><\/p>\n<p>1. februar slipper den sudanske musikeren Abazar Hamid \u00abWe Need Peace\u00bb &#8211; f\u00f8rste utgivelse etter at han flyttet til Norge. Han har sl\u00e5tt seg sammen med den renommerte gitaristen Knut Reiersrud, som b\u00e5de produserer og spiller p\u00e5 plata.<\/p>\n<h4>Sanger om fred<\/h4>\n<p>N\u00e5r han n\u00e5 gir ut en samling sanger som handler om fred og frihet \u2013 er det de samme sangene som tvang han p\u00e5 flukt fra sitt eget land. Flere av dem ble skrevet i l\u00f8pet av hans siste dager i Sudan. Hamid kaller disse sangene et siste fors\u00f8k p\u00e5 \u00e5 f\u00e5 Sudan til \u00e5 samles om en felles fred.<br \/>\nResultatet er en unik form for moderne sudansk blues, preget av Hamids varme klang og Reiersruds eksepsjonelle gitar.<\/p>\n<h4>LIDIO &#8211; SafeMUSE Sounds<\/h4>\n<p>LIDIO &#8211; SafeMUSE Sounds is a new record label dedicated to releasing music from artists, musicians and composers experiencing censorship, threats or persecution due to their musical activities.<\/p>\n<h4><\/h4>\n<\/p>\n<p><\/p>","protected":false},"excerpt":{"rendered":"<p>Moderne sudansk blues, preget av Hamids varme klang og Reiersruds eksepsjonelle gitar.<\/p>\n","protected":false},"featured_media":36403,"comment_status":"closed","ping_status":"open","template":"","meta":[],"product_brand":[],"product_cat":[6984],"product_tag":[],"class_list":{"0":"post-36402","1":"product","2":"type-product","3":"status-publish","4":"has-post-thumbnail","6":"product_cat-uncategorized","7":"product_shipping_class-cddvd-shipping","8":"uni_artist_tag-abazar-hamid","9":"uni_artist_tag-asmund-wilter-eriksson","10":"uni_artist_tag-geir-akselsen","11":"uni_artist_tag-kenneth-hammer","12":"uni_artist_tag-knut-reiersrud","13":"uni_artist_genre-traditional","14":"uni_artist_genre-world-music","16":"first","17":"instock","18":"taxable","19":"shipping-taxable","20":"purchasable","21":"product-type-simple"},"_links":{"self":[{"href":"https:\/\/grappa.no\/no\/wp-json\/wp\/v2\/product\/36402","targetHints":{"allow":["GET"]}}],"collection":[{"href":"https:\/\/grappa.no\/no\/wp-json\/wp\/v2\/product"}],"about":[{"href":"https:\/\/grappa.no\/no\/wp-json\/wp\/v2\/types\/product"}],"replies":[{"embeddable":true,"href":"https:\/\/grappa.no\/no\/wp-json\/wp\/v2\/comments?post=36402"}],"wp:featuredmedia":[{"embeddable":true,"href":"https:\/\/grappa.no\/no\/wp-json\/wp\/v2\/media\/36403"}],"wp:attachment":[{"href":"https:\/\/grappa.no\/no\/wp-json\/wp\/v2\/media?parent=36402"}],"wp:term":[{"taxonomy":"product_brand","embeddable":true,"href":"https:\/\/grappa.no\/no\/wp-json\/wp\/v2\/product_brand?post=36402"},{"taxonomy":"product_cat","embeddable":true,"href":"https:\/\/grappa.no\/no\/wp-json\/wp\/v2\/product_cat?post=36402"},{"taxonomy":"product_tag","embeddable":true,"href":"https:\/\/grappa.no\/no\/wp-json\/wp\/v2\/product_tag?post=36402"}],"curies":[{"name":"wp","href":"https:\/\/api.w.org\/{rel}","templated":true}]}}