{"id":364,"date":"1988-03-14T00:00:00","date_gmt":"1988-03-13T23:00:00","guid":{"rendered":"http:\/\/www.grappa.no\/albums\/uncategorized\/grieg-slatter-op-72\/"},"modified":"2025-09-09T08:45:15","modified_gmt":"2025-09-09T07:45:15","slug":"grieg-slatter-op-72","status":"publish","type":"product","link":"https:\/\/grappa.no\/no\/albums\/simax-classics\/grieg-slatter-op-72\/","title":{"rendered":"Grieg Sl\u00e5tter Op.72"},"content":{"rendered":"<p><\/p>\n<p>Griegs Opus 72<\/p>\n<p>I august 1902 tok Edvard Grieg fatt p\u00e5 en bearbeidelse av norske sl\u00e5tter. Et halvt \u00e5r etterp\u00e5 er han ferdig og gir i 1903 ut Sl\u00e5tter, opus 72 som av enkelte er regnet som norges st\u00f8rste nasjonale musikalske folkeepos. Klaverlitteraturen hadde f\u00e5tt et orginalt og helnorsk tilskudd av internasjonalt format. Denne platen inneholder hele opus 72 og alle 17 sl\u00e5ttene i orginalversjon etter Knut J. Dale.<br \/>\nF\u00f8r hvert nummer av opus 72, spilles orginalsl\u00e5ttene p\u00e5 hardingfele. P\u00e5 denne m\u00e5ten gir denne platen en flott mulighet til \u00e5 sammenligne og lytte til folkemusikken i sin opprinnelige form, og folkemusikken slik den er blitt i kunstmusikken.<\/p>\n<p>Knut Buen er profesjonell folkekunstner og har v\u00e6rt norgesmester p\u00e5 hardingfele to ganger. I 1979 fikk han Myllargutens gullmedalje, og i 1986 ble han tildelt Telemark Fylkes kulturpris. Einar Steen-N\u00f8kleberg regnes som en av Norges ledende pianister med en rekke internasjonale opptredeber og plateinnspillinger bak seg. Ogs\u00e5 Steen-N\u00f8kleberg har mottat flere priser som for eksempel Spellemannsprisen (1976), Lindemanprisen (1984) og Griegprisen (1988).<\/p>\n<p><!--more--><\/p>\n<h4><\/h4>\n<h4><\/h4>\n<h4><\/h4>\n<p><\/p>","protected":false},"excerpt":{"rendered":"<p>\u2013 A wonderful recording, highly recommended. [American Record Guide]<\/p>\n","protected":false},"featured_media":27551,"comment_status":"closed","ping_status":"closed","template":"","meta":[],"product_brand":[],"product_cat":[180],"product_tag":[],"class_list":{"0":"post-364","1":"product","2":"type-product","3":"status-publish","4":"has-post-thumbnail","6":"product_cat-simax-classics","7":"product_shipping_class-cddvd-shipping","8":"uni_artist_tag-edvard-grieg","9":"uni_artist_tag-einar-steen-nokleberg","10":"uni_artist_tag-knut-buen","11":"uni_main_artist_tag-einar-steen-nokleberg","12":"uni_artist_genre-chamber-music","13":"uni_artist_genre-folk-music","14":"uni_artist_genre-world","15":"uni_artist_genre-world-premiere-recording","17":"first","18":"outofstock","19":"taxable","20":"shipping-taxable","21":"purchasable","22":"product-type-simple"},"_links":{"self":[{"href":"https:\/\/grappa.no\/no\/wp-json\/wp\/v2\/product\/364","targetHints":{"allow":["GET"]}}],"collection":[{"href":"https:\/\/grappa.no\/no\/wp-json\/wp\/v2\/product"}],"about":[{"href":"https:\/\/grappa.no\/no\/wp-json\/wp\/v2\/types\/product"}],"replies":[{"embeddable":true,"href":"https:\/\/grappa.no\/no\/wp-json\/wp\/v2\/comments?post=364"}],"wp:featuredmedia":[{"embeddable":true,"href":"https:\/\/grappa.no\/no\/wp-json\/wp\/v2\/media\/27551"}],"wp:attachment":[{"href":"https:\/\/grappa.no\/no\/wp-json\/wp\/v2\/media?parent=364"}],"wp:term":[{"taxonomy":"product_brand","embeddable":true,"href":"https:\/\/grappa.no\/no\/wp-json\/wp\/v2\/product_brand?post=364"},{"taxonomy":"product_cat","embeddable":true,"href":"https:\/\/grappa.no\/no\/wp-json\/wp\/v2\/product_cat?post=364"},{"taxonomy":"product_tag","embeddable":true,"href":"https:\/\/grappa.no\/no\/wp-json\/wp\/v2\/product_tag?post=364"}],"curies":[{"name":"wp","href":"https:\/\/api.w.org\/{rel}","templated":true}]}}