{"id":36360,"date":"2019-02-15T00:00:00","date_gmt":"2019-02-14T23:00:00","guid":{"rendered":"https:\/\/www.grappa.no\/no\/albums\/ukategorisert\/the-art-of-emotions\/"},"modified":"2019-07-05T12:35:38","modified_gmt":"2019-07-05T11:35:38","slug":"the-art-of-emotions","status":"publish","type":"product","link":"https:\/\/grappa.no\/no\/albums\/simax-classics\/the-art-of-emotions\/","title":{"rendered":"The Art of Emotions"},"content":{"rendered":"<p><\/p>\n<p>Musikk fra en tid da komponistene utviklet et fantastisk nytt tonespr\u00e5k. <\/p>\n<p>Tittelen p\u00e5 Yuko Inoues debutalbum sier alt. Klangen i hammerklaveret henter oss 200 \u00e5r tilbake i tid \u2013 til en tid da komponistene utviklet et fantastisk nytt tonespr\u00e5k i takt med instrumentenes utvikling. En tid der musikken for alvor blir f\u00f8lelsenes kunstart! C.P.E var en av de fremste utviklerne av et individuelt musikkuttrykk. De tre store innenfor Wienerklassisismen har alle mye \u00e5 takke C.P.E. for. Haydn var en stor fan livet igjennom. I et brev skriver Mozart at hans kone Constanze trykket kraftig p\u00e5 for at han skulle skrive et stykke i Bach-stil for klaver. Motivet i Beethovens store variasjonsstykke kommer fra Prometheus, og han bruker det flere andre steder ogs\u00e5, blant annet i den tredje symfonien \u2019Eroica\u2019.<\/p>\n<p><!--more--><\/p>\n<p>Tittelen p\u00e5 Yuko Inoues debutalbum sier alt. Klangen i hammerklaveret henter oss 200 \u00e5r tilbake i tid \u2013 til en tid da komponistene utviklet et fantastisk nytt tonespr\u00e5k i takt med instrumentenes utvikling. En tid der musikken for alvor blir f\u00f8lelsenes kunstart!<\/p>\n<h4>C.P.E. Bach (1714-1788)<\/h4>\n<p>Det er da selvsagt ogs\u00e5 musikken til J.S. Bachs nest eldste s\u00f8nn som er utgangspunktet for denne utgivelsen. C.P.E var en av de fremste utviklerne av et individuelt musikkuttrykk. Noen steder skriver C.P.E. uten taktlinjer, i fri og improviserende karakter. \u2019F\u00fcr Kenner und Liebhaber\u2018 er den ber\u00f8mte tittelen p\u00e5 en samling klaververker som inneholder 36 komposisjoner. Tittelen p\u00e5 samlingen viser \u00f8nsket om \u00e5 n\u00e5 bredt \u2013 men ogs\u00e5 dypt \u2013 hos musikkelskere med kunnskap.<\/p>\n<h4>Haydn, Mozart og Beethoven<\/h4>\n<p>De tre store innenfor Wienerklassisismen har alle mye \u00e5 takke C.P.E. for. Haydn var en stor fan livet igjennom, og er en av de komponistene som studerte hans verker inng\u00e5ende. Mozart-stykket p\u00e5 denne utgivelsen er faktisk litt a-typisk for komponisten: I et brev skriver han at hans kone Constanze trykket kraftig p\u00e5 for at han skulle skrive et stykke i Bach-stil. Da Beethoven ga ut variasjonene i opus 35, insisterte han p\u00e5 at han hadde brukt en helt ny komposisjonsstil. Motivet kommer fra Prometheus, og han bruker det flere andre steder ogs\u00e5, blant annet i den tredje symfonien \u2019Eroica\u2019.<\/p>\n<h4>Hammerklaveret og Yuko Inoue<\/h4>\n<p>Disse komponistene tilh\u00f8rte fire forskjellige generasjoner i en tid da klaverinstrumentene utviklet seg mye. Hammerklaveret (1780 original) fra Edvind Beunks samling som Yuko har brukt p\u00e5 denne innspillingen, er et instrument de alle ville hatt et lidenskapelig forhold til. Komponistene p\u00e5 denne tiden var begeistret av nyvinninger p\u00e5 instrumentfronten, og lot seg inspirere. I dag ser vi hvordan pianistene \u2019gjenoppdager\u2019 disse originale klangfargene n\u00e5r de kan sette seg til et instrument fra komponistens egen tid. Yuko Inoue er utdannet ved konservatoriet i Tokyo og Hochschule f\u00fcr Musik und Tanz K\u00f6ln. Hun har arbeidet spesielt med Fantasia-stilen hos C.P.E. Bach. I tillegg til solokonserter har hun ogs\u00e5 gjort prosjekter med Klassische Philharmonie Bonn, K\u00f6lner Kammerorchestrer, Sinfonieorchestrer Aachen, Det Norske Kammerorkester og Utrecht Festival voor Oude Muziek.<\/p>\n<p><\/p>","protected":false},"excerpt":{"rendered":"<p>En tid der musikken for alvor blir f\u00f8lelsenes kunstart!<\/p>\n","protected":false},"featured_media":36361,"comment_status":"closed","ping_status":"open","template":"","meta":[],"product_brand":[],"product_cat":[180],"product_tag":[],"class_list":{"0":"post-36360","1":"product","2":"type-product","3":"status-publish","4":"has-post-thumbnail","6":"product_cat-simax-classics","7":"product_shipping_class-cddvd-shipping","8":"uni_artist_tag-carl-philip-emanuel-bach","9":"uni_artist_tag-francois-eckert","10":"uni_artist_tag-joseph-haydn","11":"uni_artist_tag-ludwig-van-beethoven","12":"uni_artist_tag-wolfgang-amadeus-mozart","13":"uni_artist_tag-yuko-inoue","14":"uni_main_artist_tag-yuko-inoue","15":"uni_artist_genre-early-music","16":"uni_artist_genre-piano","18":"first","19":"instock","20":"taxable","21":"shipping-taxable","22":"purchasable","23":"product-type-simple"},"_links":{"self":[{"href":"https:\/\/grappa.no\/no\/wp-json\/wp\/v2\/product\/36360","targetHints":{"allow":["GET"]}}],"collection":[{"href":"https:\/\/grappa.no\/no\/wp-json\/wp\/v2\/product"}],"about":[{"href":"https:\/\/grappa.no\/no\/wp-json\/wp\/v2\/types\/product"}],"replies":[{"embeddable":true,"href":"https:\/\/grappa.no\/no\/wp-json\/wp\/v2\/comments?post=36360"}],"wp:featuredmedia":[{"embeddable":true,"href":"https:\/\/grappa.no\/no\/wp-json\/wp\/v2\/media\/36361"}],"wp:attachment":[{"href":"https:\/\/grappa.no\/no\/wp-json\/wp\/v2\/media?parent=36360"}],"wp:term":[{"taxonomy":"product_brand","embeddable":true,"href":"https:\/\/grappa.no\/no\/wp-json\/wp\/v2\/product_brand?post=36360"},{"taxonomy":"product_cat","embeddable":true,"href":"https:\/\/grappa.no\/no\/wp-json\/wp\/v2\/product_cat?post=36360"},{"taxonomy":"product_tag","embeddable":true,"href":"https:\/\/grappa.no\/no\/wp-json\/wp\/v2\/product_tag?post=36360"}],"curies":[{"name":"wp","href":"https:\/\/api.w.org\/{rel}","templated":true}]}}