{"id":36340,"date":"2019-01-15T00:00:00","date_gmt":"2019-01-14T23:00:00","guid":{"rendered":"https:\/\/www.grappa.no\/no\/albums\/ukategorisert\/henger-i-luften\/"},"modified":"2020-01-13T09:14:07","modified_gmt":"2020-01-13T08:14:07","slug":"henger-i-luften","status":"publish","type":"product","link":"https:\/\/grappa.no\/no\/albums\/hubro\/henger-i-luften\/","title":{"rendered":"Henger i luften"},"content":{"rendered":"<p><\/p>\n<p>Umiddelbar og stemningsmettet musikk<\/p>\n<p>P\u00e5 &quot;Henger i luften&quot; &#8211; en av de mest sl\u00e5ende debutalbumene fra senere \u00e5r, kombinerer Jo David Meyer Lysne og en h\u00e5ndplukket sekstett et spekter av inspirasjonskilder og skaper umiddelbar og stemningsmettet musikk. Hvis du kan forestille deg Morton Feldman lage musikk til en film av Coen-br\u00f8drene-film, er du kanskje halvveis der! Meyer Lysne har tidligere gitt ut den kritikerroste duoplaten &quot;Meander&quot; med bassist Mats Eilertsen. Han har selv produsert albumet sammen med Jo Berger Myhre (Splashgirl) og  kombinasjonen av lyder her er imponerende forseggjort og tilfredsstillende. Det er et album som fortjener \u00e5 spilles igjen og igjen.<br \/>\n&#8211; Tilgjengelig i et nummerert begrenset opplag (300) som white label LP med trykket innleggskort.<\/p>\n<p><!--more--><\/p>\n<p>P\u00e5 &quot;Henger i luften&quot; &#8211; en av de mest sl\u00e5ende debutalbumene fra senere \u00e5r, kombinerer Jo David Meyer Lysne og en h\u00e5ndplukket sekstett et spekter av inspirasjonskilder og skaper umiddelbar og stemningsmettet musikk.<\/p>\n<h4><\/h4>\n<\/p>\n<h4><\/h4>\n<p><h4><\/h4>\n<\/p>\n<p><\/p>","protected":false},"excerpt":{"rendered":"<p>David Meyer Lysne og en h\u00e5ndplukket sekstett et spekter av inspirasjonskilder og skaper umiddelbar og stemningsmettet musikk. Hvis du kan forestille deg Morton Feldman lage musikk til en film av Coen-br\u00f8drene-film, er du kanskje halvveis der!<\/p>\n","protected":false},"featured_media":36341,"comment_status":"closed","ping_status":"open","template":"","meta":[],"product_brand":[],"product_cat":[36],"product_tag":[],"class_list":{"0":"post-36340","1":"product","2":"type-product","3":"status-publish","4":"has-post-thumbnail","6":"product_cat-hubro","7":"product_shipping_class-vinyl-shipping","8":"uni_artist_tag-david-timme-cariano","9":"uni_artist_tag-jo-berger-myhre","10":"uni_artist_tag-jo-david-meyer-lysne","11":"uni_artist_tag-joel-ring","12":"uni_artist_tag-johanne-skaansar","13":"uni_artist_tag-karl-hjalmar-nyberg","14":"uni_artist_tag-martin-lie-svendsen","15":"uni_main_artist_tag-jo-david-meyer-lysne","16":"uni_artist_genre-electronic","17":"uni_artist_genre-instrumental","18":"uni_artist_genre-jazz","20":"first","21":"instock","22":"taxable","23":"shipping-taxable","24":"purchasable","25":"product-type-simple"},"_links":{"self":[{"href":"https:\/\/grappa.no\/no\/wp-json\/wp\/v2\/product\/36340","targetHints":{"allow":["GET"]}}],"collection":[{"href":"https:\/\/grappa.no\/no\/wp-json\/wp\/v2\/product"}],"about":[{"href":"https:\/\/grappa.no\/no\/wp-json\/wp\/v2\/types\/product"}],"replies":[{"embeddable":true,"href":"https:\/\/grappa.no\/no\/wp-json\/wp\/v2\/comments?post=36340"}],"wp:featuredmedia":[{"embeddable":true,"href":"https:\/\/grappa.no\/no\/wp-json\/wp\/v2\/media\/36341"}],"wp:attachment":[{"href":"https:\/\/grappa.no\/no\/wp-json\/wp\/v2\/media?parent=36340"}],"wp:term":[{"taxonomy":"product_brand","embeddable":true,"href":"https:\/\/grappa.no\/no\/wp-json\/wp\/v2\/product_brand?post=36340"},{"taxonomy":"product_cat","embeddable":true,"href":"https:\/\/grappa.no\/no\/wp-json\/wp\/v2\/product_cat?post=36340"},{"taxonomy":"product_tag","embeddable":true,"href":"https:\/\/grappa.no\/no\/wp-json\/wp\/v2\/product_tag?post=36340"}],"curies":[{"name":"wp","href":"https:\/\/api.w.org\/{rel}","templated":true}]}}