{"id":36335,"date":"2019-01-11T00:00:00","date_gmt":"2019-01-10T23:00:00","guid":{"rendered":"https:\/\/www.grappa.no\/no\/albums\/ukategorisert\/ketil-bjornstad-rainbow-sessions\/"},"modified":"2022-01-22T08:54:34","modified_gmt":"2022-01-22T07:54:34","slug":"ketil-bjornstad-rainbow-sessions","status":"publish","type":"product","link":"https:\/\/grappa.no\/no\/albums\/grappa\/ketil-bjornstad-rainbow-sessions\/","title":{"rendered":"Ketil Bj\u00f8rnstad &#8211; Rainbow Sessions"},"content":{"rendered":"<p><\/p>\n<p>Ketil Bj\u00f8rnstad feirer 50 \u00e5r som musiker og artist i 2019.<\/p>\n<p>Allerede 11. januar markeres det store Bj\u00f8rnstad-\u00e5ret med en ny-utgivelse av \u00abRainbow Sessions\u00bb, som tidligere kun er utgitt i et begrenset opplag i 2006. Dette er Ketil Bj\u00f8rnstads hyllest til det verdenskjente studioet og Steinway-flygelet, og da studioeier og lyd-guru Jan Erik Kongshaug i 2004 skulle flytte studioet fra Christies gate til Sandakerveien, kom ideen om \u00e5 v\u00e6re den siste til \u00e5 spille inn i det gamle studioet, og den f\u00f8rste til \u00e5 spille inn i det nye. Det ble planlagt to solo piano-album, hvilket den gang ble til tre, og som n\u00e5 blir til fire. I forarbeidet til denne jubileumsutgaven er det funnet frem en mengde nydelig innspilt materiale fra fem forskjellige Rainbow-sessions i perioden 2013-2017, som Bj\u00f8rnstad har satt sammen til en fjerde bonus-CD. Alt presenteres i nytt, flott design og med nyskrevet liner notes av Bj\u00f8rnstad selv.<\/p>\n<p><!--more--><\/p>\n<p>Ketil Bj\u00f8rnstad feirer 50 \u00e5r som musiker og artist i 2019.<\/p>\n<h4>Jubileums\u00e5ret \u00e5pner<\/h4>\n<p>Det store Bj\u00f8rnstad-\u00e5ret \u00e5pner med en ny-utgivelse av \u00abRainbow Sessions\u00bb, som tidligere kun er utgitt i et begrenset opplag i 2006. Dette er Ketil Bj\u00f8rnstads hyllest til det verdenskjente studioet og Steinway-flygelet, og da studioeier og lyd-guru Jan Erik Kongshaug i 2004 skulle flytte studioet fra Christies gate til Sandakerveien, kom ideen om \u00e5 v\u00e6re den siste til \u00e5 spille inn i det gamle studioet, og den f\u00f8rste til \u00e5 spille inn i det nye. Det ble planlagt to solo piano-album, hvilket den gang ble til tre, og som n\u00e5 blir til fire. I forarbeidet til denne jubileumsutgaven er det funnet frem en mengde nydelig innspilt materiale fra fem forskjellige Rainbow-sessions i perioden 2013-2017, som Bj\u00f8rnstad har satt sammen til en fjerde bonus-CD. Alt presenteres i nytt, flott design og med nyskrevet liner notes av Bj\u00f8rnstad selv.<\/p>\n<h4><\/h4>\n<h4><\/h4>\n<p><\/p>","protected":false},"excerpt":{"rendered":"<p>Alt presenteres i nytt, flott design og med nyskrevet liner notes av Bj\u00f8rnstad selv.<\/p>\n","protected":false},"featured_media":36336,"comment_status":"closed","ping_status":"closed","template":"","meta":[],"product_brand":[],"product_cat":[6],"product_tag":[],"class_list":{"0":"post-36335","1":"product","2":"type-product","3":"status-publish","4":"has-post-thumbnail","6":"product_cat-grappa","7":"product_shipping_class-cddvd-shipping","8":"uni_artist_tag-deng-yu-hsian","9":"uni_artist_tag-gregorio-allegri","10":"uni_artist_tag-halfdan-kjerulf","11":"uni_artist_tag-harold-edwind-darke","12":"uni_artist_tag-jan-erik-kongshaug","13":"uni_artist_tag-johannes-brahms","14":"uni_artist_tag-ketil-bjornstad","15":"uni_artist_genre-hi-fi","16":"uni_artist_genre-instrumental","17":"uni_artist_genre-jazz","18":"uni_artist_genre-piano","20":"first","21":"outofstock","22":"taxable","23":"shipping-taxable","24":"purchasable","25":"product-type-simple"},"_links":{"self":[{"href":"https:\/\/grappa.no\/no\/wp-json\/wp\/v2\/product\/36335","targetHints":{"allow":["GET"]}}],"collection":[{"href":"https:\/\/grappa.no\/no\/wp-json\/wp\/v2\/product"}],"about":[{"href":"https:\/\/grappa.no\/no\/wp-json\/wp\/v2\/types\/product"}],"replies":[{"embeddable":true,"href":"https:\/\/grappa.no\/no\/wp-json\/wp\/v2\/comments?post=36335"}],"wp:featuredmedia":[{"embeddable":true,"href":"https:\/\/grappa.no\/no\/wp-json\/wp\/v2\/media\/36336"}],"wp:attachment":[{"href":"https:\/\/grappa.no\/no\/wp-json\/wp\/v2\/media?parent=36335"}],"wp:term":[{"taxonomy":"product_brand","embeddable":true,"href":"https:\/\/grappa.no\/no\/wp-json\/wp\/v2\/product_brand?post=36335"},{"taxonomy":"product_cat","embeddable":true,"href":"https:\/\/grappa.no\/no\/wp-json\/wp\/v2\/product_cat?post=36335"},{"taxonomy":"product_tag","embeddable":true,"href":"https:\/\/grappa.no\/no\/wp-json\/wp\/v2\/product_tag?post=36335"}],"curies":[{"name":"wp","href":"https:\/\/api.w.org\/{rel}","templated":true}]}}