{"id":36320,"date":"2010-11-15T00:00:00","date_gmt":"2010-11-14T23:00:00","guid":{"rendered":"https:\/\/www.grappa.no\/no\/albums\/ukategorisert\/meditations-on-christmas\/"},"modified":"2020-08-21T08:56:21","modified_gmt":"2020-08-21T07:56:21","slug":"meditations-on-christmas","status":"publish","type":"product","link":"https:\/\/grappa.no\/no\/albums\/grappa\/meditations-on-christmas\/","title":{"rendered":"Meditations on Christmas"},"content":{"rendered":"<p><\/p>\n<p>Vakre meditasjoner over julesalmer  Den drevne unge duoen Gunnar Halle (trompet) og Espen Eriksen (piano) presenterer p\u00e5 \u201dMediations on Christmas\u201d de kjente julesalmene i ny drakt.  Halle og Eriksen har bakgrunn jazz og kirkemusikk og lever b\u00e5de frie meditasjoner og mer trofaste versjoner av materialet.  Halle er en av de fremste unge trompetistene i Norden i dag. Han er utdannet i K\u00f8benhavn og spiller bl.a. med Pierre D\u00f8rges Jungle Orchestra og Eivind Aarseth. Pianist Espen Eriksen platedebuterte i v\u00e5r p\u00e5 Rune Grammofon til str\u00e5lende kritikker i inn- og utland og ble sammenlignet med b\u00e5de Esbj\u00f8rn Svensson og Tord Gustavsen.  Som en r\u00f8d tr\u00e5d gjennom platen g\u00e5r en lyrisk ro og et lydh\u00f8rt samspill. Kraften og budskapet i disse julesalmene er s\u00e5 sterkt at det skinner igjennom uansett hvilket lys som settes p\u00e5 dem. Musikken er um\u00e5telig vakker, men lytteren blir ogs\u00e5 utfordret gjennom improvisasjoner og nye arrangementer. Den improvisatorisk tiln\u00e6rming til julesangene oppleves som frisk, spennende og verdifull. Duoen har f\u00f8r de gikk i studio i mai 2010 spilt en lang rekke konserter med repertoaret til overveldende god respons. Innspillingen er gjort i legendariske Rainbow Studio i Oslo.<\/p>\n<p><!--more--><\/p>\n<p>Den drevne unge duoen Gunnar Halle (trompet) og Espen Eriksen (piano) presenterer p\u00e5 \u201dMediations on Christmas\u201d de kjente julesalmene i ettertenksom ny drakt.<\/p>\n<h4>Inspirerte improvisasjoner<\/h4>\n<p>Musikken er um\u00e5telig vakker, men lytteren blir ogs\u00e5 utfordret gjennom improvisasjoner og nye arrangementer. Om hvordan prosjektet oppstod sier Halle: \u201dI 2008 fikk vi en spillejobb p\u00e5 Universitet. Vi skulle spille en ettermidags konsert i foaj\u00e9en p\u00e5  biblioteket. Det var jo snart jul  s\u00e5 vi la inn et par julesanger i programmet, med helt fri  improvisasjon rundt. Vi synes dette var veldig moro, siden materialet er kjent for  publikum kunne vi tillate oss at improvisasjonene ble  eksperimenterende og s\u00f8kende, og at det oppst\u00e5r musikk som vi aldri  har spillt f\u00f8r. Publikum p\u00e5 sin side  syntes dette var en spennende musikk, og en uventet og fin m\u00e5te \u00e5 spille julesanger p\u00e5.\u201d  \u00c5ret etter bestemte duoen seg for \u00e5 lage flere konserter i desember m\u00e5ned utelukkende med julesalmer. \u201dS\u00e5 vi m\u00f8ttes og \u00f8vde og  lagde noen arrangement p\u00e5 sangene. Vi bestemte oss ogs\u00e5 for \u00e5 holde  det ganske \u00e5pent, med mye plass til improvisasjon. Planen var \u00e5 holde noen f\u00e5 konserter, men s\u00e5 ballet det p\u00e5 seg. Det  kom gjennomg\u00e5ende mye folk p\u00e5 alle konsertene, og det var veldig god respons!\u201d  Albumet er innspilt i legendariske Rainbow Studio i Oslo.<\/p>\n<h4><\/h4>\n<p><h4><\/h4>\n<\/p>\n<p><\/p>","protected":false},"excerpt":{"rendered":"<p>Halle og Eriksen har bakgrunn jazz og kirkemusikk og lever b\u00e5de frie meditasjoner og mer trofaste versjoner av materialet.<\/p>\n","protected":false},"featured_media":27045,"comment_status":"closed","ping_status":"open","template":"","meta":[],"product_brand":[],"product_cat":[6],"product_tag":[],"class_list":{"0":"post-36320","1":"product","2":"type-product","3":"status-publish","4":"has-post-thumbnail","6":"product_cat-grappa","7":"product_shipping_class-cddvd-shipping","8":"uni_artist_tag-espen-eriksen","9":"uni_artist_tag-franz-gruber","10":"uni_artist_tag-gunnar-halle","11":"uni_artist_tag-johannes-klotz","12":"uni_artist_tag-lars-soraas-d-y","13":"uni_artist_tag-louis-bourgeois","14":"uni_artist_tag-trad","15":"uni_artist_genre-christmas-music","16":"uni_artist_genre-improvised-music","17":"uni_artist_genre-instrumental","18":"uni_artist_genre-jazz","20":"first","21":"instock","22":"taxable","23":"shipping-taxable","24":"purchasable","25":"product-type-variable","26":"has-default-attributes"},"_links":{"self":[{"href":"https:\/\/grappa.no\/no\/wp-json\/wp\/v2\/product\/36320","targetHints":{"allow":["GET"]}}],"collection":[{"href":"https:\/\/grappa.no\/no\/wp-json\/wp\/v2\/product"}],"about":[{"href":"https:\/\/grappa.no\/no\/wp-json\/wp\/v2\/types\/product"}],"replies":[{"embeddable":true,"href":"https:\/\/grappa.no\/no\/wp-json\/wp\/v2\/comments?post=36320"}],"wp:featuredmedia":[{"embeddable":true,"href":"https:\/\/grappa.no\/no\/wp-json\/wp\/v2\/media\/27045"}],"wp:attachment":[{"href":"https:\/\/grappa.no\/no\/wp-json\/wp\/v2\/media?parent=36320"}],"wp:term":[{"taxonomy":"product_brand","embeddable":true,"href":"https:\/\/grappa.no\/no\/wp-json\/wp\/v2\/product_brand?post=36320"},{"taxonomy":"product_cat","embeddable":true,"href":"https:\/\/grappa.no\/no\/wp-json\/wp\/v2\/product_cat?post=36320"},{"taxonomy":"product_tag","embeddable":true,"href":"https:\/\/grappa.no\/no\/wp-json\/wp\/v2\/product_tag?post=36320"}],"curies":[{"name":"wp","href":"https:\/\/api.w.org\/{rel}","templated":true}]}}