{"id":363,"date":"1992-01-08T00:00:00","date_gmt":"1992-01-07T23:00:00","guid":{"rendered":"http:\/\/www.grappa.no\/albums\/uncategorized\/norwegian-chamber-orchestra-mozart-%c2%b7-britten-%c2%b7-tchaikovsky\/"},"modified":"2019-02-22T15:33:27","modified_gmt":"2019-02-22T14:33:27","slug":"norwegian-chamber-orchestra-mozart-%c2%b7-britten-%c2%b7-tchaikovsky","status":"publish","type":"product","link":"https:\/\/grappa.no\/no\/albums\/simax-classics\/norwegian-chamber-orchestra-mozart-%c2%b7-britten-%c2%b7-tchaikovsky\/","title":{"rendered":"Norwegian Chamber Orchestra: Mozart \u00b7 Britten \u00b7 Tchaikovsky"},"content":{"rendered":"<p><\/p>\n<p>Klassisk superinnspilling!<\/p>\n<p>I en periode p\u00e5 20 \u00e5r var den legendariske fiolinisten og lederen Iona Brown kunstnerisk leder for Det Norske Kammerorkester. Utgivelsen av Mozart, Britten og Tchaikovsky fikk verden til virkelig \u00e5 sperre \u00f8yne og \u00f8rer opp for det unge og fremadstormende ensemblet. Den helt s\u00e6regne klangen til Det Norske Kammerorkester \u2013 der uttrykk og fremdrift ikke g\u00e5r p\u00e5 bekostning av presisjon og velklang \u2013 skapte blest omkring \u2018the nordic sound\u2019 Repertoaret er selvf\u00f8lgelig ren \u2018indrefilet\u2019, det ypperste skrevet for kammerorkester. N\u00e5r det i tillegg er en total hengivelse i hvert anstr\u00f8k og hver frase hos musikerne, blir det en usedvanlig rik og meningsfull opplevelse for lytteren. <\/p>\n<p>Opptakene er gjort i Uranienborg kirke, og innspillingen har ogs\u00e5 etablert seg som en referanse innenfor Hi-Fi milj\u00f8et.<\/p>\n<p><!--more--><\/p>\n<h4><\/h4>\n<\/p>\n<h4><\/h4>\n<p><h4><\/h4>\n<\/p>\n<p><\/p>","protected":false},"excerpt":{"rendered":"<p>Repertoaret er selvf\u00f8lgelig ren \u2018indrefilet\u2019, det ypperste skrevet for kammerorkester. N\u00e5r det i tillegg er en total hengivelse i hvert anstr\u00f8k og hver frase hos musikerne, blir det en usedvanlig rik og meningsfull opplevelse for lytteren.<\/p>\n","protected":false},"featured_media":27550,"comment_status":"closed","ping_status":"open","template":"","meta":[],"product_brand":[],"product_cat":[180],"product_tag":[],"class_list":{"0":"post-363","1":"product","2":"type-product","3":"status-publish","4":"has-post-thumbnail","6":"product_cat-simax-classics","7":"product_shipping_class-cddvd-shipping","8":"uni_artist_tag-benjamin-britten","9":"uni_artist_tag-iona-brown","10":"uni_artist_tag-norwegian-chamber-orchestra","11":"uni_artist_tag-peter-tchaikovsky","12":"uni_artist_tag-wolfgang-amadeus-mozart","13":"uni_main_artist_tag-norwegian-chamber-orchestra","14":"uni_artist_genre-chamber-music","15":"uni_artist_genre-classical","16":"uni_artist_genre-hi-fi","17":"uni_artist_genre-strings","19":"first","20":"instock","21":"taxable","22":"shipping-taxable","23":"purchasable","24":"product-type-simple"},"_links":{"self":[{"href":"https:\/\/grappa.no\/no\/wp-json\/wp\/v2\/product\/363","targetHints":{"allow":["GET"]}}],"collection":[{"href":"https:\/\/grappa.no\/no\/wp-json\/wp\/v2\/product"}],"about":[{"href":"https:\/\/grappa.no\/no\/wp-json\/wp\/v2\/types\/product"}],"replies":[{"embeddable":true,"href":"https:\/\/grappa.no\/no\/wp-json\/wp\/v2\/comments?post=363"}],"wp:featuredmedia":[{"embeddable":true,"href":"https:\/\/grappa.no\/no\/wp-json\/wp\/v2\/media\/27550"}],"wp:attachment":[{"href":"https:\/\/grappa.no\/no\/wp-json\/wp\/v2\/media?parent=363"}],"wp:term":[{"taxonomy":"product_brand","embeddable":true,"href":"https:\/\/grappa.no\/no\/wp-json\/wp\/v2\/product_brand?post=363"},{"taxonomy":"product_cat","embeddable":true,"href":"https:\/\/grappa.no\/no\/wp-json\/wp\/v2\/product_cat?post=363"},{"taxonomy":"product_tag","embeddable":true,"href":"https:\/\/grappa.no\/no\/wp-json\/wp\/v2\/product_tag?post=363"}],"curies":[{"name":"wp","href":"https:\/\/api.w.org\/{rel}","templated":true}]}}