{"id":36226,"date":"2018-11-23T00:00:00","date_gmt":"2018-11-22T23:00:00","guid":{"rendered":"https:\/\/www.grappa.no\/no\/albums\/ukategorisert\/kjell-vidars-julefest-pa-laven\/"},"modified":"2019-04-01T05:49:57","modified_gmt":"2019-04-01T04:49:57","slug":"kjell-vidars-julefest-pa-laven","status":"publish","type":"product","link":"https:\/\/grappa.no\/no\/albums\/grappa\/kjell-vidars-julefest-pa-laven\/","title":{"rendered":"Kjell Vidars Julefest p\u00e5 l\u00e5ven"},"content":{"rendered":"<p><\/p>\n<p>KJELL VIDARS SLIPPER NYTT JULEALBUM <\/p>\n<p>Kjell Vidars nye julealbum: &quot;Julefest p\u00e5 l\u00e5ven&quot; er en samling godt kjente julesanger, fremf\u00f8rt i kjent Kjell Vidars-stil. Albumet kommer ut b\u00e5de p\u00e5 CD og juler\u00f8d vinyl!<br \/>\nP\u00e5 plata har de med seg barnekor fra Hadeland Kulturskole, som bidrar til \u00e5 f\u00e5 frem den barnlige gleden med jula. Albumet inneholder 18 julesanger for sm\u00e5 og store, og tar sikte p\u00e5 \u00e5 skape god julestemning rundt omkring i de tusen hjem.<br \/>\nN\u00e5 i november er det 45 \u00e5r siden Kjell Vidars ga ut sitt f\u00f8rste julealbum. Det albumet solgte godt over 300.000 eksemplarer. Vi snakker dermed om et aldri s\u00e5 lite jubileum!<\/p>\n<p><!--more--><\/p>\n<h4>Lokalt barnekor<\/h4>\n<p>P\u00e5 plata har de med seg barnekor fra Hadeland Kulturskole, som bidrar til \u00e5 f\u00e5 frem den barnlige gleden med jula. Albumet inneholder 18 julesanger for sm\u00e5 og store, og tar sikte p\u00e5 \u00e5 skape god julestemning rundt omkring i de tusen hjem.<\/p>\n<h4>Juleklassikere<\/h4>\n<p>Kjell Vidars har lagt vekt p\u00e5 \u00e5 oppn\u00e5 en uh\u00f8ytidelig sound p\u00e5 produksjonen, og sangene befinner seg p\u00e5 den glade og lette siden av julefeiringen. Her kan man danse rundt juletreet til alt fra \u201dSn\u00f8mannen Kalle\u201d til \u201dBlue Christmas\u201d.<\/p>\n<h4>45 \u00e5rsjubileum!<\/h4>\n<p>N\u00e5 i november er det 45 \u00e5r siden Kjell Vidars ga ut sitt f\u00f8rste julealbum. Det albumet solgte godt over 300.000 eksemplarer. Vi snakker dermed om et aldri s\u00e5 lite jubileum!<\/p>\n<p><\/p>","protected":false},"excerpt":{"rendered":"<p>Albumet inneholder 18 julesanger for sm\u00e5 og store, og tar sikte p\u00e5 \u00e5 skape god julestemning rundt omkring i de tusen hjem.<\/p>\n","protected":false},"featured_media":36227,"comment_status":"closed","ping_status":"open","template":"","meta":[],"product_brand":[],"product_cat":[6],"product_tag":[],"class_list":{"0":"post-36226","1":"product","2":"type-product","3":"status-publish","4":"has-post-thumbnail","6":"product_cat-grappa","7":"product_shipping_class-cddvd-shipping","8":"uni_artist_tag-alf-proysen","9":"uni_artist_tag-arne-bendiksen","10":"uni_artist_tag-arne-martinussen","11":"uni_artist_tag-arnljot-hoyland","12":"uni_artist_tag-bill-hayes","13":"uni_artist_tag-britt-lindeborg","14":"uni_artist_tag-britt-viberg","15":"uni_artist_tag-fred-coots","16":"uni_artist_tag-haven-gillespie","17":"uni_artist_tag-jack-rollins","18":"uni_artist_tag-jan-tore-iversen","19":"uni_artist_tag-jay-w-johnson","20":"uni_artist_tag-johnny-marks","21":"uni_artist_tag-kjell-bjorklund","22":"uni_artist_tag-kjell-vidars","23":"uni_artist_tag-ole-vidar-lien","24":"uni_artist_tag-per-asplin","25":"uni_artist_tag-steve-nelson","26":"uni_artist_tag-thoralf-borg","27":"uni_artist_tag-trad","28":"uni_artist_tag-trond-meberg-lysenstoen","29":"uni_artist_tag-yngve-stoor","30":"uni_main_artist_tag-kjell-vidars","31":"uni_artist_genre-christmas-music","32":"uni_artist_genre-norwegian-lyrics","34":"first","35":"instock","36":"taxable","37":"shipping-taxable","38":"purchasable","39":"product-type-simple"},"_links":{"self":[{"href":"https:\/\/grappa.no\/no\/wp-json\/wp\/v2\/product\/36226","targetHints":{"allow":["GET"]}}],"collection":[{"href":"https:\/\/grappa.no\/no\/wp-json\/wp\/v2\/product"}],"about":[{"href":"https:\/\/grappa.no\/no\/wp-json\/wp\/v2\/types\/product"}],"replies":[{"embeddable":true,"href":"https:\/\/grappa.no\/no\/wp-json\/wp\/v2\/comments?post=36226"}],"wp:featuredmedia":[{"embeddable":true,"href":"https:\/\/grappa.no\/no\/wp-json\/wp\/v2\/media\/36227"}],"wp:attachment":[{"href":"https:\/\/grappa.no\/no\/wp-json\/wp\/v2\/media?parent=36226"}],"wp:term":[{"taxonomy":"product_brand","embeddable":true,"href":"https:\/\/grappa.no\/no\/wp-json\/wp\/v2\/product_brand?post=36226"},{"taxonomy":"product_cat","embeddable":true,"href":"https:\/\/grappa.no\/no\/wp-json\/wp\/v2\/product_cat?post=36226"},{"taxonomy":"product_tag","embeddable":true,"href":"https:\/\/grappa.no\/no\/wp-json\/wp\/v2\/product_tag?post=36226"}],"curies":[{"name":"wp","href":"https:\/\/api.w.org\/{rel}","templated":true}]}}