{"id":36190,"date":"2018-11-30T00:00:00","date_gmt":"2018-11-29T23:00:00","guid":{"rendered":"https:\/\/www.grappa.no\/no\/albums\/ukategorisert\/en-hellig-alminnelig-lek-sanger-til-dikt-av-andre-bjerke\/"},"modified":"2019-01-16T09:02:34","modified_gmt":"2019-01-16T08:02:34","slug":"en-hellig-alminnelig-lek-sanger-til-dikt-av-andre-bjerke","status":"publish","type":"product","link":"https:\/\/grappa.no\/no\/albums\/simax-classics\/en-hellig-alminnelig-lek-sanger-til-dikt-av-andre-bjerke\/","title":{"rendered":"En hellig, alminnelig lek \u2013 sanger til dikt av Andr\u00e9 Bjerke"},"content":{"rendered":"<p><\/p>\n<p>\u00abVi er begge kjettere\u00bb \u2013 Marcus Paus skriver musikk til Andr\u00e9 Bjerkes dikt<\/p>\n<p>I anledning Andr\u00e9 Bjerkes 100-\u00e5rs jubileum har de allsidige musikerne Julie Kleive og Joachim Kwetzinsky spilt inn et knippe sanger til tekster av Bjerke \u2013 skrevet av Marcus Paus. Som et sidespor til sitt daglige virke som klassisk komponist, har Marcus Paus i over tyve \u00e5r beskjeftiget seg med Andr\u00e9 Bjerkes poesi: \u00abPoesien hans traff en musikalsk nerve i meg. Ogs\u00e5 et par av sangene som er kommet med p\u00e5 platen, er dikt jeg h\u00f8rte i egen tonesetting allerede f\u00f8rste gangen jeg leste dem. Diktene snakket til meg umiddelbart.\u00bb<\/p>\n<p><!--more--><\/p>\n<p>I anledning Andr\u00e9 Bjerkes 100-\u00e5rs jubileum har Julie Kleive og Joachim Kwetzinsky spilt inn et knippe sanger til tekster av Bjerke \u2013 skrevet av Marcus Paus.<\/p>\n<h4>Paus og Bjerke<\/h4>\n<p>Marcus Paus har hatt et n\u00e6rt forhold til Bjerkes dikt siden barndommen: \u00abPoesien hans traff en musikalsk nerve i meg. Ogs\u00e5 et par av sangene som er kommet med p\u00e5 platen, er dikt jeg h\u00f8rte i egen tonesetting allerede f\u00f8rste gangen jeg leste dem. Diktene snakket til meg umiddelbart.\u00bb<\/p>\n<h4>Undervurdert som poet<\/h4>\n<p>Andr\u00e9 Bjerke (1918-1985) er en av de mest folkekj\u00e6re forfatterne og lyrikerne i norsk etterkrigstid. Hans virke spenner fra lyrikk og oversettelser av skuespill (som for eksempel Shakespeare og Goethe), til kriminalromaner og barneb\u00f8ker. I intervjuet som f\u00f8lger utgivelsen skriver Jon H. Rydne: \u00abNoe som sl\u00e5r meg n\u00e5r jeg h\u00f8rer disse sangene, er hvor undervurdert Bjerke er som poet. Du selv som tonalt forankret klassisk komponist st\u00e5r jo i en tradisjon som er blitt kalt tilbakeskuende og akterutseilt; det \u00e5 g\u00e5 til Bjerke for deg er kanskje skjebnebestemt?\u00bb Marcus Paus: \u00abDet kan f\u00f8les slik. Vi er begge kjettere. Men dypest sett handler det om legning: Noe s\u00e5 enkelt som opplevelsen av hvem man er og ikke er, og hvordan man kan og ikke kan skrive. Ikke fordi man tar avstand fra et annet uttrykksmessig st\u00e5sted, men fordi man ikke gjenkjenner det som sitt eget. Min livserkjennelse ville v\u00e6rt ufullstendig uten melodikk.\u00bb<\/p>\n<h4>Julie Kleive og Joachim Kwetzinsky<\/h4>\n<p>Julie Kleive er en sanger og l\u00e5tskriver som beveger seg ubesv\u00e6ret mellom sjangre. Hennes sterke formidlingsevne og uj\u00e5lete musikalitet har gjort henne til en ettertraktet sanger i vidt forskjellige musikalske kontekster. Joachim Kwetzinsky er en fremtredende pianist med allsidig erfaring som solist, kammermusiker og akkompagnat\u00f8r. Paus, Kleive og Kwetzinsky har holdt en rekke konserter med prosjektet gjennom hele dette jubileums\u00e5ret.<\/p>\n<p><\/p>","protected":false},"excerpt":{"rendered":"<p>\u2013 Jeg tror det er viktig for en komponist \u00e5 opps\u00f8ke andre kunstarter for \u00e5 f\u00e5 distanse til sin egen. [Marcus Paus]<\/p>\n","protected":false},"featured_media":36191,"comment_status":"closed","ping_status":"open","template":"","meta":[],"product_brand":[],"product_cat":[180],"product_tag":[],"class_list":{"0":"post-36190","1":"product","2":"type-product","3":"status-publish","4":"has-post-thumbnail","6":"product_cat-simax-classics","7":"product_shipping_class-cddvd-shipping","8":"uni_artist_tag-joachim-kwetzinsky","9":"uni_artist_tag-julie-kleive","10":"uni_artist_tag-marcus-paus","11":"uni_artist_genre-lieder","12":"uni_artist_genre-lyric-poetry","13":"uni_artist_genre-norwegian-lyrics","15":"first","16":"instock","17":"taxable","18":"shipping-taxable","19":"purchasable","20":"product-type-simple"},"_links":{"self":[{"href":"https:\/\/grappa.no\/no\/wp-json\/wp\/v2\/product\/36190","targetHints":{"allow":["GET"]}}],"collection":[{"href":"https:\/\/grappa.no\/no\/wp-json\/wp\/v2\/product"}],"about":[{"href":"https:\/\/grappa.no\/no\/wp-json\/wp\/v2\/types\/product"}],"replies":[{"embeddable":true,"href":"https:\/\/grappa.no\/no\/wp-json\/wp\/v2\/comments?post=36190"}],"wp:featuredmedia":[{"embeddable":true,"href":"https:\/\/grappa.no\/no\/wp-json\/wp\/v2\/media\/36191"}],"wp:attachment":[{"href":"https:\/\/grappa.no\/no\/wp-json\/wp\/v2\/media?parent=36190"}],"wp:term":[{"taxonomy":"product_brand","embeddable":true,"href":"https:\/\/grappa.no\/no\/wp-json\/wp\/v2\/product_brand?post=36190"},{"taxonomy":"product_cat","embeddable":true,"href":"https:\/\/grappa.no\/no\/wp-json\/wp\/v2\/product_cat?post=36190"},{"taxonomy":"product_tag","embeddable":true,"href":"https:\/\/grappa.no\/no\/wp-json\/wp\/v2\/product_tag?post=36190"}],"curies":[{"name":"wp","href":"https:\/\/api.w.org\/{rel}","templated":true}]}}