{"id":36178,"date":"2018-11-09T00:00:00","date_gmt":"2018-11-08T23:00:00","guid":{"rendered":"https:\/\/www.grappa.no\/no\/albums\/ukategorisert\/alt-akkurat-na\/"},"modified":"2020-08-21T08:57:02","modified_gmt":"2020-08-21T07:57:02","slug":"alt-akkurat-na","status":"publish","type":"product","link":"https:\/\/grappa.no\/no\/albums\/grappa\/alt-akkurat-na\/","title":{"rendered":"Alt, akkurat n\u00e5"},"content":{"rendered":"<p><\/p>\n<p>Nytt album fra Jan Eggum!  Tre \u00e5r etter suksessalbumet \u00abRio\u00bb er det duket for en ny h\u00f8st for Jan Eggum n\u00e5r han snart er aktuell med \u00abAlt, akkurat n\u00e5\u00bb. Dette er det nye albumet til bergenstrubaduren som ikke bare tar for seg ordentlige kj\u00e6rlighetsviser om liv og samliv, men ogs\u00e5 temaer som samfunn og kultur. Albumet er produsert av Yngve S\u00e6tre, og musikken er drapert av musikere som J\u00f8rgen Sandvik (Real Ones), Chris Holm (Sondre Lerche, Young Dreams) og Ivar Tormods\u00e6ter.<\/p>\n<p><!--more--><\/p>\n<p>Nytt album fra Jan Eggum!<\/p>\n<h4>Hjem til Bergen<\/h4>\n<p>\u2013 Ikke bare er det 15 \u00e5r siden jeg sist spilte inn et helt album her med President, men samtidig m\u00f8ter jeg ogs\u00e5 den nye generasjonen med bergensmusikere, hvorav noen av dem spiller med meg p\u00e5 plata.   Alt, akkurat n\u00e5 inneholder 12 nye sanger, deriblant n\u00e6re \u00abKj\u00e6rlighet som kommer\u00bb, samfunnskritiske \u00abSvik\u00bb og hyllesten til stedet han vokste opp, \u00abLaksev\u00e5g\u00bb.  \u2013 Dette er ikke et album som kun inneholder kj\u00e6rlighetsviser. Her er det ogs\u00e5 sanger som handler om b\u00e5de kultur og samfunn, sier Eggum, som er noe som gjenspeiles i l\u00e5ter som \u00abDer inne\u00bb og \u00abEg vil se Gud\u00bb.  Alt, akkurat n\u00e5 er produsert av Yngve S\u00e6tre, og musikken er drapert av musikere som J\u00f8rgen Sandvik (Real Ones), Chris Holm (Sondre Lerche, Young Dreams) og Ivar Tormods\u00e6ter.<\/p>\n<h4><\/h4>\n<p><h4><\/h4>\n<\/p>\n<p><\/p>","protected":false},"excerpt":{"rendered":"<p>Alt, akkurat n\u00e5 inneholder 12 nye Eggum-sanger, deriblant n\u00e6re \u00abKj\u00e6rlighet som kommer\u00bb, samfunnskritiske \u00abSvik\u00bb og hyllesten til stedet han vokste opp, \u00abLaksev\u00e5g\u00bb. Tilgjengelig som CD og Vinyl.<\/p>\n","protected":false},"featured_media":36172,"comment_status":"closed","ping_status":"open","template":"","meta":[],"product_brand":[],"product_cat":[6],"product_tag":[],"class_list":{"0":"post-36178","1":"product","2":"type-product","3":"status-publish","4":"has-post-thumbnail","6":"product_cat-grappa","7":"product_shipping_class-cddvd-shipping","8":"uni_artist_tag-andreas-hatzikiradis","9":"uni_artist_tag-chris-holm","10":"uni_artist_tag-havard-funderud","11":"uni_artist_tag-isa-carolina-holmesland","12":"uni_artist_tag-ivar-thormodsaeter","13":"uni_artist_tag-jan-eggum","14":"uni_artist_tag-jorgen-sandvik","15":"uni_artist_tag-kaja-fjellberg-pettersen","16":"uni_artist_tag-kjetil-traavik-moster","17":"uni_artist_tag-lise-voldsdal","18":"uni_artist_tag-martin-smoge","19":"uni_artist_tag-oslo-strings","20":"uni_artist_tag-ragnhild-lien","21":"uni_artist_tag-sigbjorn-apeland","22":"uni_artist_tag-tatiana-pereira","23":"uni_artist_tag-yngve-leidulv-saetre","24":"uni_main_artist_tag-jan-eggum","25":"uni_artist_genre-folk-music","26":"uni_artist_genre-norwegian-lyrics","27":"uni_artist_genre-pop","29":"first","30":"instock","31":"taxable","32":"shipping-taxable","33":"purchasable","34":"product-type-variable","35":"has-default-attributes"},"_links":{"self":[{"href":"https:\/\/grappa.no\/no\/wp-json\/wp\/v2\/product\/36178","targetHints":{"allow":["GET"]}}],"collection":[{"href":"https:\/\/grappa.no\/no\/wp-json\/wp\/v2\/product"}],"about":[{"href":"https:\/\/grappa.no\/no\/wp-json\/wp\/v2\/types\/product"}],"replies":[{"embeddable":true,"href":"https:\/\/grappa.no\/no\/wp-json\/wp\/v2\/comments?post=36178"}],"wp:featuredmedia":[{"embeddable":true,"href":"https:\/\/grappa.no\/no\/wp-json\/wp\/v2\/media\/36172"}],"wp:attachment":[{"href":"https:\/\/grappa.no\/no\/wp-json\/wp\/v2\/media?parent=36178"}],"wp:term":[{"taxonomy":"product_brand","embeddable":true,"href":"https:\/\/grappa.no\/no\/wp-json\/wp\/v2\/product_brand?post=36178"},{"taxonomy":"product_cat","embeddable":true,"href":"https:\/\/grappa.no\/no\/wp-json\/wp\/v2\/product_cat?post=36178"},{"taxonomy":"product_tag","embeddable":true,"href":"https:\/\/grappa.no\/no\/wp-json\/wp\/v2\/product_tag?post=36178"}],"curies":[{"name":"wp","href":"https:\/\/api.w.org\/{rel}","templated":true}]}}