{"id":36171,"date":"2018-11-09T00:00:00","date_gmt":"2018-11-08T23:00:00","guid":{"rendered":"https:\/\/www.grappa.no\/no\/albums\/ukategorisert\/superbarna-statsminister\/"},"modified":"2024-08-21T10:59:17","modified_gmt":"2024-08-21T09:59:17","slug":"superbarna-statsminister","status":"publish","type":"product","link":"https:\/\/grappa.no\/no\/albums\/grappa\/superbarna-statsminister\/","title":{"rendered":"Superbarna &#8211; Statsminister"},"content":{"rendered":"<p><\/p>\n<p>Kvalitetsmusikk for barn.<\/p>\n<p>\u201cDet er kanskje jeg som blir statsminister!\u201d synger Superbarna. Mer sprudlende, kule og engasjerende enn noen gang kommer Superbarna med sin sjuende utgivelse, Statsminister. Her kommer sanger som barna vil kjenne seg igjen i!<\/p>\n<p>Nok en gang kommer gjengen fra Gjerdrum med kvalitetsmusikk for barn. Statsminister handler om det barn bryr seg om, og som engasjerer. Dagdr\u00f8mmer, forelskelse, ferie, isprinsesse og sprudlende l\u00e5tskriving er beskrivende for albumet Statsminister. Her er virkelig morsomme duetter, fantastisk musikk og tekster.<\/p>\n<p><!--more--><\/p>\n<p>\u201cDet er kanskje jeg som blir statsminister!\u201d synger Superbarna.<\/p>\n<h4>Nok en gang kommer gjengen fra Gjerdrum med kvalitetsmusikk for barn.<\/h4>\n<p>Statsminister handler om det barn bryr seg om, og som engasjerer. Dagdr\u00f8mmer, forelskelse, ferie, isprinsesse og sprudlende l\u00e5tskriving er beskrivende for albumet Statsminister. Her er virkelig morsomme duetter, fantastisk musikk og tekster.<\/p>\n<p>Etter sitt f\u00f8rste album i 2009 har Superbarna, i tillegg til Ravi, blant annet samarbeidet med artister som Alexander Rybak, Anita Skorgan, Knut Anders S\u00f8rum, Hanne S\u00f8rv\u00e5g, Lisa B\u00f8rud og Sigmund Groven.<\/p>\n<h4><\/h4>\n<p>Konserter og mye god omtale i media, har gjort mange oppmerksomme p\u00e5 denne nye og flotte sangskatten. Sangene til Superbarna, gruppa med 8 barn, blir mye brukt som l\u00e5tvalg p\u00e5 skoler, i barnehager og kor rundt om i hele landet. Det var helt klart fortjent da de mottok Spellemannsprisen i 2017 for beste barnemusikk for albumet Hipp Hurra. Det er kanskje noen av disse barna som blir Statsminister. Her er det virkelig mye \u00e5 glede seg over!<\/p>\n<h4><\/h4>\n<p><\/p>","protected":false},"excerpt":{"rendered":"<p>\u201cDet er kanskje jeg som blir statsminister!\u201d synger Superbarna.<\/p>\n","protected":false},"featured_media":36173,"comment_status":"closed","ping_status":"closed","template":"","meta":[],"product_brand":[],"product_cat":[6],"product_tag":[],"class_list":{"0":"post-36171","1":"product","2":"type-product","3":"status-publish","4":"has-post-thumbnail","6":"product_cat-grappa","7":"product_shipping_class-cddvd-shipping","8":"uni_artist_tag-jens-petter-antonsen","9":"uni_artist_tag-knut-bjornar-asphol","10":"uni_artist_tag-ravi","11":"uni_artist_tag-spira","12":"uni_artist_tag-superbarna","13":"uni_artist_tag-tone-lise-ramstad-asphol","14":"uni_artist_tag-torstein-lofthus","15":"uni_main_artist_tag-superbarna","16":"uni_artist_genre-children","17":"uni_artist_genre-pop","19":"first","20":"outofstock","21":"taxable","22":"shipping-taxable","23":"purchasable","24":"product-type-simple"},"_links":{"self":[{"href":"https:\/\/grappa.no\/no\/wp-json\/wp\/v2\/product\/36171","targetHints":{"allow":["GET"]}}],"collection":[{"href":"https:\/\/grappa.no\/no\/wp-json\/wp\/v2\/product"}],"about":[{"href":"https:\/\/grappa.no\/no\/wp-json\/wp\/v2\/types\/product"}],"replies":[{"embeddable":true,"href":"https:\/\/grappa.no\/no\/wp-json\/wp\/v2\/comments?post=36171"}],"wp:featuredmedia":[{"embeddable":true,"href":"https:\/\/grappa.no\/no\/wp-json\/wp\/v2\/media\/36173"}],"wp:attachment":[{"href":"https:\/\/grappa.no\/no\/wp-json\/wp\/v2\/media?parent=36171"}],"wp:term":[{"taxonomy":"product_brand","embeddable":true,"href":"https:\/\/grappa.no\/no\/wp-json\/wp\/v2\/product_brand?post=36171"},{"taxonomy":"product_cat","embeddable":true,"href":"https:\/\/grappa.no\/no\/wp-json\/wp\/v2\/product_cat?post=36171"},{"taxonomy":"product_tag","embeddable":true,"href":"https:\/\/grappa.no\/no\/wp-json\/wp\/v2\/product_tag?post=36171"}],"curies":[{"name":"wp","href":"https:\/\/api.w.org\/{rel}","templated":true}]}}