{"id":36151,"date":"1977-01-01T00:00:00","date_gmt":"1976-12-31T23:00:00","guid":{"rendered":"https:\/\/www.grappa.no\/no\/albums\/ukategorisert\/i-heitaste-slatten\/"},"modified":"2018-11-30T12:32:49","modified_gmt":"2018-11-30T11:32:49","slug":"i-heitaste-slatten","status":"publish","type":"product","link":"https:\/\/grappa.no\/no\/albums\/heilo\/i-heitaste-slatten\/","title":{"rendered":"I Heitaste Sl\u00e5tten"},"content":{"rendered":"<p><\/p>\n<p>Viser 70-tallets fremvekst av eksperimentelt samspill.<\/p>\n<p>En folkemusikkperle utgitt p\u00e5 vinyl i 1977 (reutgitt p\u00e5 CD i 1999) med musikk fra Flesberg i Numedal og fra bygdene Holt, S\u00f8deled, Veg\u00e5rshei og Gjerstad i Aust-Agder. <\/p>\n<p>Denne utgivelsen viser 70-tallets fremvekst av eksperimentelt samspill og nye tanker og ideer om instrumentering og arrangering av tradisjonelle sl\u00e5tter. Utgivelsen posisjonerer \u00c5non Egeland som en sterk inspirasjonskilde i skandinavisk folkemusikk i mange ti\u00e5r etter.<\/p>\n<p>Utgivelsen er ogs\u00e5 den spede begynnelsen for den legendariske folkemusikklabelen Heilo. Hallvard Kv\u00e5le som startet Heilo noen \u00e5r etter, er produsent p\u00e5 plata som vinner Spellemannsprisen i 1977.<\/p>\n<p><!--more--><\/p>\n<h4><\/h4>\n<\/p>\n<h4><\/h4>\n<p><h4><\/h4>\n<\/p>\n<p><\/p>","protected":false},"excerpt":{"rendered":"<p>Klassiker fra arkivet &#8211; vinner av Spellemannsprisen 1977.<\/p>\n","protected":false},"featured_media":36152,"comment_status":"closed","ping_status":"open","template":"","meta":[],"product_brand":[],"product_cat":[35],"product_tag":[],"class_list":{"0":"post-36151","1":"product","2":"type-product","3":"status-publish","4":"has-post-thumbnail","6":"product_cat-heilo","7":"product_shipping_class-cddvd-shipping","8":"uni_artist_tag-anon-egeland","9":"uni_artist_tag-hallvard-kvale","10":"uni_artist_tag-per-midtstigen","11":"uni_artist_tag-tellef-kvifte","12":"uni_artist_tag-trad","13":"uni_main_artist_tag-anon-egeland","14":"uni_artist_genre-folk-music","15":"uni_artist_genre-traditional","17":"first","18":"instock","19":"taxable","20":"shipping-taxable","21":"purchasable","22":"product-type-simple"},"_links":{"self":[{"href":"https:\/\/grappa.no\/no\/wp-json\/wp\/v2\/product\/36151","targetHints":{"allow":["GET"]}}],"collection":[{"href":"https:\/\/grappa.no\/no\/wp-json\/wp\/v2\/product"}],"about":[{"href":"https:\/\/grappa.no\/no\/wp-json\/wp\/v2\/types\/product"}],"replies":[{"embeddable":true,"href":"https:\/\/grappa.no\/no\/wp-json\/wp\/v2\/comments?post=36151"}],"wp:featuredmedia":[{"embeddable":true,"href":"https:\/\/grappa.no\/no\/wp-json\/wp\/v2\/media\/36152"}],"wp:attachment":[{"href":"https:\/\/grappa.no\/no\/wp-json\/wp\/v2\/media?parent=36151"}],"wp:term":[{"taxonomy":"product_brand","embeddable":true,"href":"https:\/\/grappa.no\/no\/wp-json\/wp\/v2\/product_brand?post=36151"},{"taxonomy":"product_cat","embeddable":true,"href":"https:\/\/grappa.no\/no\/wp-json\/wp\/v2\/product_cat?post=36151"},{"taxonomy":"product_tag","embeddable":true,"href":"https:\/\/grappa.no\/no\/wp-json\/wp\/v2\/product_tag?post=36151"}],"curies":[{"name":"wp","href":"https:\/\/api.w.org\/{rel}","templated":true}]}}