{"id":36143,"date":"2005-05-31T00:00:00","date_gmt":"2005-05-30T23:00:00","guid":{"rendered":"https:\/\/www.grappa.no\/no\/albums\/ukategorisert\/bra-kast\/"},"modified":"2018-11-30T12:32:47","modified_gmt":"2018-11-30T11:32:47","slug":"bra-kast","status":"publish","type":"product","link":"https:\/\/grappa.no\/no\/albums\/heilo\/bra-kast\/","title":{"rendered":"Bra Kast!"},"content":{"rendered":"<p><\/p>\n<p>Eit ungt uttrykk i rytmisk fengande arrangement.<\/p>\n<p>Gruppa Geitungen presenterer musikk fr\u00e5 sine heimtrakter. Dei speler sl\u00e5ttar fr\u00e5 Bjerkreim, Suldal, Jelsa og til og med fr\u00e5 Karm\u00f8y, presentert i eit originalt uttrykk i rytmisk fengande arrangement. Samtidig f\u00e5r ein ei sterk oppleving av den s\u00e6reigne rogalandstradisjonen. <\/p>\n<p>Dette er den andre av tre utgjevingar fr\u00e5 den banebrytande trioen fr\u00e5 Rogaland. Deira evne til \u00e5 v\u00e6re tru mot dei tradisjonelle sl\u00e5ttane p\u00e5 same tid som dei er ytterst originale har gjort at sl\u00e5ttar fra denne plata er n\u00e6rmast \u00e5 rekne som klassikarar &#8211; og sv\u00e6rt sannynleg \u00e5 m\u00f8te p\u00e5 p\u00e5 folkemusikkjam. <\/p>\n<p>P\u00e5 BRA KAST f\u00e5r ein h\u00f8yre vals, reinlendar, hopsar (den lokale polka&#8217;en), halling og springar; som er dei vanlegaste sl\u00e5ttetypane i Rogaland. Her fins \u00f3g innslag av eit bruraslag, og nokre sj\u00f8lvkomponerte sl\u00e5ttar. Vegar V\u00e5rdal er produsent og dukker \u00f3g opp som ein s\u00e6rdeles frisk gjesteartist.<\/p>\n<p><!--more--><\/p>\n<h4><\/h4>\n<\/p>\n<h4><\/h4>\n<p><h4><\/h4>\n<\/p>\n<p><\/p>","protected":false},"excerpt":{"rendered":"<p>Klassiker fra arkivet \u2013 banebrytande trio fra Rogaland.<\/p>\n","protected":false},"featured_media":36144,"comment_status":"closed","ping_status":"open","template":"","meta":[],"product_brand":[],"product_cat":[35],"product_tag":[],"class_list":{"0":"post-36143","1":"product","2":"type-product","3":"status-publish","4":"has-post-thumbnail","6":"product_cat-heilo","7":"product_shipping_class-cddvd-shipping","8":"uni_artist_tag-geitungen","9":"uni_artist_tag-havard-ims","10":"uni_artist_tag-olav-christer-rossebo","11":"uni_artist_tag-trad","12":"uni_artist_tag-vegar-vardal","13":"uni_artist_tag-vidar-s-b-skrede","14":"uni_main_artist_tag-geitungen","15":"uni_artist_genre-folk-music","16":"uni_artist_genre-traditional","18":"first","19":"instock","20":"taxable","21":"shipping-taxable","22":"purchasable","23":"product-type-simple"},"_links":{"self":[{"href":"https:\/\/grappa.no\/no\/wp-json\/wp\/v2\/product\/36143","targetHints":{"allow":["GET"]}}],"collection":[{"href":"https:\/\/grappa.no\/no\/wp-json\/wp\/v2\/product"}],"about":[{"href":"https:\/\/grappa.no\/no\/wp-json\/wp\/v2\/types\/product"}],"replies":[{"embeddable":true,"href":"https:\/\/grappa.no\/no\/wp-json\/wp\/v2\/comments?post=36143"}],"wp:featuredmedia":[{"embeddable":true,"href":"https:\/\/grappa.no\/no\/wp-json\/wp\/v2\/media\/36144"}],"wp:attachment":[{"href":"https:\/\/grappa.no\/no\/wp-json\/wp\/v2\/media?parent=36143"}],"wp:term":[{"taxonomy":"product_brand","embeddable":true,"href":"https:\/\/grappa.no\/no\/wp-json\/wp\/v2\/product_brand?post=36143"},{"taxonomy":"product_cat","embeddable":true,"href":"https:\/\/grappa.no\/no\/wp-json\/wp\/v2\/product_cat?post=36143"},{"taxonomy":"product_tag","embeddable":true,"href":"https:\/\/grappa.no\/no\/wp-json\/wp\/v2\/product_tag?post=36143"}],"curies":[{"name":"wp","href":"https:\/\/api.w.org\/{rel}","templated":true}]}}