{"id":36131,"date":"2018-11-02T00:00:00","date_gmt":"2018-11-01T23:00:00","guid":{"rendered":"https:\/\/www.grappa.no\/no\/albums\/ukategorisert\/ketil-bjornstad-eva-bjerga-haugen-kjersti-annesdatter-skomsvold\/"},"modified":"2019-01-07T11:03:01","modified_gmt":"2019-01-07T10:03:01","slug":"ketil-bjornstad-eva-bjerga-haugen-kjersti-annesdatter-skomsvold","status":"publish","type":"product","link":"https:\/\/grappa.no\/no\/albums\/grappa\/ketil-bjornstad-eva-bjerga-haugen-kjersti-annesdatter-skomsvold\/","title":{"rendered":"Ketil Bj\u00f8rnstad \/ Eva Bjerga Haugen \/ Kjersti Annesdatter Skomsvold"},"content":{"rendered":"<p><\/p>\n<p>Hun som kjenner tristheten til ting<\/p>\n<p>Tonesettinger av poesi og andre litt\u00e6rere forelegg er en egen, ikke ubetydelig, kategori i musiker, komponist og forfatter Ketil Bj\u00f8rnstads omfattende diskografi. Mest kjent er kanskje hans utgivelser med tonesettinger av Harry Martinsson, Knut Hamsun, John Donne og Edvard Munch.<br \/>\nTidligere i \u00e5r slapp han det kritikerroste albumet \u201cA Suite Of Poems\u201d med Anneli Drecker (Bel Canto, R\u00f8yksopp, a-ha) p\u00e5 ECM, der han hadde tonesatt dikt av Lars Saabye Christensen. &#8211; En utgivelse som fikk mye oppmerksomhet og fikk kritikerne til \u00e5 hente frem superlativene.<br \/>\nP\u00e5 \u201cHun som kjenner tristheten til ting\u201d er det den bejublede forfatteren Kjersti Annesdatter Skomsvolds tekster han har tonesatt og fremf\u00f8rer sammen med supertalentet Eva Bjerga Haugen.<\/p>\n<p><!--more--><\/p>\n<p>Tonesettinger av poesi og andre litt\u00e6rere forelegg er en egen, ikke ubetydelig, kategori i musiker, komponist og forfatter Ketil Bj\u00f8rnstads omfattende diskografi. Mest kjent er kanskje hans utgivelser med tonesettinger av Harry Martinsson, Knut Hamsun, John Donne og Edvard Munch. <\/p>\n<p>Tidligere i \u00e5 slapp han det kritikerroste albumet \u201cA Suite Of Poems\u201d med Anneli Drecker (Bel Canto, R\u00f8yksopp, a-ha) p\u00e5 ECM, der han hadde tonesatt dikt av Lars Saabye Christensen. &#8211; En utgivelse som fikk mye oppmerksomhet og fikk kritikerne til \u00e5 hente frem superlativene.<\/p>\n<h4>Kjersti Annesdatter Skomsvold<\/h4>\n<p>Kjersti Annesdatter Skomsvold debuterte i 2009 med romanen \u00abJo fortere jeg g\u00e5r, jo mindre er jeg\u00bb, utgitt p\u00e5 Forlaget Oktober. For denne ble hun tildelt Tarjei Vesaas&#8217; debutantpris for 2009, og den ble kortlistet til International IMPAC Dublin Literary Award 2013. Hun har senere utgitt en diktsamling og flere romaner. B\u00f8kene er oversatt til mer enn 20 spr\u00e5k, og utkommer blant annet i USA, Storbritannia, Russland, Kina, Tyskland og Frankrike.<\/p>\n<h4>Litt trist matematikk<\/h4>\n<p>Bj\u00f8rnstad tonesatte et utvalg av tekstene til Skomsvolds eneste diktsamling &quot;Litt trist matematikk&quot; (Oktober 2013) og lette i flere \u00e5r etter den perfekte vokalisten for dette prosjektet. Da han samarbeidet med Eva Bjerga Haugen h\u00f8sten 2016, skj\u00f8nte han at Eva var en helt unik sanger som hadde de beste forutsetninger for \u00e5 kunne fremf\u00f8re nettopp en sangsyklus som denne.  Albumet ble noen m\u00e5neder senere spilt inn i Rainbow Studio med Jan Erik Kongshaug ved spakene.<\/p>\n<h4>Biografier:<\/h4>\n<p>Eva Kristine Bjerga Haugen er jazzvokalist, musiker og l\u00e5tskriver og underviser i jazzvokal og i vokalensemble ved Jazzlinjen p\u00e5 Universtetet i Stavanger. Hun debuterte som klassisk pianist med Norsk Kringkastingsorkester i en alder av 15 \u00e5r, men gikk etter hvert over til fransk- og jazzstudier. Hun er en sanger som ubesv\u00e6ret hopper mellom ulike sjanger. Hun har bidratt i en teaterforestilling om Marlene Dietrich og Edith Piaf og har samarbeidet med Espen Eriksen Trio og er med i prosjektene Amigo Tom, Cirrus og Song Circus &#8211; for \u00e5 nevne noen f\u00e5.<br \/>\nKetil Bj\u00f8rnstad har v\u00e6rt en av Norges mest produktive kunstnere siden debuten som pianist bare 16 \u00e5r gammel, med parallelle karrierer b\u00e5de som forfatter, komponist og musiker. Han har s\u00e5 langt utgitt over 60 album og mer enn 40 b\u00f8ker, og har et stort b\u00e5de lesende og lyttende publikum b\u00e5de hjemme i Norge og ute i Europa. Han har skrevet rockeoperaer, ballettmusikk og hans musikk har blitt brukt i filmer av bla annet Ken Loach og Jean-Luc Godard.<\/p>\n<p><\/p>","protected":false},"excerpt":{"rendered":"<p>Bj\u00f8rnstad har tonesatt de bejublede forfatteren Kjersti Annesdatter Skomsvolds tekster, og fremf\u00f8rer sammen med supertalentet Eva Bjerga Haugen.<\/p>\n","protected":false},"featured_media":36132,"comment_status":"closed","ping_status":"open","template":"","meta":[],"product_brand":[],"product_cat":[6],"product_tag":[],"class_list":{"0":"post-36131","1":"product","2":"type-product","3":"status-publish","4":"has-post-thumbnail","6":"product_cat-grappa","7":"product_shipping_class-cddvd-shipping","8":"uni_artist_tag-eva-bjerga-haugen","9":"uni_artist_tag-ketil-bjornstad","10":"uni_artist_genre-norwegian-lyrics","12":"first","13":"instock","14":"taxable","15":"shipping-taxable","16":"purchasable","17":"product-type-simple"},"_links":{"self":[{"href":"https:\/\/grappa.no\/no\/wp-json\/wp\/v2\/product\/36131","targetHints":{"allow":["GET"]}}],"collection":[{"href":"https:\/\/grappa.no\/no\/wp-json\/wp\/v2\/product"}],"about":[{"href":"https:\/\/grappa.no\/no\/wp-json\/wp\/v2\/types\/product"}],"replies":[{"embeddable":true,"href":"https:\/\/grappa.no\/no\/wp-json\/wp\/v2\/comments?post=36131"}],"wp:featuredmedia":[{"embeddable":true,"href":"https:\/\/grappa.no\/no\/wp-json\/wp\/v2\/media\/36132"}],"wp:attachment":[{"href":"https:\/\/grappa.no\/no\/wp-json\/wp\/v2\/media?parent=36131"}],"wp:term":[{"taxonomy":"product_brand","embeddable":true,"href":"https:\/\/grappa.no\/no\/wp-json\/wp\/v2\/product_brand?post=36131"},{"taxonomy":"product_cat","embeddable":true,"href":"https:\/\/grappa.no\/no\/wp-json\/wp\/v2\/product_cat?post=36131"},{"taxonomy":"product_tag","embeddable":true,"href":"https:\/\/grappa.no\/no\/wp-json\/wp\/v2\/product_tag?post=36131"}],"curies":[{"name":"wp","href":"https:\/\/api.w.org\/{rel}","templated":true}]}}