{"id":36113,"date":"2018-11-09T00:00:00","date_gmt":"2018-11-08T23:00:00","guid":{"rendered":"https:\/\/www.grappa.no\/no\/albums\/ukategorisert\/mangelen-min\/"},"modified":"2020-08-21T09:17:33","modified_gmt":"2020-08-21T08:17:33","slug":"mangelen-min","status":"publish","type":"product","link":"https:\/\/grappa.no\/no\/albums\/hubro\/mangelen-min\/","title":{"rendered":"Mangelen Min"},"content":{"rendered":"<p><\/p>\n<p>Nyanserte musikalske settinger.  Det h\u00f8rer til sjeldenhetene at musikere som jobber improvisatorisk i ytterkanten av eksperimentell praksis &#8211; er s\u00e5 samstemte med moderne stil og smak at produktet deres g\u00e5r forbi merkelapper som \u201dseri\u00f8st\u201d og \u201dpopul\u00e6rt\u201d &#8211; og kommer ut p\u00e5 den andre siden som en helt ny form som resonnerer p\u00e5 begge sider samtidig. Building Instrument \u2013 den Bergensbaserte trioen best\u00e5ende av Mari Kvien Brunvoll, \u00d8yvind Hegg-Lunde og \u00c5smund Weltzien \u2013 er en s\u00e5nn gruppe. P\u00e5 deres nye album, \u201dMangelen Min\u201d (som f\u00f8lger opp den bejublede selvtitulerte Hubro-debuten fra 2014, og \u201dKem Som Kan \u00e5 Leve\u201d fra 2016), blander de elektroniske ekko med klassisk barokk, trommer som n\u00e6rmest lyder melodiske, skj\u00f8r og samtidig kraftfull vokal, en smak av Balkan og den typen dype synth-lyder du kanskje forventer \u00e5 finne i soundtracket til en film av Nicolas Winding Refn. Resultatet er en stadig avledende serie av subtile og intrikate nyanserte musikalske settinger hvor forandringshastigheten aldri stopper. Samtidig gj\u00f8r bandets massive sans for groove dette til kunst du ogs\u00e5 kan danse til.   \u201dTittelen \u201dMangelen Min\u201d refererer til tilstedev\u00e6relsen av noe som mangler eller ikke er der lenger, som en sorg som forf\u00f8lger deg rundt. Som en ledsager skapt av all lengselen i et menneske, er Mangelen Min din alien-aktige skyggevenn\u201d, sier Mari Kvien Brunvoll.<\/p>\n<p><!--more--><\/p>\n<p>Det h\u00f8rer til sjeldenhetene at musikere som jobber improvisatorisk i ytterkanten av eksperimentell praksis &#8211; er s\u00e5 samstemte med moderne stil og smak at produktet deres g\u00e5r forbi merkelapper som \u201dseri\u00f8st\u201d og \u201dpopul\u00e6rt\u201d &#8211; og kommer ut p\u00e5 den andre siden som en helt ny form som resonnerer p\u00e5 begge sider samtidig.<\/p>\n<h4>Konserter<\/h4>\n<p>05. Oct &#8211; Eklektik Session &#8211; Wroclaw (PL) 07. Oct &#8211; Eklektik Session w\/Nils Petter Molv\u00e6r\/orchestra &#8211; Wroclaw (PL) 04. Nov &#8211; Falturiltu Festival &#8211; Stord (NO) 08. Nov &#8211; Inder\u00f8y Jazzforum &#8211; Inder\u00f8ya (NO) 09. Nov &#8211; Br\u00f8nn\u00f8y Jazzforum &#8211; Br\u00f8nn\u00f8ysund (NO) 14. Nov &#8211; SALT &#8211; Oslo (NO) 15. Nov &#8211; Tou Scene &#8211; Stavanger (NO) 17. Nov \u2013 Cornerteateret \u2013 Bergen (NO)<\/p>\n<h4><\/h4>\n<p><h4><\/h4>\n<\/p>\n<p><\/p>","protected":false},"excerpt":{"rendered":"<p>Bandets massive sans for groove gj\u00f8r dette til kunst du ogs\u00e5 kan danse til.<\/p>\n","protected":false},"featured_media":36116,"comment_status":"closed","ping_status":"open","template":"","meta":[],"product_brand":[],"product_cat":[36],"product_tag":[],"class_list":{"0":"post-36113","1":"product","2":"type-product","3":"status-publish","4":"has-post-thumbnail","6":"product_cat-hubro","7":"product_shipping_class-cddvd-shipping","8":"uni_artist_tag-asmund-weltzien","9":"uni_artist_tag-building-instrument","10":"uni_artist_tag-mari-kvien-brunvoll","11":"uni_artist_tag-oyvind-hegg-lunde","12":"uni_main_artist_tag-building-instrument","13":"uni_artist_genre-electronic","15":"first","16":"instock","17":"taxable","18":"shipping-taxable","19":"purchasable","20":"product-type-variable","21":"has-default-attributes"},"_links":{"self":[{"href":"https:\/\/grappa.no\/no\/wp-json\/wp\/v2\/product\/36113","targetHints":{"allow":["GET"]}}],"collection":[{"href":"https:\/\/grappa.no\/no\/wp-json\/wp\/v2\/product"}],"about":[{"href":"https:\/\/grappa.no\/no\/wp-json\/wp\/v2\/types\/product"}],"replies":[{"embeddable":true,"href":"https:\/\/grappa.no\/no\/wp-json\/wp\/v2\/comments?post=36113"}],"wp:featuredmedia":[{"embeddable":true,"href":"https:\/\/grappa.no\/no\/wp-json\/wp\/v2\/media\/36116"}],"wp:attachment":[{"href":"https:\/\/grappa.no\/no\/wp-json\/wp\/v2\/media?parent=36113"}],"wp:term":[{"taxonomy":"product_brand","embeddable":true,"href":"https:\/\/grappa.no\/no\/wp-json\/wp\/v2\/product_brand?post=36113"},{"taxonomy":"product_cat","embeddable":true,"href":"https:\/\/grappa.no\/no\/wp-json\/wp\/v2\/product_cat?post=36113"},{"taxonomy":"product_tag","embeddable":true,"href":"https:\/\/grappa.no\/no\/wp-json\/wp\/v2\/product_tag?post=36113"}],"curies":[{"name":"wp","href":"https:\/\/api.w.org\/{rel}","templated":true}]}}