{"id":361,"date":"1992-01-08T00:00:00","date_gmt":"1992-01-07T23:00:00","guid":{"rendered":"http:\/\/www.grappa.no\/albums\/uncategorized\/brahms-cello-sonatas\/"},"modified":"2019-02-22T15:33:06","modified_gmt":"2019-02-22T14:33:06","slug":"brahms-cello-sonatas","status":"publish","type":"product","link":"https:\/\/grappa.no\/no\/albums\/simax-classics\/brahms-cello-sonatas\/","title":{"rendered":"Brahms Cello Sonatas"},"content":{"rendered":"<p><\/p>\n<p>Truls M\u00f8rk spiller Brahms sonater og sanger<\/p>\n<p>Truls M\u00f8rk og Juhani Lagerspetz spiller Brahms som ingen andre! Platen best\u00e5r av begge cello-sonatene og syv utplukkede lieder av Brahms. Stemningen p\u00e5 den f\u00f8rste sonaten kan kanskje best bekrives som elegisk \u2013 noe som st\u00e5r i sterk kontrast til den utadvente og optimistiske sonate nr. 2. De syv sangene er kjente verk som spenner over hele Brahms&#8217; liv som komponist, fra hans f\u00f8rste opus i sjangeren til samlinger som daterer seg fra hans siste \u00e5r. Truls M\u00f8rk har smakfullt latt celloen erstatte sangstemmen og gitt de syv sangene fine transkripsjoner for cello og piano \u2013 en vri som g\u00e5r godt overens med Brahms forkj\u00e6rlighet for altstemmen.<\/p>\n<p><!--more--><\/p>\n<h4><\/h4>\n<\/p>\n<h4><\/h4>\n<p><h4><\/h4>\n<\/p>\n<p><\/p>","protected":false},"excerpt":{"rendered":"<p>\u2013 Best recording ever [BBC Music Magazine]<\/p>\n","protected":false},"featured_media":27548,"comment_status":"closed","ping_status":"open","template":"","meta":[],"product_brand":[],"product_cat":[180],"product_tag":[],"class_list":{"0":"post-361","1":"product","2":"type-product","3":"status-publish","4":"has-post-thumbnail","6":"product_cat-simax-classics","7":"product_shipping_class-cddvd-shipping","8":"uni_artist_tag-arne-akselberg","9":"uni_artist_tag-johannes-brahms","10":"uni_artist_tag-juhani-lagerspetz","11":"uni_artist_tag-truls-mork","12":"uni_main_artist_tag-truls-mork","13":"uni_artist_genre-chamber","14":"uni_artist_genre-complete","15":"uni_artist_genre-strings","17":"first","18":"instock","19":"taxable","20":"shipping-taxable","21":"purchasable","22":"product-type-simple"},"_links":{"self":[{"href":"https:\/\/grappa.no\/no\/wp-json\/wp\/v2\/product\/361","targetHints":{"allow":["GET"]}}],"collection":[{"href":"https:\/\/grappa.no\/no\/wp-json\/wp\/v2\/product"}],"about":[{"href":"https:\/\/grappa.no\/no\/wp-json\/wp\/v2\/types\/product"}],"replies":[{"embeddable":true,"href":"https:\/\/grappa.no\/no\/wp-json\/wp\/v2\/comments?post=361"}],"wp:featuredmedia":[{"embeddable":true,"href":"https:\/\/grappa.no\/no\/wp-json\/wp\/v2\/media\/27548"}],"wp:attachment":[{"href":"https:\/\/grappa.no\/no\/wp-json\/wp\/v2\/media?parent=361"}],"wp:term":[{"taxonomy":"product_brand","embeddable":true,"href":"https:\/\/grappa.no\/no\/wp-json\/wp\/v2\/product_brand?post=361"},{"taxonomy":"product_cat","embeddable":true,"href":"https:\/\/grappa.no\/no\/wp-json\/wp\/v2\/product_cat?post=361"},{"taxonomy":"product_tag","embeddable":true,"href":"https:\/\/grappa.no\/no\/wp-json\/wp\/v2\/product_tag?post=361"}],"curies":[{"name":"wp","href":"https:\/\/api.w.org\/{rel}","templated":true}]}}