{"id":36072,"date":"2018-10-12T00:00:00","date_gmt":"2018-10-11T23:00:00","guid":{"rendered":"https:\/\/www.grappa.no\/no\/albums\/ukategorisert\/silent-string\/"},"modified":"2019-06-11T13:05:00","modified_gmt":"2019-06-11T12:05:00","slug":"silent-string","status":"publish","type":"product","link":"https:\/\/grappa.no\/no\/albums\/grappa\/silent-string\/","title":{"rendered":"Silent String"},"content":{"rendered":"<p><\/p>\n<p>Kj\u00e6rlighet for naturen<\/p>\n<p>Med vakre melodier og et stjernelag av medmusikanter, har Flaa laget et album med et evig aktuelt og essensielt budskap. P\u00e5 Silent String f\u00e5r han virkelig vist sin kj\u00e6rlighet for naturen. Samtidig retter han et skarpt blikk mot menneskers overforbruk og dets konsekvenser i en tid hvor de rike verner om sine rikdommer og hvor jorda bare gir og gir uavhengig av hvordan vi behandler den, og om hvordan vi tar naturen og ressursene for gitt.<\/p>\n<p><!--more--><\/p>\n<p>Silent String markerer en vending i Stokke-artistens musikk.<br \/>\n\u2013 Jeg var 12 \u00e5r da jeg begynte \u00e5 skrive musikk. Fortsatt husker jeg hvor befriende det f\u00f8ltes \u00e5 skape noe p\u00e5 egenh\u00e5nd med pappas skjeve gitar. Det var som om l\u00e5tene bare rant ut.<\/p>\n<h4>Kj\u00e6rlighet for naturen<\/h4>\n<p>Med vakre melodier og et stjernelag av medmusikanter, har Flaa laget et album med et evig aktuelt og essensielt budskap. P\u00e5 Silent String f\u00e5r han virkelig vist sinkj\u00e6rlighet for naturen. Samtidig retter han et skarpt blikk mot menneskers overforbruk og dets konsekvenser i en tid hvor de rike verner om sine rikdommer og hvor jorda bare gir og gir uavhengig av hvordan vi behandler den, og om hvordan vi tar naturen og ressursene for gitt.<\/p>\n<p>\u2013 Jeg er ikke spesielt religi\u00f8s, men n\u00e5r jeg er ute i naturen f\u00f8ler jeg meg noen ganger n\u00e6rmere svarene p\u00e5 noen grunnleggende sp\u00f8rsm\u00e5l. Jeg tenker at naturen selv har noen av svarene. At fuglene synger om det, at vinden hvisker om det og at alle lydene og luktene snakker om det. Om hvem vi er og hvorfor vi er her, og at vi alle m\u00e5 tenke mer over hvordan vi behandler alt dette, sier Flaa.<\/p>\n<h4>Stjernelag samlet p\u00e5 plate<\/h4>\n<p>Silent String er spilt inn i l\u00e5ven p\u00e5 Kl\u00e5stad g\u00e5rd i Larvik. Med seg har han et<br \/>\nstjernelag av musikere: B\u00f8rge Fjordheim (Morten Abel, Sivert H\u00f8yem) p\u00e5 trommer,<br \/>\nNikolai Eilertsen (BIGBANG, Band of Gold) p\u00e5 bass, Christer Knutsen (Sivert<br \/>\nH\u00f8yem) p\u00e5 piano og Geir Sundst\u00f8l (Bj\u00f8rn Eidsv\u00e5g, Odd Nordstoga) p\u00e5 banjo.<br \/>\nAlbumet er mikset og produsert av Bjarne Stensli og Andreas Berzcelly.<\/p>\n<h4><\/h4>\n<\/p>\n<p><\/p>","protected":false},"excerpt":{"rendered":"<p>Med vakre melodier og et stjernelag av medmusikanter, har Flaa laget et album med et evig aktuelt og essensielt budskap.<\/p>\n","protected":false},"featured_media":36073,"comment_status":"closed","ping_status":"open","template":"","meta":[],"product_brand":[],"product_cat":[6],"product_tag":[],"class_list":{"0":"post-36072","1":"product","2":"type-product","3":"status-publish","4":"has-post-thumbnail","6":"product_cat-grappa","7":"product_shipping_class-cddvd-shipping","8":"uni_artist_tag-bjarne-stensli","9":"uni_artist_tag-borge-fjordheim","10":"uni_artist_tag-christer-knutsen","11":"uni_artist_tag-einar-flaa","12":"uni_artist_tag-geir-sundstol","13":"uni_artist_tag-nikolai-haengsle-eilertsen","14":"uni_main_artist_tag-einar-flaa","15":"uni_artist_genre-country","16":"uni_artist_genre-folk-music","17":"uni_artist_genre-pop","18":"uni_artist_genre-singersongwriter","20":"first","21":"instock","22":"taxable","23":"shipping-taxable","24":"purchasable","25":"product-type-simple"},"_links":{"self":[{"href":"https:\/\/grappa.no\/no\/wp-json\/wp\/v2\/product\/36072","targetHints":{"allow":["GET"]}}],"collection":[{"href":"https:\/\/grappa.no\/no\/wp-json\/wp\/v2\/product"}],"about":[{"href":"https:\/\/grappa.no\/no\/wp-json\/wp\/v2\/types\/product"}],"replies":[{"embeddable":true,"href":"https:\/\/grappa.no\/no\/wp-json\/wp\/v2\/comments?post=36072"}],"wp:featuredmedia":[{"embeddable":true,"href":"https:\/\/grappa.no\/no\/wp-json\/wp\/v2\/media\/36073"}],"wp:attachment":[{"href":"https:\/\/grappa.no\/no\/wp-json\/wp\/v2\/media?parent=36072"}],"wp:term":[{"taxonomy":"product_brand","embeddable":true,"href":"https:\/\/grappa.no\/no\/wp-json\/wp\/v2\/product_brand?post=36072"},{"taxonomy":"product_cat","embeddable":true,"href":"https:\/\/grappa.no\/no\/wp-json\/wp\/v2\/product_cat?post=36072"},{"taxonomy":"product_tag","embeddable":true,"href":"https:\/\/grappa.no\/no\/wp-json\/wp\/v2\/product_tag?post=36072"}],"curies":[{"name":"wp","href":"https:\/\/api.w.org\/{rel}","templated":true}]}}