{"id":36065,"date":"2018-10-12T00:00:00","date_gmt":"2018-10-11T23:00:00","guid":{"rendered":"https:\/\/www.grappa.no\/no\/albums\/ukategorisert\/imi\/"},"modified":"2020-06-26T13:10:04","modified_gmt":"2020-06-26T12:10:04","slug":"imi","status":"publish","type":"product","link":"https:\/\/grappa.no\/no\/albums\/hubro\/imi\/","title":{"rendered":"imi"},"content":{"rendered":"<p><\/p>\n<p>Hypnotisk rytmedriv<\/p>\n<p>Den eksperimentelle rockekvartetten Moon Relays tredje album trekker veksler p\u00e5 den sprengte funk og maskinestetikken fra punk og No-Wave band fra slutten av syttitallet og begynnelsen av \u00e5ttitallet, og motorik-m\u00f8ter-elektrorytmer fra &quot;Planet Rock&quot;-aktig hiphop. Deres instrumentalmusikk-univers rommer hakeslippfremkallende sagblad-gitarlyd og disco-klapping p\u00e5 en serie av hypnotiske rytmedriv, korte eksperimentelle kollasjer og studioeksperimenter. Moon Relay har en fot i fortiden og \u00e9n i fremtiden og l\u00e5ter b\u00e5de gamle og nye p\u00e5 samme tid.<\/p>\n<p><!--more--><\/p>\n<p>Den eksperimentelle rockekvartetten Moon Relays tredje album trekker veksler p\u00e5 den sprengte funk og maskinestetikken fra punk og No-Wave band fra slutten av syttitallet og begynnelsen av \u00e5ttitallet, og motorik-m\u00f8ter-elektrorytmer fra &quot;Planet Rock&quot;-aktig hiphop.<\/p>\n<h4><\/h4>\n<\/p>\n<h4><\/h4>\n<p><h4><\/h4>\n<\/p>\n<p><\/p>","protected":false},"excerpt":{"rendered":"<p>Moon Relay har en fot i fortiden og \u00e9n i fremtiden og l\u00e5ter b\u00e5de gamle og nye p\u00e5 samme tid.<\/p>\n","protected":false},"featured_media":36060,"comment_status":"closed","ping_status":"open","template":"","meta":[],"product_brand":[],"product_cat":[36],"product_tag":[],"class_list":{"0":"post-36065","1":"product","2":"type-product","3":"status-publish","4":"has-post-thumbnail","6":"product_cat-hubro","7":"product_shipping_class-cddvd-shipping","8":"uni_artist_tag-christian-naess","9":"uni_artist_tag-daniel-meyer-gronvold","10":"uni_artist_tag-havard-volden","11":"uni_artist_tag-kyrre-laastad","12":"uni_artist_tag-moon-relay","13":"uni_artist_tag-ola-hoyer","14":"uni_artist_genre-rock","16":"first","17":"instock","18":"taxable","19":"shipping-taxable","20":"purchasable","21":"product-type-simple"},"_links":{"self":[{"href":"https:\/\/grappa.no\/no\/wp-json\/wp\/v2\/product\/36065","targetHints":{"allow":["GET"]}}],"collection":[{"href":"https:\/\/grappa.no\/no\/wp-json\/wp\/v2\/product"}],"about":[{"href":"https:\/\/grappa.no\/no\/wp-json\/wp\/v2\/types\/product"}],"replies":[{"embeddable":true,"href":"https:\/\/grappa.no\/no\/wp-json\/wp\/v2\/comments?post=36065"}],"wp:featuredmedia":[{"embeddable":true,"href":"https:\/\/grappa.no\/no\/wp-json\/wp\/v2\/media\/36060"}],"wp:attachment":[{"href":"https:\/\/grappa.no\/no\/wp-json\/wp\/v2\/media?parent=36065"}],"wp:term":[{"taxonomy":"product_brand","embeddable":true,"href":"https:\/\/grappa.no\/no\/wp-json\/wp\/v2\/product_brand?post=36065"},{"taxonomy":"product_cat","embeddable":true,"href":"https:\/\/grappa.no\/no\/wp-json\/wp\/v2\/product_cat?post=36065"},{"taxonomy":"product_tag","embeddable":true,"href":"https:\/\/grappa.no\/no\/wp-json\/wp\/v2\/product_tag?post=36065"}],"curies":[{"name":"wp","href":"https:\/\/api.w.org\/{rel}","templated":true}]}}