{"id":36027,"date":"2018-10-26T00:00:00","date_gmt":"2018-10-25T23:00:00","guid":{"rendered":"https:\/\/www.grappa.no\/no\/albums\/ukategorisert\/maurice-ravel-complete-works-for-piano-solo\/"},"modified":"2019-06-26T13:48:23","modified_gmt":"2019-06-26T12:48:23","slug":"maurice-ravel-complete-works-for-piano-solo","status":"publish","type":"product","link":"https:\/\/grappa.no\/no\/albums\/simax-classics\/maurice-ravel-complete-works-for-piano-solo\/","title":{"rendered":"Maurice Ravel Complete Works for Piano Solo"},"content":{"rendered":"<p><\/p>\n<p>Austb\u00f8 feirer med Ravel<\/p>\n<p>Pianisten H\u00e5kon Austb\u00f8 markerer sin 70-\u00e5rs dag med innspilling av den franske komponisten Maurice Ravels komplette verker for solo klav\u00e9r. Austb\u00f8 har en dyp affinitet til Ravels musikk, og befester sin posisjon som en av v\u00e5re fremste og mest spennende pianister med denne utgivelsen. Og det er en dramatisk Ravel han presenterer!<\/p>\n<p>Austb\u00f8 bidrar med en sv\u00e6rt interessant og personlig tekst omkring sine tolkninger, der han bl.a. skriver: \u00abRavel skjulte sannsynligvis noen av sine m\u00f8rkeste sider bak teknisk briljans. \u2018Mitt m\u00e5l er teknisk perfeksjon\u2019, sa han, vel vitende om at dette aldri kunne oppn\u00e5s. Likefullt; mange av hans stykker viser de m\u00f8rke sidene av hans verden, som den uhyggelige \u2019Scarbo\u2019, eller bak en maske \u2013 som i den tragiske \u2019gracioso\u2019 i \u2019Alborada\u2019. Det er et av de f\u00e5 stykkene hvor Ravel avsl\u00f8rer seg for oss, og den kataklysmiske avslutningen er ikke noe vakkert syn; narrens verden g\u00e5r i tusen knas. P\u00e5 \u00e9n m\u00e5te er vi alle denne narren: Hvem har ikke erfart denne eksistensielle frykten?\u00bb H\u00e5kon Austb\u00f8 har valgt et helt spesielt instrument for denne innspillingen; et Steinway fra 1893. Dermed opererer han innenfor den samme klangverdenen som Ravel selv h\u00f8rte. Det gir helt s\u00e6regne muligheter for nyanser og sjatteringer i klangbehandlingen, muligheter som Austb\u00f8 mesterlig gj\u00f8r nytte av i denne musikken.<\/p>\n<p><!--more--><\/p>\n<p>Pianisten H\u00e5kon Austb\u00f8 markerer sin 70-\u00e5rs dag med innspilling av den franske komponisten Maurice Ravels komplette verker for solo klav\u00e9r. Austb\u00f8 har en dyp affinitet til Ravels musikk, og befester sin posisjon som en av v\u00e5re fremste og mest spennende pianister med denne utgivelsen. Og det er en klar og dramatisk Ravel han presenterer!<\/p>\n<h4>Studier i Paris<\/h4>\n<p>Maurice Ravels musikk stod selvf\u00f8lgelig sentralt i Austb\u00f8s fem \u00e5rs studier ved Paris-konservatoriet fra 1966. Etter \u00e5 ha gjort h\u00f8yt skattede komplette innspillinger med klavermusikken til Grieg, Messiaen, Debussy og Janacek, er Ravel et naturlig neste skritt for Austb\u00f8. Det blir imidlertid m\u00f8rkere val\u00f8rer enn de vi vanligvis presenteres for hos Ravel n\u00e5r H\u00e5kon Austb\u00f8 gir til beste sine tolkninger av disse verkene.<\/p>\n<h4>En m\u00f8rkere side<\/h4>\n<p>Austb\u00f8 bidrar med en sv\u00e6rt interessant og personlig tekst omkring sine tolkninger, der han bl.a. skriver: \u00abRavel skjulte sannsynligvis noen av sine m\u00f8rkeste sider bak teknisk briljans. \u2018Mitt m\u00e5l er teknisk perfeksjon\u2019, sa han, vel vitende om at dette aldri kunne oppn\u00e5s. Likefullt; mange av hans stykker viser de m\u00f8rke sidene av hans verden, som den uhyggelige \u2019Scarbo\u2019, eller bak en maske \u2013 som i den tragiske \u2019gracioso\u2019 i \u2019Alborada\u2019. Det er et av de f\u00e5 stykkene hvor Ravel avsl\u00f8rer seg for oss, og den kataklysmiske avslutningen er ikke noe vakkert syn; narrens verden g\u00e5r i tusen knas. P\u00e5 \u00e9n m\u00e5te er vi alle denne narren: Hvem har ikke erfart denne eksistensielle frykten?\u00bb<br \/>\nH\u00e5kon Austb\u00f8 har valgt et helt spesielt instrument for denne innspillingen; et Steinway fra 1893. Dermed opererer han innenfor den samme klangverdenen som Ravel selv h\u00f8rte. Det gir helt s\u00e6regne muligheter for nyanser og sjatteringer i klangbehandlingen, muligheter som Austb\u00f8 mesterlig gj\u00f8r nytte av i denne musikken. H\u00f8r for eksempel p\u00e5 \u2019Jeux d\u2019eau\u2019 (\u2019Fontener\u2019), stykket der den 26 \u00e5r gamle Ravel viser sin karakteristiske egenart f\u00f8r f\u00f8rste gang.<\/p>\n<h4>H\u00e5kon Austb\u00f8<\/h4>\n<p>Det meste av sitt liv \u2013 40 \u00e5r \u2013 har Austb\u00f8 tilbrakt utenfor Norge. Etter studier i Paris fortsatte han i New York og M\u00fcnchen og bosatte seg s\u00e5 i Nederland f\u00f8r han vendte tilbake til Norge i 2005. Han var den f\u00f8rste utlending som tok 1. pris i den eksklusive &quot;Concours de la Guilde Fran\u00e7aise des Artistes Solistes&quot; (Paris, 1970). Hans internasjonale gjennombrudd fant sted etter seieren i den internasjonale Messiaen-konkurransen for samtidsmusikk (Royan, 1971). Siden vant han priser ved den internasjonale konkurransen i M\u00fcnchen (1974), ved Ravel-konkurransen i Paris (1975) og ved UNESCO-tribunen i Bratislava (1975). Disse prisene var med p\u00e5 \u00e5 prege hans karriere som f\u00f8rte ham til fire verdensdeler, orkestre som Gewandhaus i Leipzig og Concertgebouw i Amsterdam, med en lang rekke ledende dirigenter og i kammermusikalsk samspill med et utall kolleger over hele kloden.<\/p>\n<p><\/p>","protected":false},"excerpt":{"rendered":"<p>\u2013 En av de tydeligste musikalske stemmene som noensinne har kommet fra Norge. [Klassekampen]<\/p>\n","protected":false},"featured_media":36028,"comment_status":"closed","ping_status":"open","template":"","meta":[],"product_brand":[],"product_cat":[180],"product_tag":[],"class_list":{"0":"post-36027","1":"product","2":"type-product","3":"status-publish","4":"has-post-thumbnail","6":"product_cat-simax-classics","7":"product_shipping_class-cddvd-shipping","8":"uni_artist_tag-arne-akselberg","9":"uni_artist_tag-hakon-austbo","10":"uni_artist_tag-maurice-ravel","11":"uni_main_artist_tag-hakon-austbo","12":"uni_artist_genre-complete","13":"uni_artist_genre-piano","15":"first","16":"instock","17":"taxable","18":"shipping-taxable","19":"purchasable","20":"product-type-simple"},"_links":{"self":[{"href":"https:\/\/grappa.no\/no\/wp-json\/wp\/v2\/product\/36027","targetHints":{"allow":["GET"]}}],"collection":[{"href":"https:\/\/grappa.no\/no\/wp-json\/wp\/v2\/product"}],"about":[{"href":"https:\/\/grappa.no\/no\/wp-json\/wp\/v2\/types\/product"}],"replies":[{"embeddable":true,"href":"https:\/\/grappa.no\/no\/wp-json\/wp\/v2\/comments?post=36027"}],"wp:featuredmedia":[{"embeddable":true,"href":"https:\/\/grappa.no\/no\/wp-json\/wp\/v2\/media\/36028"}],"wp:attachment":[{"href":"https:\/\/grappa.no\/no\/wp-json\/wp\/v2\/media?parent=36027"}],"wp:term":[{"taxonomy":"product_brand","embeddable":true,"href":"https:\/\/grappa.no\/no\/wp-json\/wp\/v2\/product_brand?post=36027"},{"taxonomy":"product_cat","embeddable":true,"href":"https:\/\/grappa.no\/no\/wp-json\/wp\/v2\/product_cat?post=36027"},{"taxonomy":"product_tag","embeddable":true,"href":"https:\/\/grappa.no\/no\/wp-json\/wp\/v2\/product_tag?post=36027"}],"curies":[{"name":"wp","href":"https:\/\/api.w.org\/{rel}","templated":true}]}}