{"id":360,"date":"1992-01-14T00:00:00","date_gmt":"1992-01-13T23:00:00","guid":{"rendered":"http:\/\/www.grappa.no\/albums\/uncategorized\/j-s-bach-sonatas-for-viola-da-gamba-and-harpsichord\/"},"modified":"2020-09-22T07:46:14","modified_gmt":"2020-09-22T06:46:14","slug":"j-s-bach-sonatas-for-viola-da-gamba-and-harpsichord","status":"publish","type":"product","link":"https:\/\/grappa.no\/no\/albums\/simax-classics\/j-s-bach-sonatas-for-viola-da-gamba-and-harpsichord\/","title":{"rendered":"J.S. Bach: Sonatas for Viola da Gamba and Harpsichord"},"content":{"rendered":"<p><\/p>\n<p>Bach for gambe og cembalo<\/p>\n<p>De tre sonatene for gambe og cembalo (BWV 1027-1029) inkluderer noe av Bachs mest bemerkelsesverdige kammermusikk. Bachs sedvanelige kontrapunktisk oppfinnsomhet, f\u00f8lsomhet for tekstur, gir disse verkene en fremtredende posisjon i komponistens produksjon.<\/p>\n<p>Gambist og cellisten Laurence Dreyfus f\u00f8rer en dobbel karriere som b\u00e5de ut\u00f8ver og musikkviter. Han har gitt ut plater p\u00e5 Simax, Harmonia og Meridian. Dreyfus spiller en fransk-stil syv strengs viola da gambe laget i 1979 av Curtis Bryant av Watertown, Massachusetts, USA. Haugsand har spesialisert seg p\u00e5 fransk og tysk repertoar og har turnert mye rundt i Europa og USA som cembalosolist og dirigent.<\/p>\n<p><!--more--><\/p>\n<h4><\/h4>\n<\/p>\n<h4><\/h4>\n<p><h4><\/h4>\n<\/p>\n<p><\/p>","protected":false},"excerpt":{"rendered":"<p>&#8211; These performances have no serious rival in the catalogue. Strongly recommended. [Gramophone]<\/p>\n","protected":false},"featured_media":27547,"comment_status":"closed","ping_status":"closed","template":"","meta":[],"product_brand":[],"product_cat":[180],"product_tag":[],"class_list":{"0":"post-360","1":"product","2":"type-product","3":"status-publish","4":"has-post-thumbnail","6":"product_cat-simax-classics","7":"product_shipping_class-cddvd-shipping","8":"uni_artist_tag-arne-akselberg","9":"uni_artist_tag-johann-sebastian-bach","10":"uni_artist_tag-ketil-haugsand","11":"uni_artist_tag-laurence-dreyfus","12":"uni_main_artist_tag-laurence-dreyfus","13":"uni_artist_genre-chamber-music","14":"uni_artist_genre-classical","15":"uni_artist_genre-early-music","17":"first","18":"outofstock","19":"taxable","20":"shipping-taxable","21":"purchasable","22":"product-type-simple"},"_links":{"self":[{"href":"https:\/\/grappa.no\/no\/wp-json\/wp\/v2\/product\/360","targetHints":{"allow":["GET"]}}],"collection":[{"href":"https:\/\/grappa.no\/no\/wp-json\/wp\/v2\/product"}],"about":[{"href":"https:\/\/grappa.no\/no\/wp-json\/wp\/v2\/types\/product"}],"replies":[{"embeddable":true,"href":"https:\/\/grappa.no\/no\/wp-json\/wp\/v2\/comments?post=360"}],"wp:featuredmedia":[{"embeddable":true,"href":"https:\/\/grappa.no\/no\/wp-json\/wp\/v2\/media\/27547"}],"wp:attachment":[{"href":"https:\/\/grappa.no\/no\/wp-json\/wp\/v2\/media?parent=360"}],"wp:term":[{"taxonomy":"product_brand","embeddable":true,"href":"https:\/\/grappa.no\/no\/wp-json\/wp\/v2\/product_brand?post=360"},{"taxonomy":"product_cat","embeddable":true,"href":"https:\/\/grappa.no\/no\/wp-json\/wp\/v2\/product_cat?post=360"},{"taxonomy":"product_tag","embeddable":true,"href":"https:\/\/grappa.no\/no\/wp-json\/wp\/v2\/product_tag?post=360"}],"curies":[{"name":"wp","href":"https:\/\/api.w.org\/{rel}","templated":true}]}}