{"id":35979,"date":"2018-10-12T00:00:00","date_gmt":"2018-10-11T23:00:00","guid":{"rendered":"https:\/\/www.grappa.no\/no\/albums\/ukategorisert\/slattar-fra-granvin\/"},"modified":"2019-04-01T05:35:50","modified_gmt":"2019-04-01T04:35:50","slug":"slattar-fra-granvin","status":"publish","type":"product","link":"https:\/\/grappa.no\/no\/albums\/heilo\/slattar-fra-granvin\/","title":{"rendered":"Sl\u00e5ttar fr\u00e5 Granvin"},"content":{"rendered":"<p><\/p>\n<p>Eit praktverk.<\/p>\n<p>Knut Hamre er rekna som ein av dei fremste hardingfelekunstnarar i Hardanger gjennom alle tider. No syner han oss det rike mangfaldet i Granvinsspelet med det store verket Sl\u00e5ttar fr\u00e5 Granvin. Eit praktverk av ei bok og ei samling p\u00e5 nittisju nyinnspelte sl\u00e5ttar han har vigd heile sitt spelande liv til \u00e5 fordjupa seg i og vidareformidla. Den rikt illustrerte og vakkert innbundne boka (152 sider) som f\u00f8lgjer dei fire cd-platene inneheld ogs\u00e5 essay og biografiar om dei einskilde sl\u00e5tte-kjeldene p\u00e5 innspelinga, skrive av Benedicte Maurseth, og eit nyskrive dikt av Ruth Lillegraven.<\/p>\n<p><!--more--><\/p>\n<p>&quot;Granvin er tvillaust ei av dei viktigaste folkemusikkbygder i Noreg, og har vore det lenge.\u201d, skriv Benedicte Maurseth i f\u00f8reordet til Sl\u00e5ttar fr\u00e5 Granvin. Framleis er det mange i bygda som spelar, og Knut Hamre (1952-) minnest fr\u00e5 oppveksten i Granvin p\u00e5 1960-talet at han kunne g\u00e5 inn nesten kvar han ville og h\u00f8yra eller l\u00e6ra felespel. \u00abAlle\u00bb hadde ei fele liggande, og det hende til og med at ein lodda ut feler p\u00e5 basar i staden for kaker. I den vesle bygda i Hardanger finst det nesten hundre sl\u00e5ttar knytte til staden, og mange av dei er blant dei fremste komposisjonar i hardingfelerepertoaret.<\/p>\n<h4>Knut Hamre<\/h4>\n<p>Knut Hamre har sidan 1980-talet gjeve ut mange kritikarroste plater, turnert over store delar av verda som solist og i samarbeid med andre kunstnarar. Han har vunne Landskappleiken i klasse A sju gonger og elles f\u00e5tt fleire h\u00f8gthengande prisar. I 2017 vart han utnemnd til Kommand\u00f8r av St. Olavs orden for framifr\u00e5 innsats for norsk folkemusikk.  <\/p>\n<p>Han har i tillegg til eit aktivt og mangslungent liv som ut\u00f8vande kunstnar, delt sl\u00e5ttekunnskapen sin &#8211; raust og utan atterhald &#8211; med tallause elevar, s\u00e6rleg i Hardanger, men ogs\u00e5 elles i inn- og utland. Han har ogs\u00e5 vore ei viktig kjelde og p\u00e5drivar for Hardanger Spelemannslag sidan midten av 1970-talet.  Hans tiln\u00e6rming til det tradisjonelle repertoaret har likevel alltid vore kl\u00e5r og todelt: L\u00e6remeisteren Knut vidaref\u00f8rer tradisjonen s\u00e5 sogerett han kan, slik han sj\u00f8lv l\u00e6rte det. Men oppmodar samstundes alltid elevane sine til \u00e5 finna sin eigen signatur.<\/p>\n<h4>Konserter<\/h4>\n<p>22.09 Riksscenen, Oslo (m\/Ruth Lillegraven)<br \/>\n27.10\tOsafestivalen, Voss<br \/>\n01.12 Trudvang, Granvin (m\/Ruth Lillegraven)<br \/>\n10.12 Columbi Egg, Bergen (m\/Ruth Lillegraven)<\/p>\n<h4><\/h4>\n<\/p>\n<p><\/p>","protected":false},"excerpt":{"rendered":"<p>Eit ambisi\u00f8st prosjekt som syner den rike tradisjonen fr\u00e5 Granvin gjennom Knut Hamres kunnskapsrike og tradisjonstru stil.<\/p>\n","protected":false},"featured_media":35980,"comment_status":"closed","ping_status":"open","template":"","meta":[],"product_brand":[],"product_cat":[35],"product_tag":[],"class_list":{"0":"post-35979","1":"product","2":"type-product","3":"status-publish","4":"has-post-thumbnail","6":"product_cat-heilo","7":"product_shipping_class-book-shipping","8":"uni_artist_tag-benedicte-maurseth","9":"uni_artist_tag-knut-hamre","10":"uni_artist_tag-trad","11":"uni_main_artist_tag-knut-hamre","12":"uni_artist_genre-folk-music","13":"uni_artist_genre-solo","14":"uni_artist_genre-strings","15":"uni_artist_genre-traditional","17":"first","18":"instock","19":"taxable","20":"shipping-taxable","21":"purchasable","22":"product-type-simple"},"_links":{"self":[{"href":"https:\/\/grappa.no\/no\/wp-json\/wp\/v2\/product\/35979","targetHints":{"allow":["GET"]}}],"collection":[{"href":"https:\/\/grappa.no\/no\/wp-json\/wp\/v2\/product"}],"about":[{"href":"https:\/\/grappa.no\/no\/wp-json\/wp\/v2\/types\/product"}],"replies":[{"embeddable":true,"href":"https:\/\/grappa.no\/no\/wp-json\/wp\/v2\/comments?post=35979"}],"wp:featuredmedia":[{"embeddable":true,"href":"https:\/\/grappa.no\/no\/wp-json\/wp\/v2\/media\/35980"}],"wp:attachment":[{"href":"https:\/\/grappa.no\/no\/wp-json\/wp\/v2\/media?parent=35979"}],"wp:term":[{"taxonomy":"product_brand","embeddable":true,"href":"https:\/\/grappa.no\/no\/wp-json\/wp\/v2\/product_brand?post=35979"},{"taxonomy":"product_cat","embeddable":true,"href":"https:\/\/grappa.no\/no\/wp-json\/wp\/v2\/product_cat?post=35979"},{"taxonomy":"product_tag","embeddable":true,"href":"https:\/\/grappa.no\/no\/wp-json\/wp\/v2\/product_tag?post=35979"}],"curies":[{"name":"wp","href":"https:\/\/api.w.org\/{rel}","templated":true}]}}