{"id":35976,"date":"2018-10-05T00:00:00","date_gmt":"2018-10-04T23:00:00","guid":{"rendered":"https:\/\/www.grappa.no\/no\/albums\/ukategorisert\/brodlos\/"},"modified":"2020-08-21T09:17:28","modified_gmt":"2020-08-21T08:17:28","slug":"brodlos","status":"publish","type":"product","link":"https:\/\/grappa.no\/no\/albums\/hubro\/brodlos\/","title":{"rendered":"Br\u00f8dl\u00f8s"},"content":{"rendered":"<p><\/p>\n<p>Forbl\u00f8ffende og filmatisk musikk.  Ambient m\u00f8ter country og David Bowie og Brian Eno deler en melodi med John Coltrane p\u00e5 strengemester Geir Sundst\u00f8ls forbl\u00f8ffende filmatiske tredje album \u00abBr\u00f8dl\u00f8s\u00bb.   Selv om Sundst\u00f8l (f\u00f8dt 1968) ikke solodebuterte f\u00f8r med albumet &quot;Furulund&quot; i 2015 (HUBRO), er han en av de mest aktive live- og studiomusikerne i Norge, og har bidratt p\u00e5 mer enn 300 album siden 1988. Han har turnert internasjonalt med artister s\u00e5 forskjellige som popbandet A-ha og den legendariske postjazztrumpeteren Nils Petter-Molv\u00e6r (som gj\u00f8r en viktig gjesteopptreden p\u00e5 &quot;Br\u00f8dl\u00f8s&quot;).  Sundst\u00f8l balanserer fortsatt det utforskende og lyttevennlige med stor letthet, og albumet gjestes av en lang rekke nye og gamle musikalske bekjentskaper: fra nevnte Molv\u00e6r til Erland Dahlen, David Wallumr\u00f8d, Mats Eilertsen, tablaspiller Sanskriti Sherestra og flere.<\/p>\n<p><!--more--><\/p>\n<p>Ambient m\u00f8ter country og David Bowie og Brian Eno deler en melodi med John Coltrane p\u00e5 strengemester Geir Sundst\u00f8ls forbl\u00f8ffende filmatiske tredje album \u00abBr\u00f8dl\u00f8s\u00bb.<\/p>\n<h4>Gamle og nye musikalske bekjentskaper<\/h4>\n<p>Sundst\u00f8l balanserer fortsatt det utforskende og lyttevennlige med stor letthet, og albumet gjestes av en lang rekke nye og gamle musikalske bekjentskaper: fra nevnte Molv\u00e6r til Erland Dahlen, David Wallumr\u00f8d, Mats Eilertsen, tablaspiller Sanskriti Sherestra og flere.<\/p>\n<h4><\/h4>\n<p><h4><\/h4>\n<\/p>\n<p><\/p>","protected":false},"excerpt":{"rendered":"<p>Ambient m\u00f8ter country og David Bowie og Brian Eno deler en melodi med John Coltrane p\u00e5 strengemester Geir Sundst\u00f8ls forbl\u00f8ffende filmatiske tredje album \u00abBr\u00f8dl\u00f8s\u00bb.<\/p>\n","protected":false},"featured_media":35981,"comment_status":"closed","ping_status":"open","template":"","meta":[],"product_brand":[],"product_cat":[36],"product_tag":[],"class_list":{"0":"post-35976","1":"product","2":"type-product","3":"status-publish","4":"has-post-thumbnail","6":"product_cat-hubro","7":"product_shipping_class-cddvd-shipping","8":"uni_artist_tag-brian-eno","9":"uni_artist_tag-david-bowie","10":"uni_artist_tag-david-wallumrod","11":"uni_artist_tag-erland-dahlen","12":"uni_artist_tag-geir-sundstol","13":"uni_artist_tag-jo-berger-myhre","14":"uni_artist_tag-john-coltrane","15":"uni_artist_tag-mats-eilertsen","16":"uni_artist_tag-nils-petter-molvaer","17":"uni_artist_tag-sanskriti-sheresta","18":"uni_main_artist_tag-geir-sundstol","19":"uni_artist_genre-blues","20":"uni_artist_genre-electronic","21":"uni_artist_genre-instrumental","22":"uni_artist_genre-jazz","24":"first","25":"instock","26":"taxable","27":"shipping-taxable","28":"purchasable","29":"product-type-variable","30":"has-default-attributes"},"_links":{"self":[{"href":"https:\/\/grappa.no\/no\/wp-json\/wp\/v2\/product\/35976","targetHints":{"allow":["GET"]}}],"collection":[{"href":"https:\/\/grappa.no\/no\/wp-json\/wp\/v2\/product"}],"about":[{"href":"https:\/\/grappa.no\/no\/wp-json\/wp\/v2\/types\/product"}],"replies":[{"embeddable":true,"href":"https:\/\/grappa.no\/no\/wp-json\/wp\/v2\/comments?post=35976"}],"wp:featuredmedia":[{"embeddable":true,"href":"https:\/\/grappa.no\/no\/wp-json\/wp\/v2\/media\/35981"}],"wp:attachment":[{"href":"https:\/\/grappa.no\/no\/wp-json\/wp\/v2\/media?parent=35976"}],"wp:term":[{"taxonomy":"product_brand","embeddable":true,"href":"https:\/\/grappa.no\/no\/wp-json\/wp\/v2\/product_brand?post=35976"},{"taxonomy":"product_cat","embeddable":true,"href":"https:\/\/grappa.no\/no\/wp-json\/wp\/v2\/product_cat?post=35976"},{"taxonomy":"product_tag","embeddable":true,"href":"https:\/\/grappa.no\/no\/wp-json\/wp\/v2\/product_tag?post=35976"}],"curies":[{"name":"wp","href":"https:\/\/api.w.org\/{rel}","templated":true}]}}