{"id":35973,"date":"2018-09-28T00:00:00","date_gmt":"2018-09-27T23:00:00","guid":{"rendered":"https:\/\/www.grappa.no\/no\/albums\/ukategorisert\/christian-ihle-hadland-plays-domenico-scarlatti\/"},"modified":"2019-09-02T14:32:01","modified_gmt":"2019-09-02T13:32:01","slug":"christian-ihle-hadland-plays-domenico-scarlatti","status":"publish","type":"product","link":"https:\/\/grappa.no\/no\/albums\/simax-classics\/christian-ihle-hadland-plays-domenico-scarlatti\/","title":{"rendered":"Christian Ihle Hadland plays Domenico Scarlatti"},"content":{"rendered":"<p><\/p>\n<p>Christian Ihle Hadland spiller Scarlatti<\/p>\n<p>Denne vinteren kastet Christian Ihle Hadland seg over Scarlattis musikk i Berlins ber\u00f8mte Teldex-studio. Det ble tre dager med fyrverkeri! Christian har valgt ut et knippe stykker som viser et mer nyansert bilde av Scarlatti enn vi kanskje er vant til, som han spiller med en uforlignelig stilsans. <\/p>\n<p>Kritikerne har fremhevet Hadlands store variasjon i klangbehandling, subtile frasering og syngende tone. Flere har p\u00e5pekt hans rytmef\u00f8lelse og naturlige variasjon i tempo. Christian Ihle Hadlands spill er preget av en dyp konsentrasjon som gir fremf\u00f8relsene et sterkt n\u00e6rv\u00e6r.<\/p>\n<p><!--more--><\/p>\n<p>Denne vinteren kastet Christian Ihle Hadland seg over Scarlattis musikk i Berlins ber\u00f8mte Teldex-studio. Det ble tre dager med fyrverkeri!<\/p>\n<h4>Dronningens mann<\/h4>\n<p>Italieneren Scarlatti skrev sine mer en 555 sonater mens han var i tjeneste hos det som i 1746 ble dronningen av Spania; Maria Barbara. Akkurat hvilken type virtuos han selv var kan vi kanskje lese ut av en av de f\u00e5 samtidige beskrivelsene av hans spill: &#8216;When he began to play, Rosy said, he thought ten hundred devils had been at the instrument; he never had heard such passages of execution and effect before. The performance so far surpassed his own, and every degree of perfection to which he thought it possible he should ever arrive, that, if he had been in sight of any instrument with which to have done the deed, he should have cut off his own fingers.\u2019<\/p>\n<h4>Christian Ihle Hadland<\/h4>\n<p>Hadland har etablert seg i det europeiske tetsjiktet som solist, soloartist og kammermusiker. Fra 2009 har han v\u00e6rt kunstnerisk leder for Stavanger Internasjonale Kammermusikkfestival. Han er ogs\u00e5 tilknyttet Prof. Jiri Hlinka Piano Academy. Christian ga ut sitt debut-soloalbum i 2010 for Simax Classics. Denne innspillingen inneholder verker av Chopin og Schumann p\u00e5 deres 200 \u00e5rs jubileum, og har vakt stor interesse og f\u00e5tt mange sv\u00e6rt gode anmeldelser. I 2012 ga Hadland ut Mozarts klaverkonserter nr. 21 og 22 med Oslo Filharmoniske Orkester, til str\u00e5lende mottagelse. Christians innspilling av Holberg-suiten vant Spellemannsprisen i 2015.<\/p>\n<h4>Dette skriver kritikerne n\u00e5r de h\u00f8rer Hadland:<\/h4>\n<p>\u2013 Det er noe dunlett over Ihle Hadlands spill, det er som om han trekker tonene opp av tangentene. Han vet ogs\u00e5 og inderlig at Mozart lodder dypere enn det lekre, tragedien ligger alltid der \u2013 stupene under, hvor han likevel leker fram skj\u00f8nnheten. [Olav Egil Aune \/ V\u00e5rt Land]<\/p>\n<p>Album of the week! \u2013 Hadland&#8217;s refreshingly speedy interpretation injects some of the composer&#8217;s signature cheeky charm back into the piece. The sense of ensemble is impeccable throughout &#8211; as the horns echo the piano, or the piano echoes the strings, you can almost see the twinkle of joy in Mozart&#8217;s eye as the cheery tunes are bounced effortlessly between each section of the orchestra. [John Suchet \/ Classic FM]<\/p>\n<p>\u2013 Christian Ihle Hadlands tolkning av klaverutgaven [Holberg] er helt overlegen alt jeg har h\u00f8rt. [Kjell Hillveg \/ Dagsavisen]<\/p>\n<p><\/p>","protected":false},"excerpt":{"rendered":"<p>\u2013 Christian Ihle Hadland er sannelig en gave til norsk musikkliv. [Klassekampen]<\/p>\n","protected":false},"featured_media":35974,"comment_status":"closed","ping_status":"open","template":"","meta":[],"product_brand":[],"product_cat":[180],"product_tag":[],"class_list":{"0":"post-35973","1":"product","2":"type-product","3":"status-publish","4":"has-post-thumbnail","6":"product_cat-simax-classics","7":"product_shipping_class-cddvd-shipping","8":"uni_artist_tag-christian-ihle-hadland","9":"uni_artist_tag-domenico-scarlatti","10":"uni_artist_tag-krzysztof-drab","11":"uni_main_artist_tag-christian-ihle-hadland","12":"uni_artist_genre-classical","13":"uni_artist_genre-nominated-for-norwegian-grammy-nominert-til-spellemannprisen","14":"uni_artist_genre-piano","16":"first","17":"instock","18":"taxable","19":"shipping-taxable","20":"purchasable","21":"product-type-simple"},"_links":{"self":[{"href":"https:\/\/grappa.no\/no\/wp-json\/wp\/v2\/product\/35973","targetHints":{"allow":["GET"]}}],"collection":[{"href":"https:\/\/grappa.no\/no\/wp-json\/wp\/v2\/product"}],"about":[{"href":"https:\/\/grappa.no\/no\/wp-json\/wp\/v2\/types\/product"}],"replies":[{"embeddable":true,"href":"https:\/\/grappa.no\/no\/wp-json\/wp\/v2\/comments?post=35973"}],"wp:featuredmedia":[{"embeddable":true,"href":"https:\/\/grappa.no\/no\/wp-json\/wp\/v2\/media\/35974"}],"wp:attachment":[{"href":"https:\/\/grappa.no\/no\/wp-json\/wp\/v2\/media?parent=35973"}],"wp:term":[{"taxonomy":"product_brand","embeddable":true,"href":"https:\/\/grappa.no\/no\/wp-json\/wp\/v2\/product_brand?post=35973"},{"taxonomy":"product_cat","embeddable":true,"href":"https:\/\/grappa.no\/no\/wp-json\/wp\/v2\/product_cat?post=35973"},{"taxonomy":"product_tag","embeddable":true,"href":"https:\/\/grappa.no\/no\/wp-json\/wp\/v2\/product_tag?post=35973"}],"curies":[{"name":"wp","href":"https:\/\/api.w.org\/{rel}","templated":true}]}}