{"id":35954,"date":"2018-10-05T00:00:00","date_gmt":"2018-10-04T23:00:00","guid":{"rendered":"https:\/\/www.grappa.no\/no\/albums\/ukategorisert\/ballade-tragica-halfdan-cleve-chamber-works\/"},"modified":"2019-10-07T13:50:01","modified_gmt":"2019-10-07T12:50:01","slug":"ballade-tragica-halfdan-cleve-chamber-works","status":"publish","type":"product","link":"https:\/\/grappa.no\/no\/albums\/simax-classics\/ballade-tragica-halfdan-cleve-chamber-works\/","title":{"rendered":"Ballade Tragica \u2013 Halfdan Cleve Chamber Works"},"content":{"rendered":"<p><\/p>\n<p>Halfdan Cleves musikk endelig p\u00e5 plate.<\/p>\n<p>Verdenspremiere p\u00e5 Halfdan Cleves kammermusikk p\u00e5 CD. Tor Johan B\u00f8en har tatt oppgaven med \u00e5 bringe Cleve frem i lyset, og gj\u00f8re hans musikk tilgjengelig for et bredere publikum. Ikke bare var Cleve en meget suksessfull komponist, men ble ogs\u00e5 regnet som en av Nordens st\u00f8rste klavervirtuoser. Halfdan Cleves musikk har v\u00e6rt neglisjert i snart 70 \u00e5r: Flere av hans komposisjoner eksisterer kun som manuskripter, det finnes ingen st\u00f8rre biografi om ham, og det er gjort minimalt med forskningsarbeid p\u00e5 hans liv og musikalske virksomhet \u2013 inntil n\u00e5.<\/p>\n<p><!--more--><\/p>\n<p>Verdenspremiere p\u00e5 Halfdan Cleves kammermusikk p\u00e5 CD. Tor Johan B\u00f8en har tatt oppgaven med \u00e5 bringe Cleve frem i lyset, og gj\u00f8re hans musikk tilgjengelig for et bredere publikum. Ikke bare var Cleve en meget suksessfull komponist, men ble ogs\u00e5 regnet som en av Nordens st\u00f8rste klavervirtuoser.<\/p>\n<h4>Frem i lyset, inn i varmen<\/h4>\n<p>Halfdan Cleves musikk har v\u00e6rt neglisjert i snart 70 \u00e5r: Flere av hans komposisjoner eksisterer kun som manuskripter, det finnes ingen st\u00f8rre biografi om ham, og det er gjort minimalt med forskningsarbeid p\u00e5 hans liv og musikalske virksomhet \u2013 inntil n\u00e5. Tor Johan B\u00f8en har tatt p\u00e5 seg oppgaven \u00e5 bringe den \u00abglemte\u00bb komponisten inn i varmen igjen, og gj\u00f8re en av Norges viktigste komponisters musikk tilgjengelig for et bredere publikum.<\/p>\n<h4>Verdenspremiere<\/h4>\n<p>P\u00e5 denne verdenspremiereutgivelsen fremf\u00f8rer Fragaria Vesca med Tor Johan B\u00f8en (fiolin), Sanae Yoshida (klaver), Alison Rayner (fiolin), B\u00e9n\u00e9dicte Royer (bratsj) og Aur\u00e9lienne Brauner (cello), en rekke av Cleves kammermusikkverker \u2013 hvorav de fleste aldri tidligere er blitt utgitt p\u00e5 CD. Basert p\u00e5 komponistens manuskripter har B\u00f8en laget nye noteutgaver av flere av hans verker, og det grundige arbeidet har b\u00e5ret frukter: Tor Johan B\u00f8en og hans medspillere formidler Cleves verker p\u00e5 mesterlig vis. Fragaria Vesca har tidligere presentert hittil ukjent musikk av blant annet Geirr Tveitt og David Monrad Johansen til stor begeistring fra pressen: \u2013 Veldig flott. Utgivelsen gir inntrykk av \u00e5 v\u00e6re skapt i kammermusikkens \u00e5nd. Med andre ord, en h\u00f8yst velkommen tilvekst med hittil ukjent musikk av en v\u00e5re aller st\u00f8rste kompositoriske begavelser noensinne. [Kjell Hillveg \/ Dagsavisen]<\/p>\n<h4><\/h4>\n<\/p>\n<p><\/p>","protected":false},"excerpt":{"rendered":"<p>Tor Johan B\u00f8en har tatt oppgaven med \u00e5 bringe Cleve frem i lyset, og gj\u00f8re hans musikk tilgjengelig for et bredere publikum.<\/p>\n","protected":false},"featured_media":35955,"comment_status":"closed","ping_status":"open","template":"","meta":[],"product_brand":[],"product_cat":[180],"product_tag":[],"class_list":{"0":"post-35954","1":"product","2":"type-product","3":"status-publish","4":"has-post-thumbnail","6":"product_cat-simax-classics","7":"product_shipping_class-cddvd-shipping","8":"uni_artist_tag-aurelienne-brauner","9":"uni_artist_tag-benedicte-royer","10":"uni_artist_tag-fragaria-vesca","11":"uni_artist_tag-halfdan-cleve","12":"uni_artist_tag-jorn-pedersen","13":"uni_artist_tag-per-kristian-skalstad","14":"uni_artist_tag-sanae-yoshida","15":"uni_artist_tag-stephen-frost","16":"uni_artist_tag-tor-johan-boen","17":"uni_main_artist_tag-fragaria-vesca","18":"uni_artist_genre-chamber-music","19":"uni_artist_genre-world-premiere-recording","21":"first","22":"instock","23":"taxable","24":"shipping-taxable","25":"purchasable","26":"product-type-simple"},"_links":{"self":[{"href":"https:\/\/grappa.no\/no\/wp-json\/wp\/v2\/product\/35954","targetHints":{"allow":["GET"]}}],"collection":[{"href":"https:\/\/grappa.no\/no\/wp-json\/wp\/v2\/product"}],"about":[{"href":"https:\/\/grappa.no\/no\/wp-json\/wp\/v2\/types\/product"}],"replies":[{"embeddable":true,"href":"https:\/\/grappa.no\/no\/wp-json\/wp\/v2\/comments?post=35954"}],"wp:featuredmedia":[{"embeddable":true,"href":"https:\/\/grappa.no\/no\/wp-json\/wp\/v2\/media\/35955"}],"wp:attachment":[{"href":"https:\/\/grappa.no\/no\/wp-json\/wp\/v2\/media?parent=35954"}],"wp:term":[{"taxonomy":"product_brand","embeddable":true,"href":"https:\/\/grappa.no\/no\/wp-json\/wp\/v2\/product_brand?post=35954"},{"taxonomy":"product_cat","embeddable":true,"href":"https:\/\/grappa.no\/no\/wp-json\/wp\/v2\/product_cat?post=35954"},{"taxonomy":"product_tag","embeddable":true,"href":"https:\/\/grappa.no\/no\/wp-json\/wp\/v2\/product_tag?post=35954"}],"curies":[{"name":"wp","href":"https:\/\/api.w.org\/{rel}","templated":true}]}}