{"id":35947,"date":"2018-09-14T00:00:00","date_gmt":"2018-09-13T23:00:00","guid":{"rendered":"https:\/\/www.grappa.no\/no\/albums\/ukategorisert\/states-of-minds\/"},"modified":"2020-08-21T09:16:55","modified_gmt":"2020-08-21T08:16:55","slug":"states-of-minds","status":"publish","type":"product","link":"https:\/\/grappa.no\/no\/albums\/hubro\/states-of-minds\/","title":{"rendered":"States Of Minds"},"content":{"rendered":"<p><\/p>\n<p>Ruvende og storsl\u00e5tt  Det sjokkerende nye m\u00f8ter nostalgiske synther, friform rock, r\u00f8ff blues og harmolodisk funk p\u00e5 saxmester Kjetil M\u00f8sters selvtitulerte band M\u00f8ster!s sjangerdefinerende nye studioalbum. Bandet M\u00f8ster! best\u00e5r av Motorpsycho-gitaristen Hans Magnus Ryan (aka Snah), ex-Motorpsycho og Grand General trommeslager Kenneth Kapstad og Nikolai H\u00e6ngsle (Elephant 9 og Needlepoint) p\u00e5 elektrisk bass. I tillegg bidrar studio-legende J\u00f8rgen Tr\u00e6en p\u00e5 modul\u00e6rsynther og lap steel gitar. &#8216;States of Minds&#8217; er et ruvende, storsl\u00e5tt og vidtrekkende dobbeltalbum &#8211; og bandets sterkeste utgivelse s\u00e5 langt.<\/p>\n<p><!--more--><\/p>\n<p>Det sjokkerende nye m\u00f8ter nostalgiske synther, friform rock, r\u00f8ff blues og harmolodisk funk p\u00e5 saxmester Kjetil M\u00f8sters selvtitulerte band M\u00f8ster!s sjangerdefinerende nye studioalbum. Bandet M\u00f8ster! best\u00e5r av Motorpsycho-gitaristen Hans Magnus Ryan (aka Snah), ex-Motorpsycho og Grand General trommeslager Kenneth Kapstad og Nikolai H\u00e6ngsle (Elephant 9 og Needlepoint) p\u00e5 elektrisk bass. I tillegg bidrar studio-legende J\u00f8rgen Tr\u00e6en p\u00e5 modul\u00e6rsynther og lap steel gitar. &#8216;States of Minds&#8217; er et ruvende, storsl\u00e5tt og vidtrekkende dobbeltalbum &#8211; og bandets sterkeste utgivelse s\u00e5 langt.<\/p>\n<h4><\/h4>\n<\/p>\n<h4><\/h4>\n<p><h4><\/h4>\n<\/p>\n<p><\/p>","protected":false},"excerpt":{"rendered":"<p>Det sjokkerende nye m\u00f8ter nostalgiske synther, friform rock, r\u00f8ff blues og harmolodisk funk p\u00e5 saxmester Kjetil M\u00f8sters selvtitulerte band M\u00f8ster!s sjangerdefinerende nye studioalbum.<\/p>\n","protected":false},"featured_media":35920,"comment_status":"closed","ping_status":"open","template":"","meta":[],"product_brand":[],"product_cat":[36],"product_tag":[],"class_list":{"0":"post-35947","1":"product","2":"type-product","3":"status-publish","4":"has-post-thumbnail","6":"product_cat-hubro","7":"product_shipping_class-cddvd-shipping","8":"uni_artist_tag-hans-magnus-ryan","9":"uni_artist_tag-jorgen-traeen","10":"uni_artist_tag-kenneth-kapstad","11":"uni_artist_tag-kjetil-traavik-moster","12":"uni_artist_tag-moster","13":"uni_artist_tag-nikolai-haengsle-eilertsen","14":"uni_main_artist_tag-moster","15":"uni_artist_genre-instrumental","16":"uni_artist_genre-jazz","17":"uni_artist_genre-rock","19":"first","20":"instock","21":"taxable","22":"shipping-taxable","23":"purchasable","24":"product-type-variable","25":"has-default-attributes"},"_links":{"self":[{"href":"https:\/\/grappa.no\/no\/wp-json\/wp\/v2\/product\/35947","targetHints":{"allow":["GET"]}}],"collection":[{"href":"https:\/\/grappa.no\/no\/wp-json\/wp\/v2\/product"}],"about":[{"href":"https:\/\/grappa.no\/no\/wp-json\/wp\/v2\/types\/product"}],"replies":[{"embeddable":true,"href":"https:\/\/grappa.no\/no\/wp-json\/wp\/v2\/comments?post=35947"}],"wp:featuredmedia":[{"embeddable":true,"href":"https:\/\/grappa.no\/no\/wp-json\/wp\/v2\/media\/35920"}],"wp:attachment":[{"href":"https:\/\/grappa.no\/no\/wp-json\/wp\/v2\/media?parent=35947"}],"wp:term":[{"taxonomy":"product_brand","embeddable":true,"href":"https:\/\/grappa.no\/no\/wp-json\/wp\/v2\/product_brand?post=35947"},{"taxonomy":"product_cat","embeddable":true,"href":"https:\/\/grappa.no\/no\/wp-json\/wp\/v2\/product_cat?post=35947"},{"taxonomy":"product_tag","embeddable":true,"href":"https:\/\/grappa.no\/no\/wp-json\/wp\/v2\/product_tag?post=35947"}],"curies":[{"name":"wp","href":"https:\/\/api.w.org\/{rel}","templated":true}]}}