{"id":35945,"date":"2018-09-21T00:00:00","date_gmt":"2018-09-20T23:00:00","guid":{"rendered":"https:\/\/www.grappa.no\/no\/albums\/ukategorisert\/fyrsta-morginn-music-for-voluspa\/"},"modified":"2019-09-25T08:54:09","modified_gmt":"2019-09-25T07:54:09","slug":"fyrsta-morginn-music-for-voluspa","status":"publish","type":"product","link":"https:\/\/grappa.no\/no\/albums\/heilo\/fyrsta-morginn-music-for-voluspa\/","title":{"rendered":"Fyrsta morginn &#8211; Music for Volusp\u00e1"},"content":{"rendered":"<p><\/p>\n<p>Ny musikk av 1000 \u00e5r gammelt dikt.<\/p>\n<p>Anne Hytta og ensemblet Tokso har laget musikk til det gamle norr\u00f8ne visjonsdiktet Volusp\u00e1. Diktet skildrer en vakker verden som rives i stykker av destruktive krefter. Kanskje resonnerer det tusen \u00e5r gamle diktet litt mer med v\u00e5r samtid enn vi skulle \u00f8nske.<br \/>\nDet er duket for store kontraster n\u00e5r den internasjonale folk-strykekvartetten Tokso slipper ny CD inspirert av Volusp\u00e1. En streng av stille kraft vibrerer gjennom Toksos nye utgivelse, hvor musikken omfavner frykten, desperasjonen og m\u00f8rket. Men like mye er musikken fylt av kj\u00e6rlighet, undring og h\u00e5p for den vakre jorda vi deler.<\/p>\n<p><!--more--><\/p>\n<p>Anne Hytta og ensemblet Tokso har laget musikk til det gamle norr\u00f8ne visjonsdiktet Volusp\u00e1. Diktet skildrer en vakker verden som rives i stykker av destruktive krefter. Kanskje resonnerer det tusen \u00e5r gamle diktet litt mer med v\u00e5r samtid enn vi skulle \u00f8nske.<\/p>\n<h4><\/h4>\n<p>\u2013 Volusp\u00e1 gir meg ilinger nedover ryggraden. Bak de korte, direkte setningene ligger en hel verden av historie og bilder som skapes forbi ordene hos leseren. Diktet kan gi meg samme fornemmelse som n\u00e5r jeg har sterke musikalske opplevelser \u2013 jeg blir koblet til f\u00f8lelser forbi ordene. Da kjennes det veldig naturlig \u00e5 skape musikk, sier Anne Hytta, som har skrevet musikken p\u00e5 albumet Fyrsta morginn.<br \/>\nDiktet g\u00e5r fra harmoni og balanse til den totale \u00f8deleggelse, men ender i et h\u00e5p.<br \/>\n\u2013 Jeg synes Volusp\u00e1 kan v\u00e6re ubehagelig \u00e5 lese, fordi diktet beskriver en \u00f8deleggelse som det er lett \u00e5 se paralleller til i v\u00e5r egen samtid, men f\u00f8rst og fremst synes jeg de vakre bildene av verdens skapelse b\u00e6rer en varme full av glede og god energi. Det h\u00e5per jeg musikken ogs\u00e5 kan illustrere, sier Hytta.<\/p>\n<h4><\/h4>\n<p>Medlemmene i Tokso har fotfeste i tradisjonsmusikkens smidige melodilinjer, og spiller folkeinstrumenter som setter hele 54 strenger i sving. I september er det 10 \u00e5r siden kvartetten Tokso m\u00f8ttes f\u00f8rste gang, s\u00e5 utgivelsen og turneen markerer ogs\u00e5 et jubileum. Historien om den utradisjonelle strykekvartetten startet h\u00f8sten 2008, da Anne Hytta ble spurt om \u00e5 sette sammen et nytt prosjekt til Melafestivalen i Oslo, og hun kontaktet Eng, Billy og Thoma, som hun kjente fra ulike sammenhenger. Alle \u00f8nsket heldigvis \u00e5 v\u00e6re med, og Tokso ble en kvartett som tross medlemmenes ulike musikalske og geografiske tilh\u00f8righet, umiddelbart fant tonen sammen.<\/p>\n<h4><\/h4>\n<p>Tonen har de holdt fast ved, og opp gjennom \u00e5rene har de spilt konserter i Norge, Frankrike og p\u00e5 Kreta. F\u00f8rste album, Tokso, ble utgitt i 2011, Cor Amant ble sluppet i 2014, og i \u00e5r kommer alts\u00e5 Fyrsta morginn p\u00e5 Heilo\/Grappa musikkforlag. P\u00e5 denne utgivelsen er de forsterket av bassist Jo Skaansar og perkusjonist Bijan Chemirani, som bidrar med groove, og gir Tokso et enda rikere lydbilde.<\/p>\n<p><\/p>","protected":false},"excerpt":{"rendered":"<p>\u2013 Volusp\u00e1 gir meg ilinger nedover ryggraden. [Anne Hytta]<\/p>\n","protected":false},"featured_media":35946,"comment_status":"closed","ping_status":"open","template":"","meta":[],"product_brand":[],"product_cat":[35],"product_tag":[],"class_list":{"0":"post-35945","1":"product","2":"type-product","3":"status-publish","4":"has-post-thumbnail","6":"product_cat-heilo","7":"product_shipping_class-cddvd-shipping","8":"uni_artist_tag-anne-hytta","9":"uni_artist_tag-bijan-chemirani","10":"uni_artist_tag-eleonore-billy","11":"uni_artist_tag-jo-skaansar","12":"uni_artist_tag-kelly-thoma","13":"uni_artist_tag-sigrun-eng","14":"uni_artist_tag-tokso","15":"uni_main_artist_tag-tokso","16":"uni_artist_genre-traditional","18":"first","19":"instock","20":"taxable","21":"shipping-taxable","22":"purchasable","23":"product-type-simple"},"_links":{"self":[{"href":"https:\/\/grappa.no\/no\/wp-json\/wp\/v2\/product\/35945","targetHints":{"allow":["GET"]}}],"collection":[{"href":"https:\/\/grappa.no\/no\/wp-json\/wp\/v2\/product"}],"about":[{"href":"https:\/\/grappa.no\/no\/wp-json\/wp\/v2\/types\/product"}],"replies":[{"embeddable":true,"href":"https:\/\/grappa.no\/no\/wp-json\/wp\/v2\/comments?post=35945"}],"wp:featuredmedia":[{"embeddable":true,"href":"https:\/\/grappa.no\/no\/wp-json\/wp\/v2\/media\/35946"}],"wp:attachment":[{"href":"https:\/\/grappa.no\/no\/wp-json\/wp\/v2\/media?parent=35945"}],"wp:term":[{"taxonomy":"product_brand","embeddable":true,"href":"https:\/\/grappa.no\/no\/wp-json\/wp\/v2\/product_brand?post=35945"},{"taxonomy":"product_cat","embeddable":true,"href":"https:\/\/grappa.no\/no\/wp-json\/wp\/v2\/product_cat?post=35945"},{"taxonomy":"product_tag","embeddable":true,"href":"https:\/\/grappa.no\/no\/wp-json\/wp\/v2\/product_tag?post=35945"}],"curies":[{"name":"wp","href":"https:\/\/api.w.org\/{rel}","templated":true}]}}