{"id":35916,"date":"2018-09-14T00:00:00","date_gmt":"2018-09-13T23:00:00","guid":{"rendered":"https:\/\/www.grappa.no\/no\/albums\/ukategorisert\/labyrinter\/"},"modified":"2019-04-01T05:35:59","modified_gmt":"2019-04-01T04:35:59","slug":"labyrinter","status":"publish","type":"product","link":"https:\/\/grappa.no\/no\/albums\/grappa\/labyrinter\/","title":{"rendered":"Labyrinter!"},"content":{"rendered":"<p><\/p>\n<p>Musikantene kommer!<\/p>\n<p>Karoline Kr\u00fcger gav for 14 \u00e5r siden ut sitt Spellemannsnominerte album \u201dDe to stemmer\u201d basert p\u00e5 dikteren Andr\u00e9 Bjerkes tekster. I \u00e5r \u2013\u00a0i anledning Bjerkes 100-\u00e5rsjubileum &#8211; gir hun ut sin oppf\u00f8lger: &quot;Labyrinter!&quot;, hvor hun har skrevet musikk til Bjerkes barnetekster<\/p>\n<p>&quot;De har st\u00e5tt oppsl\u00e5tt p\u00e5 mitt piano nesten helt siden forrige utgivelse;\u00a0viltre og lekende, og tidvis tungebrekkende dikt. Og s\u00e5 rytmiske i formen at de nesten ber om musikkf\u00f8lge. Jeg tenker at Bjerke gjennom dem, som den smarte fyren han var, insisterende tegner ut sitt credo: leken som fundamentalt livspremiss.&quot; -Karoline Kr\u00fcger<\/p>\n<p><!--more--><\/p>\n<h4><\/h4>\n<\/p>\n<h4><\/h4>\n<p><h4><\/h4>\n<\/p>\n<p><\/p>","protected":false},"excerpt":{"rendered":"<p>Karoline Kr\u00fcger har i anledning Andr\u00e9 Bjerkes 100-\u00e5rsjubileum skrevet musikk til hans barnetekster.<\/p>\n","protected":false},"featured_media":35917,"comment_status":"closed","ping_status":"open","template":"","meta":[],"product_brand":[],"product_cat":[6],"product_tag":[],"class_list":{"0":"post-35916","1":"product","2":"type-product","3":"status-publish","4":"has-post-thumbnail","6":"product_cat-grappa","7":"product_shipping_class-cddvd-shipping","8":"uni_artist_tag-atle-halstensen","9":"uni_artist_tag-eline-sundal","10":"uni_artist_tag-karoline-kruger","11":"uni_artist_tag-kato-adland","12":"uni_artist_tag-sjur-hjeltnes","13":"uni_artist_tag-snorre-bjerck","14":"uni_main_artist_tag-karoline-kruger","15":"uni_artist_genre-children","17":"first","18":"instock","19":"taxable","20":"shipping-taxable","21":"purchasable","22":"product-type-simple"},"_links":{"self":[{"href":"https:\/\/grappa.no\/no\/wp-json\/wp\/v2\/product\/35916","targetHints":{"allow":["GET"]}}],"collection":[{"href":"https:\/\/grappa.no\/no\/wp-json\/wp\/v2\/product"}],"about":[{"href":"https:\/\/grappa.no\/no\/wp-json\/wp\/v2\/types\/product"}],"replies":[{"embeddable":true,"href":"https:\/\/grappa.no\/no\/wp-json\/wp\/v2\/comments?post=35916"}],"wp:featuredmedia":[{"embeddable":true,"href":"https:\/\/grappa.no\/no\/wp-json\/wp\/v2\/media\/35917"}],"wp:attachment":[{"href":"https:\/\/grappa.no\/no\/wp-json\/wp\/v2\/media?parent=35916"}],"wp:term":[{"taxonomy":"product_brand","embeddable":true,"href":"https:\/\/grappa.no\/no\/wp-json\/wp\/v2\/product_brand?post=35916"},{"taxonomy":"product_cat","embeddable":true,"href":"https:\/\/grappa.no\/no\/wp-json\/wp\/v2\/product_cat?post=35916"},{"taxonomy":"product_tag","embeddable":true,"href":"https:\/\/grappa.no\/no\/wp-json\/wp\/v2\/product_tag?post=35916"}],"curies":[{"name":"wp","href":"https:\/\/api.w.org\/{rel}","templated":true}]}}